{"id":6545,"date":"2022-03-08T11:58:27","date_gmt":"2022-03-08T10:58:27","guid":{"rendered":"https:\/\/plastisol-transfer.com\/?post_type=product&#038;p=6545"},"modified":"2026-04-17T14:58:22","modified_gmt":"2026-04-17T12:58:22","slug":"bezplatny-probnik-transferow","status":"publish","type":"product","link":"https:\/\/plastisol-transfer.com\/en\/product\/free-sample-pack\/","title":{"rendered":"Free sample pack"},"content":{"rendered":"<p>We want to show off our products to you, which is why we give you the opportunity to order a free sample of our selected products. By ordering the sampler you will be able to check the quality of our transfers in person. The sampler contains our most frequently purchased products with a set of our selected graphics. These include both ready-to-apply transfers and already transferred heat transfers<\/p>\n<p>Sampler includes: Transfer ONE Black&amp;White, Transfer ONE Silver&amp;Gold, Transfer FULL White&amp;Clear, Transfer ELASTIC, Transfer REFLECTIVE, Transfer DTF.<\/p>","protected":false},"excerpt":{"rendered":"<p>Chcemy pochwali\u0107 si\u0119 Tobie naszymi produktami, dlatego umo\u017cliwiamy zam\u00f3wienie bezp\u0142atnego pr\u00f3bnika naszych wybranych produkt\u00f3w. Zamawiaj\u0105c pr\u00f3bnik b\u0119dziesz m\u00f3g\u0142 osobi\u015bcie sprawdzi\u0107 jako\u015b\u0107 naszych transfer\u00f3w. Pr\u00f3bnik zawiera nasze najcz\u0119\u015bciej kupowane produkty z zestawem wybranych przez nas grafik. S\u0105 to zar\u00f3wno transfery gotowe do aplikacji jak i ju\u017c gotowe wytransferowane nadruki termotransferowe. Pr\u00f3bnik zawiera: Transfer ONE Black&amp;White, Transfer [&hellip;]<\/p>","protected":false},"featured_media":6792,"template":"","meta":[],"product_brand":[],"product_cat":[425],"product_tag":[],"class_list":{"0":"post-6545","1":"product","2":"type-product","3":"status-publish","4":"has-post-thumbnail","6":"product_cat-bezplatne-probki","8":"first","9":"instock","10":"sold-individually","11":"taxable","12":"shipping-taxable","13":"purchasable","14":"product-type-simple"},"yoast_head":"<!-- This site is optimized with the Yoast SEO plugin v27.4 - https:\/\/yoast.com\/product\/yoast-seo-wordpress\/ -->\n<title>Bezp\u0142atny pr\u00f3bnik transfer\u00f3w - Plastisol-Transfer.com | Press Your Success<\/title>\n<meta name=\"description\" content=\"Chcemy pochwali\u0107 si\u0119 Tobie naszymi produktami, dlatego umo\u017cliwiamy zam\u00f3wienie bezp\u0142atnego pr\u00f3bnika transfer\u00f3w.\" \/>\n<meta name=\"robots\" content=\"index, follow, max-snippet:-1, max-image-preview:large, max-video-preview:-1\" \/>\n<link rel=\"canonical\" href=\"https:\/\/plastisol-transfer.com\/en\/product\/free-sample-pack\/\" \/>\n<meta property=\"og:locale\" content=\"en_GB\" \/>\n<meta property=\"og:type\" content=\"article\" \/>\n<meta property=\"og:title\" content=\"Bezp\u0142atny pr\u00f3bnik transfer\u00f3w - Plastisol-Transfer.com | Press Your Success\" \/>\n<meta property=\"og:description\" content=\"Chcemy pochwali\u0107 si\u0119 Tobie naszymi produktami, dlatego umo\u017cliwiamy zam\u00f3wienie bezp\u0142atnego pr\u00f3bnika transfer\u00f3w.\" \/>\n<meta property=\"og:url\" content=\"https:\/\/plastisol-transfer.com\/en\/product\/free-sample-pack\/\" \/>\n<meta property=\"og:site_name\" content=\"Plastisol-Transfer.com | Press Your Success\" \/>\n<meta property=\"article:publisher\" content=\"https:\/\/www.facebook.com\/sitodrukowy\/\" \/>\n<meta property=\"article:modified_time\" content=\"2026-04-17T12:58:22+00:00\" \/>\n<meta property=\"og:image\" content=\"https:\/\/plastisol-transfer.com\/wp-content\/uploads\/2022\/03\/Probnik.jpg\" \/>\n\t<meta property=\"og:image:width\" content=\"2000\" \/>\n\t<meta property=\"og:image:height\" content=\"2000\" \/>\n\t<meta property=\"og:image:type\" content=\"image\/jpeg\" \/>\n<meta name=\"twitter:card\" content=\"summary_large_image\" \/>\n<meta name=\"twitter:site\" content=\"@plasttransfer\" \/>\n<meta name=\"twitter:label1\" content=\"Estimated reading time\" \/>\n\t<meta name=\"twitter:data1\" content=\"1 minute\" \/>\n<script type=\"application\/ld+json\" class=\"yoast-schema-graph\">{\"@context\":\"https:\\\/\\\/schema.org\",\"@graph\":[{\"@type\":[\"WebPage\",\"ItemPage\"],\"@id\":\"https:\\\/\\\/plastisol-transfer.com\\\/produkt\\\/bezplatny-probnik-transferow\\\/\",\"url\":\"https:\\\/\\\/plastisol-transfer.com\\\/produkt\\\/bezplatny-probnik-transferow\\\/\",\"name\":\"Bezp\u0142atny pr\u00f3bnik transfer\u00f3w - Plastisol-Transfer.com | Press Your Success\",\"isPartOf\":{\"@id\":\"https:\\\/\\\/plastisol-transfer.com\\\/#website\"},\"primaryImageOfPage\":{\"@id\":\"https:\\\/\\\/plastisol-transfer.com\\\/produkt\\\/bezplatny-probnik-transferow\\\/#primaryimage\"},\"image\":{\"@id\":\"https:\\\/\\\/plastisol-transfer.com\\\/produkt\\\/bezplatny-probnik-transferow\\\/#primaryimage\"},\"thumbnailUrl\":\"https:\\\/\\\/plastisol-transfer.com\\\/wp-content\\\/uploads\\\/2022\\\/03\\\/Probnik.jpg\",\"datePublished\":\"2022-03-08T10:58:27+00:00\",\"dateModified\":\"2026-04-17T12:58:22+00:00\",\"description\":\"Chcemy pochwali\u0107 si\u0119 Tobie naszymi produktami, dlatego umo\u017cliwiamy zam\u00f3wienie bezp\u0142atnego pr\u00f3bnika transfer\u00f3w.\",\"breadcrumb\":{\"@id\":\"https:\\\/\\\/plastisol-transfer.com\\\/produkt\\\/bezplatny-probnik-transferow\\\/#breadcrumb\"},\"inLanguage\":\"en-GB\",\"potentialAction\":[{\"@type\":\"ReadAction\",\"target\":[\"https:\\\/\\\/plastisol-transfer.com\\\/produkt\\\/bezplatny-probnik-transferow\\\/\"]}]},{\"@type\":\"ImageObject\",\"inLanguage\":\"en-GB\",\"@id\":\"https:\\\/\\\/plastisol-transfer.com\\\/produkt\\\/bezplatny-probnik-transferow\\\/#primaryimage\",\"url\":\"https:\\\/\\\/plastisol-transfer.com\\\/wp-content\\\/uploads\\\/2022\\\/03\\\/Probnik.jpg\",\"contentUrl\":\"https:\\\/\\\/plastisol-transfer.com\\\/wp-content\\\/uploads\\\/2022\\\/03\\\/Probnik.jpg\",\"width\":2000,\"height\":2000,\"caption\":\"Pr\u00f3bnik\"},{\"@type\":\"BreadcrumbList\",\"@id\":\"https:\\\/\\\/plastisol-transfer.com\\\/produkt\\\/bezplatny-probnik-transferow\\\/#breadcrumb\",\"itemListElement\":[{\"@type\":\"ListItem\",\"position\":1,\"name\":\"Nadruki termotransferowe\",\"item\":\"https:\\\/\\\/plastisol-transfer.com\\\/\"},{\"@type\":\"ListItem\",\"position\":2,\"name\":\"Bezp\u0142atny pr\u00f3bnik transfer\u00f3w\"}]},{\"@type\":\"WebSite\",\"@id\":\"https:\\\/\\\/plastisol-transfer.com\\\/#website\",\"url\":\"https:\\\/\\\/plastisol-transfer.com\\\/\",\"name\":\"Plastisol-Transfer.com | Press Your Success\",\"description\":\"Nadruki termotransferowe\",\"publisher\":{\"@id\":\"https:\\\/\\\/plastisol-transfer.com\\\/#organization\"},\"potentialAction\":[{\"@type\":\"SearchAction\",\"target\":{\"@type\":\"EntryPoint\",\"urlTemplate\":\"https:\\\/\\\/plastisol-transfer.com\\\/?s={search_term_string}\"},\"query-input\":{\"@type\":\"PropertyValueSpecification\",\"valueRequired\":true,\"valueName\":\"search_term_string\"}}],\"inLanguage\":\"en-GB\"},{\"@type\":\"Organization\",\"@id\":\"https:\\\/\\\/plastisol-transfer.com\\\/#organization\",\"name\":\"Plastisol-Transfer.com | Press Your Success\",\"url\":\"https:\\\/\\\/plastisol-transfer.com\\\/\",\"logo\":{\"@type\":\"ImageObject\",\"inLanguage\":\"en-GB\",\"@id\":\"https:\\\/\\\/plastisol-transfer.com\\\/#\\\/schema\\\/logo\\\/image\\\/\",\"url\":\"https:\\\/\\\/plastisol-transfer.com\\\/wp-content\\\/uploads\\\/2022\\\/03\\\/logo_pt_new_color.png\",\"contentUrl\":\"https:\\\/\\\/plastisol-transfer.com\\\/wp-content\\\/uploads\\\/2022\\\/03\\\/logo_pt_new_color.png\",\"width\":499,\"height\":127,\"caption\":\"Plastisol-Transfer.com | Press Your Success\"},\"image\":{\"@id\":\"https:\\\/\\\/plastisol-transfer.com\\\/#\\\/schema\\\/logo\\\/image\\\/\"},\"sameAs\":[\"https:\\\/\\\/www.facebook.com\\\/sitodrukowy\\\/\",\"https:\\\/\\\/x.com\\\/plasttransfer\",\"https:\\\/\\\/www.instagram.com\\\/sitodrukowy.pl\\\/\",\"https:\\\/\\\/www.linkedin.com\\\/company\\\/plastisol-transfer-com\\\/\",\"https:\\\/\\\/www.youtube.com\\\/channel\\\/UC9EtwcqRPx7ntet0dB_hKAQ\\\/\"]}]}<\/script>\n<!-- \/ Yoast SEO plugin. -->","yoast_head_json":{"title":"Bezp\u0142atny pr\u00f3bnik transfer\u00f3w - Plastisol-Transfer.com | Press Your Success","description":"Chcemy pochwali\u0107 si\u0119 Tobie naszymi produktami, dlatego umo\u017cliwiamy zam\u00f3wienie bezp\u0142atnego pr\u00f3bnika transfer\u00f3w.","robots":{"index":"index","follow":"follow","max-snippet":"max-snippet:-1","max-image-preview":"max-image-preview:large","max-video-preview":"max-video-preview:-1"},"canonical":"https:\/\/plastisol-transfer.com\/en\/product\/free-sample-pack\/","og_locale":"en_GB","og_type":"article","og_title":"Bezp\u0142atny pr\u00f3bnik transfer\u00f3w - Plastisol-Transfer.com | Press Your Success","og_description":"Chcemy pochwali\u0107 si\u0119 Tobie naszymi produktami, dlatego umo\u017cliwiamy zam\u00f3wienie bezp\u0142atnego pr\u00f3bnika transfer\u00f3w.","og_url":"https:\/\/plastisol-transfer.com\/en\/product\/free-sample-pack\/","og_site_name":"Plastisol-Transfer.com | Press Your Success","article_publisher":"https:\/\/www.facebook.com\/sitodrukowy\/","article_modified_time":"2026-04-17T12:58:22+00:00","og_image":[{"width":2000,"height":2000,"url":"https:\/\/plastisol-transfer.com\/wp-content\/uploads\/2022\/03\/Probnik.jpg","type":"image\/jpeg"}],"twitter_card":"summary_large_image","twitter_site":"@plasttransfer","twitter_misc":{"Estimated reading time":"1 minute"},"schema":{"@context":"https:\/\/schema.org","@graph":[{"@type":["WebPage","ItemPage"],"@id":"https:\/\/plastisol-transfer.com\/produkt\/bezplatny-probnik-transferow\/","url":"https:\/\/plastisol-transfer.com\/produkt\/bezplatny-probnik-transferow\/","name":"Bezp\u0142atny pr\u00f3bnik transfer\u00f3w - Plastisol-Transfer.com | Press Your Success","isPartOf":{"@id":"https:\/\/plastisol-transfer.com\/#website"},"primaryImageOfPage":{"@id":"https:\/\/plastisol-transfer.com\/produkt\/bezplatny-probnik-transferow\/#primaryimage"},"image":{"@id":"https:\/\/plastisol-transfer.com\/produkt\/bezplatny-probnik-transferow\/#primaryimage"},"thumbnailUrl":"https:\/\/plastisol-transfer.com\/wp-content\/uploads\/2022\/03\/Probnik.jpg","datePublished":"2022-03-08T10:58:27+00:00","dateModified":"2026-04-17T12:58:22+00:00","description":"Chcemy pochwali\u0107 si\u0119 Tobie naszymi produktami, dlatego umo\u017cliwiamy zam\u00f3wienie bezp\u0142atnego pr\u00f3bnika transfer\u00f3w.","breadcrumb":{"@id":"https:\/\/plastisol-transfer.com\/produkt\/bezplatny-probnik-transferow\/#breadcrumb"},"inLanguage":"en-GB","potentialAction":[{"@type":"ReadAction","target":["https:\/\/plastisol-transfer.com\/produkt\/bezplatny-probnik-transferow\/"]}]},{"@type":"ImageObject","inLanguage":"en-GB","@id":"https:\/\/plastisol-transfer.com\/produkt\/bezplatny-probnik-transferow\/#primaryimage","url":"https:\/\/plastisol-transfer.com\/wp-content\/uploads\/2022\/03\/Probnik.jpg","contentUrl":"https:\/\/plastisol-transfer.com\/wp-content\/uploads\/2022\/03\/Probnik.jpg","width":2000,"height":2000,"caption":"Pr\u00f3bnik"},{"@type":"BreadcrumbList","@id":"https:\/\/plastisol-transfer.com\/produkt\/bezplatny-probnik-transferow\/#breadcrumb","itemListElement":[{"@type":"ListItem","position":1,"name":"Nadruki termotransferowe","item":"https:\/\/plastisol-transfer.com\/"},{"@type":"ListItem","position":2,"name":"Bezp\u0142atny pr\u00f3bnik transfer\u00f3w"}]},{"@type":"WebSite","@id":"https:\/\/plastisol-transfer.com\/#website","url":"https:\/\/plastisol-transfer.com\/","name":"Plastisol-Transfer.com | Press Your Success","description":"Nadruki termotransferowe","publisher":{"@id":"https:\/\/plastisol-transfer.com\/#organization"},"potentialAction":[{"@type":"SearchAction","target":{"@type":"EntryPoint","urlTemplate":"https:\/\/plastisol-transfer.com\/?s={search_term_string}"},"query-input":{"@type":"PropertyValueSpecification","valueRequired":true,"valueName":"search_term_string"}}],"inLanguage":"en-GB"},{"@type":"Organization","@id":"https:\/\/plastisol-transfer.com\/#organization","name":"Plastisol-Transfer.com | Press Your Success","url":"https:\/\/plastisol-transfer.com\/","logo":{"@type":"ImageObject","inLanguage":"en-GB","@id":"https:\/\/plastisol-transfer.com\/#\/schema\/logo\/image\/","url":"https:\/\/plastisol-transfer.com\/wp-content\/uploads\/2022\/03\/logo_pt_new_color.png","contentUrl":"https:\/\/plastisol-transfer.com\/wp-content\/uploads\/2022\/03\/logo_pt_new_color.png","width":499,"height":127,"caption":"Plastisol-Transfer.com | Press Your Success"},"image":{"@id":"https:\/\/plastisol-transfer.com\/#\/schema\/logo\/image\/"},"sameAs":["https:\/\/www.facebook.com\/sitodrukowy\/","https:\/\/x.com\/plasttransfer","https:\/\/www.instagram.com\/sitodrukowy.pl\/","https:\/\/www.linkedin.com\/company\/plastisol-transfer-com\/","https:\/\/www.youtube.com\/channel\/UC9EtwcqRPx7ntet0dB_hKAQ\/"]}]}},"_links":{"self":[{"href":"https:\/\/plastisol-transfer.com\/en\/wp-json\/wp\/v2\/product\/6545","targetHints":{"allow":["GET"]}}],"collection":[{"href":"https:\/\/plastisol-transfer.com\/en\/wp-json\/wp\/v2\/product"}],"about":[{"href":"https:\/\/plastisol-transfer.com\/en\/wp-json\/wp\/v2\/types\/product"}],"wp:featuredmedia":[{"embeddable":true,"href":"https:\/\/plastisol-transfer.com\/en\/wp-json\/wp\/v2\/media\/6792"}],"wp:attachment":[{"href":"https:\/\/plastisol-transfer.com\/en\/wp-json\/wp\/v2\/media?parent=6545"}],"wp:term":[{"taxonomy":"product_brand","embeddable":true,"href":"https:\/\/plastisol-transfer.com\/en\/wp-json\/wp\/v2\/product_brand?post=6545"},{"taxonomy":"product_cat","embeddable":true,"href":"https:\/\/plastisol-transfer.com\/en\/wp-json\/wp\/v2\/product_cat?post=6545"},{"taxonomy":"product_tag","embeddable":true,"href":"https:\/\/plastisol-transfer.com\/en\/wp-json\/wp\/v2\/product_tag?post=6545"}],"curies":[{"name":"wp","href":"https:\/\/api.w.org\/{rel}","templated":true}]}}