{"id":5981,"date":"2021-08-02T10:38:06","date_gmt":"2021-08-02T08:38:06","guid":{"rendered":"https:\/\/plastisol-transfer.com\/?post_type=product&#038;p=5981"},"modified":"2022-07-01T11:08:25","modified_gmt":"2022-07-01T09:08:25","slug":"transfer-plastizolowy-standard","status":"publish","type":"product","link":"https:\/\/plastisol-transfer.com\/en\/product\/transfer-plastizolowy-standard\/","title":{"rendered":"Plastisol transfer STANDARD"},"content":{"rendered":"<p><strong>Plastisol transfer STANDARD<\/strong> printed using plastisol inks. Spot colour printing of up to 8 colours possible. Full-colour print not possible. Transfer with typical thickness, tactile after application.<\/p>\n<p>For use with non-stretchable substrates, will crack under intense stretching. Versatile in application to a variety of substrates. Applies well to cotton, polyester\/cotton blends, polyester. Allows transfers to be applied at a reduced temperature of 120'C, making it suitable for decorating temperature-sensitive substrates such as Nylon, Softshell, Neoprene (foams), polypropylene (eco bags). For very small parts of approx. 1mm (e.g. a line), it is not necessary to apply the adhesive print to the outside. Best for decorating baseball caps, not suitable for stitching applications.<\/p>","protected":false},"excerpt":{"rendered":"<p><strong>Plastisol transfer STANDARD<\/strong> printed using plastisol inks. Spot colour printing of up to 8 colours possible. Full-colour print not possible. Transfer with typical thickness, tactile after application.<\/p>\n<p>For use with non-stretchable substrates, will crack under intense stretching. Versatile in application to a variety of substrates. Applies well to cotton, polyester\/cotton blends, polyester. Allows transfers to be applied at a reduced temperature of 120'C, making it suitable for decorating temperature-sensitive substrates such as Nylon, Softshell, Neoprene (foams), polypropylene (eco bags). For very small parts of approx. 1mm (e.g. a line), it is not necessary to apply the adhesive print to the outside. Best for decorating baseball caps, not suitable for stitching applications.<\/p>","protected":false},"featured_media":6098,"template":"","meta":[],"product_brand":[],"product_cat":[422],"product_tag":[],"class_list":{"0":"post-5981","1":"product","2":"type-product","3":"status-publish","4":"has-post-thumbnail","6":"product_cat-transfery-plastizolowe","8":"first","9":"instock","10":"featured","11":"sold-individually","12":"taxable","13":"shipping-taxable","14":"purchasable","15":"product-type-simple"},"yoast_head":"<!-- This site is optimized with the Yoast SEO plugin v27.4 - https:\/\/yoast.com\/product\/yoast-seo-wordpress\/ -->\n<title>Transfer plastizolowy STANDARD - Plastisol-Transfer.com | Press Your Success<\/title>\n<meta name=\"robots\" content=\"index, follow, max-snippet:-1, max-image-preview:large, max-video-preview:-1\" \/>\n<link rel=\"canonical\" href=\"https:\/\/plastisol-transfer.com\/en\/product\/transfer-plastizol-standard\/\" \/>\n<meta property=\"og:locale\" content=\"en_GB\" \/>\n<meta property=\"og:type\" content=\"article\" \/>\n<meta property=\"og:title\" content=\"Transfer plastizolowy STANDARD - Plastisol-Transfer.com | Press Your Success\" \/>\n<meta property=\"og:description\" content=\"Transfer plastizolowy STANDARD drukowany jest z wykorzystaniem farb plastizolowych. Mo\u017cliwy druk kolor\u00f3w spotowych do 8 kolor\u00f3w. Nie mo\u017cna drukowa\u0107 nadruk\u00f3w pe\u0142no-kolorowych. Transfer o typowej grubo\u015bci, wyczuwalny po aplikacji.  Do stosowania z pod\u0142o\u017cami nierozci\u0105gliwymi, przy intensywnym rozci\u0105ganiu p\u0119ka. Uniwersalny w zastosowaniu do r\u00f3\u017cnych pod\u0142o\u017cy. Dobrze aplikuje si\u0119 na bawe\u0142nie, mieszanki poliestrowo-bawe\u0142niane, poliester. Pozwala na aplikacje transfer\u00f3w w obni\u017conej temperaturze 120&#039;C, dzi\u0119ki czemu nadaje si\u0119 do zdobienia pod\u0142o\u017cy wra\u017cliwych na temperatur\u0119 jak: Nylon, Softshell, Neopren (pianki), polipropylen (ekotorby). W przypadku bardzo drobnych element\u00f3w ok 1mm (np linia) nie ma konieczno\u015bci stosowanie wydruku kleju na zewn\u0105trz. Najlepszy do zdobienia czapek z daszkiem, nie nadaje si\u0119 do aplikacji na przeszyciu.\" \/>\n<meta property=\"og:url\" content=\"https:\/\/plastisol-transfer.com\/en\/product\/transfer-plastizol-standard\/\" \/>\n<meta property=\"og:site_name\" content=\"Plastisol-Transfer.com | Press Your Success\" \/>\n<meta property=\"article:publisher\" content=\"https:\/\/www.facebook.com\/sitodrukowy\/\" \/>\n<meta property=\"article:modified_time\" content=\"2022-07-01T09:08:25+00:00\" \/>\n<meta property=\"og:image\" content=\"https:\/\/plastisol-transfer.com\/wp-content\/uploads\/2021\/08\/Plastisol-SOFT-czarna-bluza.jpg\" \/>\n\t<meta property=\"og:image:width\" content=\"2000\" \/>\n\t<meta property=\"og:image:height\" content=\"2000\" \/>\n\t<meta property=\"og:image:type\" content=\"image\/jpeg\" \/>\n<meta name=\"twitter:card\" content=\"summary_large_image\" \/>\n<meta name=\"twitter:site\" content=\"@plasttransfer\" \/>\n<meta name=\"twitter:label1\" content=\"Estimated reading time\" \/>\n\t<meta name=\"twitter:data1\" content=\"1 minute\" \/>\n<script type=\"application\/ld+json\" class=\"yoast-schema-graph\">{\"@context\":\"https:\\\/\\\/schema.org\",\"@graph\":[{\"@type\":[\"WebPage\",\"ItemPage\"],\"@id\":\"https:\\\/\\\/plastisol-transfer.com\\\/de\\\/produkt\\\/transfer-plastizol-standard\\\/\",\"url\":\"https:\\\/\\\/plastisol-transfer.com\\\/de\\\/produkt\\\/transfer-plastizol-standard\\\/\",\"name\":\"Transfer plastizolowy STANDARD - Plastisol-Transfer.com | Press Your Success\",\"isPartOf\":{\"@id\":\"https:\\\/\\\/plastisol-transfer.com\\\/#website\"},\"primaryImageOfPage\":{\"@id\":\"https:\\\/\\\/plastisol-transfer.com\\\/de\\\/produkt\\\/transfer-plastizol-standard\\\/#primaryimage\"},\"image\":{\"@id\":\"https:\\\/\\\/plastisol-transfer.com\\\/de\\\/produkt\\\/transfer-plastizol-standard\\\/#primaryimage\"},\"thumbnailUrl\":\"https:\\\/\\\/plastisol-transfer.com\\\/wp-content\\\/uploads\\\/2021\\\/08\\\/Plastisol-SOFT-czarna-bluza.jpg\",\"datePublished\":\"2021-08-02T08:38:06+00:00\",\"dateModified\":\"2022-07-01T09:08:25+00:00\",\"breadcrumb\":{\"@id\":\"https:\\\/\\\/plastisol-transfer.com\\\/de\\\/produkt\\\/transfer-plastizol-standard\\\/#breadcrumb\"},\"inLanguage\":\"en-GB\",\"potentialAction\":[{\"@type\":\"ReadAction\",\"target\":[\"https:\\\/\\\/plastisol-transfer.com\\\/de\\\/produkt\\\/transfer-plastizol-standard\\\/\"]}]},{\"@type\":\"ImageObject\",\"inLanguage\":\"en-GB\",\"@id\":\"https:\\\/\\\/plastisol-transfer.com\\\/de\\\/produkt\\\/transfer-plastizol-standard\\\/#primaryimage\",\"url\":\"https:\\\/\\\/plastisol-transfer.com\\\/wp-content\\\/uploads\\\/2021\\\/08\\\/Plastisol-SOFT-czarna-bluza.jpg\",\"contentUrl\":\"https:\\\/\\\/plastisol-transfer.com\\\/wp-content\\\/uploads\\\/2021\\\/08\\\/Plastisol-SOFT-czarna-bluza.jpg\",\"width\":2000,\"height\":2000,\"caption\":\"Plastisol SOFT czarna bluza\"},{\"@type\":\"BreadcrumbList\",\"@id\":\"https:\\\/\\\/plastisol-transfer.com\\\/de\\\/produkt\\\/transfer-plastizol-standard\\\/#breadcrumb\",\"itemListElement\":[{\"@type\":\"ListItem\",\"position\":1,\"name\":\"Nadruki termotransferowe\",\"item\":\"https:\\\/\\\/plastisol-transfer.com\\\/\"},{\"@type\":\"ListItem\",\"position\":2,\"name\":\"Transfer plastizolowy STANDARD\"}]},{\"@type\":\"WebSite\",\"@id\":\"https:\\\/\\\/plastisol-transfer.com\\\/#website\",\"url\":\"https:\\\/\\\/plastisol-transfer.com\\\/\",\"name\":\"Plastisol-Transfer.com | Press Your Success\",\"description\":\"Nadruki termotransferowe\",\"publisher\":{\"@id\":\"https:\\\/\\\/plastisol-transfer.com\\\/#organization\"},\"potentialAction\":[{\"@type\":\"SearchAction\",\"target\":{\"@type\":\"EntryPoint\",\"urlTemplate\":\"https:\\\/\\\/plastisol-transfer.com\\\/?s={search_term_string}\"},\"query-input\":{\"@type\":\"PropertyValueSpecification\",\"valueRequired\":true,\"valueName\":\"search_term_string\"}}],\"inLanguage\":\"en-GB\"},{\"@type\":\"Organization\",\"@id\":\"https:\\\/\\\/plastisol-transfer.com\\\/#organization\",\"name\":\"Plastisol-Transfer.com | Press Your Success\",\"url\":\"https:\\\/\\\/plastisol-transfer.com\\\/\",\"logo\":{\"@type\":\"ImageObject\",\"inLanguage\":\"en-GB\",\"@id\":\"https:\\\/\\\/plastisol-transfer.com\\\/#\\\/schema\\\/logo\\\/image\\\/\",\"url\":\"https:\\\/\\\/plastisol-transfer.com\\\/wp-content\\\/uploads\\\/2022\\\/03\\\/logo_pt_new_color.png\",\"contentUrl\":\"https:\\\/\\\/plastisol-transfer.com\\\/wp-content\\\/uploads\\\/2022\\\/03\\\/logo_pt_new_color.png\",\"width\":499,\"height\":127,\"caption\":\"Plastisol-Transfer.com | Press Your Success\"},\"image\":{\"@id\":\"https:\\\/\\\/plastisol-transfer.com\\\/#\\\/schema\\\/logo\\\/image\\\/\"},\"sameAs\":[\"https:\\\/\\\/www.facebook.com\\\/sitodrukowy\\\/\",\"https:\\\/\\\/x.com\\\/plasttransfer\",\"https:\\\/\\\/www.instagram.com\\\/sitodrukowy.pl\\\/\",\"https:\\\/\\\/www.linkedin.com\\\/company\\\/plastisol-transfer-com\\\/\",\"https:\\\/\\\/www.youtube.com\\\/channel\\\/UC9EtwcqRPx7ntet0dB_hKAQ\\\/\"]}]}<\/script>\n<!-- \/ Yoast SEO plugin. -->","yoast_head_json":{"title":"Transfer plastizolowy STANDARD - Plastisol-Transfer.com | Press Your Success","robots":{"index":"index","follow":"follow","max-snippet":"max-snippet:-1","max-image-preview":"max-image-preview:large","max-video-preview":"max-video-preview:-1"},"canonical":"https:\/\/plastisol-transfer.com\/en\/product\/transfer-plastizol-standard\/","og_locale":"en_GB","og_type":"article","og_title":"Transfer plastizolowy STANDARD - Plastisol-Transfer.com | Press Your Success","og_description":"Transfer plastizolowy STANDARD drukowany jest z wykorzystaniem farb plastizolowych. Mo\u017cliwy druk kolor\u00f3w spotowych do 8 kolor\u00f3w. Nie mo\u017cna drukowa\u0107 nadruk\u00f3w pe\u0142no-kolorowych. Transfer o typowej grubo\u015bci, wyczuwalny po aplikacji.  Do stosowania z pod\u0142o\u017cami nierozci\u0105gliwymi, przy intensywnym rozci\u0105ganiu p\u0119ka. Uniwersalny w zastosowaniu do r\u00f3\u017cnych pod\u0142o\u017cy. Dobrze aplikuje si\u0119 na bawe\u0142nie, mieszanki poliestrowo-bawe\u0142niane, poliester. Pozwala na aplikacje transfer\u00f3w w obni\u017conej temperaturze 120'C, dzi\u0119ki czemu nadaje si\u0119 do zdobienia pod\u0142o\u017cy wra\u017cliwych na temperatur\u0119 jak: Nylon, Softshell, Neopren (pianki), polipropylen (ekotorby). W przypadku bardzo drobnych element\u00f3w ok 1mm (np linia) nie ma konieczno\u015bci stosowanie wydruku kleju na zewn\u0105trz. Najlepszy do zdobienia czapek z daszkiem, nie nadaje si\u0119 do aplikacji na przeszyciu.","og_url":"https:\/\/plastisol-transfer.com\/en\/product\/transfer-plastizol-standard\/","og_site_name":"Plastisol-Transfer.com | Press Your Success","article_publisher":"https:\/\/www.facebook.com\/sitodrukowy\/","article_modified_time":"2022-07-01T09:08:25+00:00","og_image":[{"width":2000,"height":2000,"url":"https:\/\/plastisol-transfer.com\/wp-content\/uploads\/2021\/08\/Plastisol-SOFT-czarna-bluza.jpg","type":"image\/jpeg"}],"twitter_card":"summary_large_image","twitter_site":"@plasttransfer","twitter_misc":{"Estimated reading time":"1 minute"},"schema":{"@context":"https:\/\/schema.org","@graph":[{"@type":["WebPage","ItemPage"],"@id":"https:\/\/plastisol-transfer.com\/de\/produkt\/transfer-plastizol-standard\/","url":"https:\/\/plastisol-transfer.com\/de\/produkt\/transfer-plastizol-standard\/","name":"Transfer plastizolowy STANDARD - Plastisol-Transfer.com | Press Your Success","isPartOf":{"@id":"https:\/\/plastisol-transfer.com\/#website"},"primaryImageOfPage":{"@id":"https:\/\/plastisol-transfer.com\/de\/produkt\/transfer-plastizol-standard\/#primaryimage"},"image":{"@id":"https:\/\/plastisol-transfer.com\/de\/produkt\/transfer-plastizol-standard\/#primaryimage"},"thumbnailUrl":"https:\/\/plastisol-transfer.com\/wp-content\/uploads\/2021\/08\/Plastisol-SOFT-czarna-bluza.jpg","datePublished":"2021-08-02T08:38:06+00:00","dateModified":"2022-07-01T09:08:25+00:00","breadcrumb":{"@id":"https:\/\/plastisol-transfer.com\/de\/produkt\/transfer-plastizol-standard\/#breadcrumb"},"inLanguage":"en-GB","potentialAction":[{"@type":"ReadAction","target":["https:\/\/plastisol-transfer.com\/de\/produkt\/transfer-plastizol-standard\/"]}]},{"@type":"ImageObject","inLanguage":"en-GB","@id":"https:\/\/plastisol-transfer.com\/de\/produkt\/transfer-plastizol-standard\/#primaryimage","url":"https:\/\/plastisol-transfer.com\/wp-content\/uploads\/2021\/08\/Plastisol-SOFT-czarna-bluza.jpg","contentUrl":"https:\/\/plastisol-transfer.com\/wp-content\/uploads\/2021\/08\/Plastisol-SOFT-czarna-bluza.jpg","width":2000,"height":2000,"caption":"Plastisol SOFT czarna bluza"},{"@type":"BreadcrumbList","@id":"https:\/\/plastisol-transfer.com\/de\/produkt\/transfer-plastizol-standard\/#breadcrumb","itemListElement":[{"@type":"ListItem","position":1,"name":"Nadruki termotransferowe","item":"https:\/\/plastisol-transfer.com\/"},{"@type":"ListItem","position":2,"name":"Transfer plastizolowy STANDARD"}]},{"@type":"WebSite","@id":"https:\/\/plastisol-transfer.com\/#website","url":"https:\/\/plastisol-transfer.com\/","name":"Plastisol-Transfer.com | Press Your Success","description":"Nadruki termotransferowe","publisher":{"@id":"https:\/\/plastisol-transfer.com\/#organization"},"potentialAction":[{"@type":"SearchAction","target":{"@type":"EntryPoint","urlTemplate":"https:\/\/plastisol-transfer.com\/?s={search_term_string}"},"query-input":{"@type":"PropertyValueSpecification","valueRequired":true,"valueName":"search_term_string"}}],"inLanguage":"en-GB"},{"@type":"Organization","@id":"https:\/\/plastisol-transfer.com\/#organization","name":"Plastisol-Transfer.com | Press Your Success","url":"https:\/\/plastisol-transfer.com\/","logo":{"@type":"ImageObject","inLanguage":"en-GB","@id":"https:\/\/plastisol-transfer.com\/#\/schema\/logo\/image\/","url":"https:\/\/plastisol-transfer.com\/wp-content\/uploads\/2022\/03\/logo_pt_new_color.png","contentUrl":"https:\/\/plastisol-transfer.com\/wp-content\/uploads\/2022\/03\/logo_pt_new_color.png","width":499,"height":127,"caption":"Plastisol-Transfer.com | Press Your Success"},"image":{"@id":"https:\/\/plastisol-transfer.com\/#\/schema\/logo\/image\/"},"sameAs":["https:\/\/www.facebook.com\/sitodrukowy\/","https:\/\/x.com\/plasttransfer","https:\/\/www.instagram.com\/sitodrukowy.pl\/","https:\/\/www.linkedin.com\/company\/plastisol-transfer-com\/","https:\/\/www.youtube.com\/channel\/UC9EtwcqRPx7ntet0dB_hKAQ\/"]}]}},"_links":{"self":[{"href":"https:\/\/plastisol-transfer.com\/en\/wp-json\/wp\/v2\/product\/5981","targetHints":{"allow":["GET"]}}],"collection":[{"href":"https:\/\/plastisol-transfer.com\/en\/wp-json\/wp\/v2\/product"}],"about":[{"href":"https:\/\/plastisol-transfer.com\/en\/wp-json\/wp\/v2\/types\/product"}],"wp:featuredmedia":[{"embeddable":true,"href":"https:\/\/plastisol-transfer.com\/en\/wp-json\/wp\/v2\/media\/6098"}],"wp:attachment":[{"href":"https:\/\/plastisol-transfer.com\/en\/wp-json\/wp\/v2\/media?parent=5981"}],"wp:term":[{"taxonomy":"product_brand","embeddable":true,"href":"https:\/\/plastisol-transfer.com\/en\/wp-json\/wp\/v2\/product_brand?post=5981"},{"taxonomy":"product_cat","embeddable":true,"href":"https:\/\/plastisol-transfer.com\/en\/wp-json\/wp\/v2\/product_cat?post=5981"},{"taxonomy":"product_tag","embeddable":true,"href":"https:\/\/plastisol-transfer.com\/en\/wp-json\/wp\/v2\/product_tag?post=5981"}],"curies":[{"name":"wp","href":"https:\/\/api.w.org\/{rel}","templated":true}]}}