{"id":5972,"date":"2021-08-02T10:19:43","date_gmt":"2021-08-02T08:19:43","guid":{"rendered":"https:\/\/plastisol-transfer.com\/?post_type=product&#038;p=5972"},"modified":"2025-11-13T10:51:40","modified_gmt":"2025-11-13T09:51:40","slug":"transfer-plastizolowy","status":"publish","type":"product","link":"https:\/\/plastisol-transfer.com\/en\/product\/transfer-plastizolowy\/","title":{"rendered":"Plastisol transfer ONE"},"content":{"rendered":"<p class=\" translation-block\">When creating <strong>Plastisol Transfer ONE<\/strong>, we were guided by one goal: to create a product that will truly help our clients gain a competitive advantage. We fully understand that for this to be possible, three key conditions must be met: the highest quality, the best price, and the shortest possible turnaround time. And that's exactly what we've prepared for you.<\/p>\n<p class=\" translation-block\">In many cases, lead time determines your customers' choice of supplier. That's why we guarantee next-business-day shipping, free of any surcharges. If you submit a complete and error-free order by 2:00 PM, you can be sure it will be shipped the next business day.<br>\nWe deliver ONE plastisol transfers in B3 format (500 x 350 mm), with a print area of \u200b\u200b490 x 320 mm\u2014an average of 20% larger workspace than our competitors, giving you 20% more space for your designs.<\/p>\n<p>Thanks to the automation and optimization of production processes and careful selection of materials, we can offer some of the best prices in Europe. We also prioritize direct customer contact \u2013 we'll assign you a dedicated sales representative who will carefully oversee your project and answer all your questions.<\/p>\n<p>With substrates that are excessively elastic or contain elasticizing fibers, such as Lycra, the product may not maintain its full cohesion, which can lead to cracking during stretching. For these types of substrates, we recommend using ELASTIC plastisol transfer.<\/p>","protected":false},"excerpt":{"rendered":"<p>Tworz\u0105c Transfer plastizolowy ONE, przy\u015bwieca\u0142 nam jeden cel \u2014 stworzy\u0107 produkt, kt\u00f3ry realnie pomo\u017ce naszym klientom zdoby\u0107 przewag\u0119 nad konkurencj\u0105. Doskonale rozumiemy, \u017ce aby by\u0142o to mo\u017cliwe, musz\u0105 zosta\u0107 spe\u0142nione trzy kluczowe warunki: najwy\u017csza jako\u015b\u0107, najlepsza cena oraz najkr\u00f3tszy mo\u017cliwy termin realizacji. I w\u0142a\u015bnie to dla Was przygotowali\u015bmy. W wielu przypadkach to czas realizacji decyduje [&hellip;]<\/p>","protected":false},"featured_media":6506,"template":"","meta":[],"product_brand":[],"product_cat":[422],"product_tag":[],"class_list":{"0":"post-5972","1":"product","2":"type-product","3":"status-publish","4":"has-post-thumbnail","6":"product_cat-transfery-plastizolowe","8":"first","9":"instock","10":"featured","11":"sold-individually","12":"taxable","13":"shipping-taxable","14":"purchasable","15":"product-type-simple"},"yoast_head":"<!-- This site is optimized with the Yoast SEO plugin v27.4 - https:\/\/yoast.com\/product\/yoast-seo-wordpress\/ -->\n<title>Transfer plastizolowy ONE - Plastisol-Transfer.com | Press Your Success<\/title>\n<meta name=\"description\" content=\"Transfer plastizolowy ONE to produkt jednokolorowy, konkurencyjny dla sitodruku bezpo\u015bredniego. Przeznaczony jest dla szerokiej gamy odzie\u017cy.\" \/>\n<meta name=\"robots\" content=\"index, follow, max-snippet:-1, max-image-preview:large, max-video-preview:-1\" \/>\n<link rel=\"canonical\" href=\"https:\/\/plastisol-transfer.com\/en\/product\/transfer-plastizolowy\/\" \/>\n<meta property=\"og:locale\" content=\"en_GB\" \/>\n<meta property=\"og:type\" content=\"article\" \/>\n<meta property=\"og:title\" content=\"Transfer plastizolowy ONE - Plastisol-Transfer.com | Press Your Success\" \/>\n<meta property=\"og:description\" content=\"Transfer plastizolowy ONE to produkt jednokolorowy, konkurencyjny dla sitodruku bezpo\u015bredniego. Przeznaczony jest dla szerokiej gamy odzie\u017cy.\" \/>\n<meta property=\"og:url\" content=\"https:\/\/plastisol-transfer.com\/en\/product\/transfer-plastizolowy\/\" \/>\n<meta property=\"og:site_name\" content=\"Plastisol-Transfer.com | Press Your Success\" \/>\n<meta property=\"article:publisher\" content=\"https:\/\/www.facebook.com\/sitodrukowy\/\" \/>\n<meta property=\"article:modified_time\" content=\"2025-11-13T09:51:40+00:00\" \/>\n<meta property=\"og:image\" content=\"https:\/\/plastisol-transfer.com\/wp-content\/uploads\/2021\/08\/koszulka-czarna-z-nadrukiem-ONE.jpg\" \/>\n\t<meta property=\"og:image:width\" content=\"2000\" \/>\n\t<meta property=\"og:image:height\" content=\"2000\" \/>\n\t<meta property=\"og:image:type\" content=\"image\/jpeg\" \/>\n<meta name=\"twitter:card\" content=\"summary_large_image\" \/>\n<meta name=\"twitter:site\" content=\"@plasttransfer\" \/>\n<meta name=\"twitter:label1\" content=\"Estimated reading time\" \/>\n\t<meta name=\"twitter:data1\" content=\"1 minute\" \/>\n<script type=\"application\/ld+json\" class=\"yoast-schema-graph\">{\"@context\":\"https:\\\/\\\/schema.org\",\"@graph\":[{\"@type\":[\"WebPage\",\"ItemPage\"],\"@id\":\"https:\\\/\\\/plastisol-transfer.com\\\/produkt\\\/transfer-plastizolowy\\\/\",\"url\":\"https:\\\/\\\/plastisol-transfer.com\\\/produkt\\\/transfer-plastizolowy\\\/\",\"name\":\"Transfer plastizolowy ONE - Plastisol-Transfer.com | Press Your Success\",\"isPartOf\":{\"@id\":\"https:\\\/\\\/plastisol-transfer.com\\\/#website\"},\"primaryImageOfPage\":{\"@id\":\"https:\\\/\\\/plastisol-transfer.com\\\/produkt\\\/transfer-plastizolowy\\\/#primaryimage\"},\"image\":{\"@id\":\"https:\\\/\\\/plastisol-transfer.com\\\/produkt\\\/transfer-plastizolowy\\\/#primaryimage\"},\"thumbnailUrl\":\"https:\\\/\\\/plastisol-transfer.com\\\/wp-content\\\/uploads\\\/2021\\\/08\\\/koszulka-czarna-z-nadrukiem-ONE.jpg\",\"datePublished\":\"2021-08-02T08:19:43+00:00\",\"dateModified\":\"2025-11-13T09:51:40+00:00\",\"description\":\"Transfer plastizolowy ONE to produkt jednokolorowy, konkurencyjny dla sitodruku bezpo\u015bredniego. Przeznaczony jest dla szerokiej gamy odzie\u017cy.\",\"breadcrumb\":{\"@id\":\"https:\\\/\\\/plastisol-transfer.com\\\/produkt\\\/transfer-plastizolowy\\\/#breadcrumb\"},\"inLanguage\":\"en-GB\",\"potentialAction\":[{\"@type\":\"ReadAction\",\"target\":[\"https:\\\/\\\/plastisol-transfer.com\\\/produkt\\\/transfer-plastizolowy\\\/\"]}]},{\"@type\":\"ImageObject\",\"inLanguage\":\"en-GB\",\"@id\":\"https:\\\/\\\/plastisol-transfer.com\\\/produkt\\\/transfer-plastizolowy\\\/#primaryimage\",\"url\":\"https:\\\/\\\/plastisol-transfer.com\\\/wp-content\\\/uploads\\\/2021\\\/08\\\/koszulka-czarna-z-nadrukiem-ONE.jpg\",\"contentUrl\":\"https:\\\/\\\/plastisol-transfer.com\\\/wp-content\\\/uploads\\\/2021\\\/08\\\/koszulka-czarna-z-nadrukiem-ONE.jpg\",\"width\":2000,\"height\":2000,\"caption\":\"koszulka czarna z nadrukiem ONE\"},{\"@type\":\"BreadcrumbList\",\"@id\":\"https:\\\/\\\/plastisol-transfer.com\\\/produkt\\\/transfer-plastizolowy\\\/#breadcrumb\",\"itemListElement\":[{\"@type\":\"ListItem\",\"position\":1,\"name\":\"Nadruki termotransferowe\",\"item\":\"https:\\\/\\\/plastisol-transfer.com\\\/\"},{\"@type\":\"ListItem\",\"position\":2,\"name\":\"Transfer plastizolowy ONE\"}]},{\"@type\":\"WebSite\",\"@id\":\"https:\\\/\\\/plastisol-transfer.com\\\/#website\",\"url\":\"https:\\\/\\\/plastisol-transfer.com\\\/\",\"name\":\"Plastisol-Transfer.com | Press Your Success\",\"description\":\"Nadruki termotransferowe\",\"publisher\":{\"@id\":\"https:\\\/\\\/plastisol-transfer.com\\\/#organization\"},\"potentialAction\":[{\"@type\":\"SearchAction\",\"target\":{\"@type\":\"EntryPoint\",\"urlTemplate\":\"https:\\\/\\\/plastisol-transfer.com\\\/?s={search_term_string}\"},\"query-input\":{\"@type\":\"PropertyValueSpecification\",\"valueRequired\":true,\"valueName\":\"search_term_string\"}}],\"inLanguage\":\"en-GB\"},{\"@type\":\"Organization\",\"@id\":\"https:\\\/\\\/plastisol-transfer.com\\\/#organization\",\"name\":\"Plastisol-Transfer.com | Press Your Success\",\"url\":\"https:\\\/\\\/plastisol-transfer.com\\\/\",\"logo\":{\"@type\":\"ImageObject\",\"inLanguage\":\"en-GB\",\"@id\":\"https:\\\/\\\/plastisol-transfer.com\\\/#\\\/schema\\\/logo\\\/image\\\/\",\"url\":\"https:\\\/\\\/plastisol-transfer.com\\\/wp-content\\\/uploads\\\/2022\\\/03\\\/logo_pt_new_color.png\",\"contentUrl\":\"https:\\\/\\\/plastisol-transfer.com\\\/wp-content\\\/uploads\\\/2022\\\/03\\\/logo_pt_new_color.png\",\"width\":499,\"height\":127,\"caption\":\"Plastisol-Transfer.com | Press Your Success\"},\"image\":{\"@id\":\"https:\\\/\\\/plastisol-transfer.com\\\/#\\\/schema\\\/logo\\\/image\\\/\"},\"sameAs\":[\"https:\\\/\\\/www.facebook.com\\\/sitodrukowy\\\/\",\"https:\\\/\\\/x.com\\\/plasttransfer\",\"https:\\\/\\\/www.instagram.com\\\/sitodrukowy.pl\\\/\",\"https:\\\/\\\/www.linkedin.com\\\/company\\\/plastisol-transfer-com\\\/\",\"https:\\\/\\\/www.youtube.com\\\/channel\\\/UC9EtwcqRPx7ntet0dB_hKAQ\\\/\"]}]}<\/script>\n<!-- \/ Yoast SEO plugin. -->","yoast_head_json":{"title":"Transfer plastizolowy ONE - Plastisol-Transfer.com | Press Your Success","description":"Transfer plastizolowy ONE to produkt jednokolorowy, konkurencyjny dla sitodruku bezpo\u015bredniego. Przeznaczony jest dla szerokiej gamy odzie\u017cy.","robots":{"index":"index","follow":"follow","max-snippet":"max-snippet:-1","max-image-preview":"max-image-preview:large","max-video-preview":"max-video-preview:-1"},"canonical":"https:\/\/plastisol-transfer.com\/en\/product\/transfer-plastizolowy\/","og_locale":"en_GB","og_type":"article","og_title":"Transfer plastizolowy ONE - Plastisol-Transfer.com | Press Your Success","og_description":"Transfer plastizolowy ONE to produkt jednokolorowy, konkurencyjny dla sitodruku bezpo\u015bredniego. Przeznaczony jest dla szerokiej gamy odzie\u017cy.","og_url":"https:\/\/plastisol-transfer.com\/en\/product\/transfer-plastizolowy\/","og_site_name":"Plastisol-Transfer.com | Press Your Success","article_publisher":"https:\/\/www.facebook.com\/sitodrukowy\/","article_modified_time":"2025-11-13T09:51:40+00:00","og_image":[{"width":2000,"height":2000,"url":"https:\/\/plastisol-transfer.com\/wp-content\/uploads\/2021\/08\/koszulka-czarna-z-nadrukiem-ONE.jpg","type":"image\/jpeg"}],"twitter_card":"summary_large_image","twitter_site":"@plasttransfer","twitter_misc":{"Estimated reading time":"1 minute"},"schema":{"@context":"https:\/\/schema.org","@graph":[{"@type":["WebPage","ItemPage"],"@id":"https:\/\/plastisol-transfer.com\/produkt\/transfer-plastizolowy\/","url":"https:\/\/plastisol-transfer.com\/produkt\/transfer-plastizolowy\/","name":"Transfer plastizolowy ONE - Plastisol-Transfer.com | Press Your Success","isPartOf":{"@id":"https:\/\/plastisol-transfer.com\/#website"},"primaryImageOfPage":{"@id":"https:\/\/plastisol-transfer.com\/produkt\/transfer-plastizolowy\/#primaryimage"},"image":{"@id":"https:\/\/plastisol-transfer.com\/produkt\/transfer-plastizolowy\/#primaryimage"},"thumbnailUrl":"https:\/\/plastisol-transfer.com\/wp-content\/uploads\/2021\/08\/koszulka-czarna-z-nadrukiem-ONE.jpg","datePublished":"2021-08-02T08:19:43+00:00","dateModified":"2025-11-13T09:51:40+00:00","description":"Transfer plastizolowy ONE to produkt jednokolorowy, konkurencyjny dla sitodruku bezpo\u015bredniego. Przeznaczony jest dla szerokiej gamy odzie\u017cy.","breadcrumb":{"@id":"https:\/\/plastisol-transfer.com\/produkt\/transfer-plastizolowy\/#breadcrumb"},"inLanguage":"en-GB","potentialAction":[{"@type":"ReadAction","target":["https:\/\/plastisol-transfer.com\/produkt\/transfer-plastizolowy\/"]}]},{"@type":"ImageObject","inLanguage":"en-GB","@id":"https:\/\/plastisol-transfer.com\/produkt\/transfer-plastizolowy\/#primaryimage","url":"https:\/\/plastisol-transfer.com\/wp-content\/uploads\/2021\/08\/koszulka-czarna-z-nadrukiem-ONE.jpg","contentUrl":"https:\/\/plastisol-transfer.com\/wp-content\/uploads\/2021\/08\/koszulka-czarna-z-nadrukiem-ONE.jpg","width":2000,"height":2000,"caption":"koszulka czarna z nadrukiem ONE"},{"@type":"BreadcrumbList","@id":"https:\/\/plastisol-transfer.com\/produkt\/transfer-plastizolowy\/#breadcrumb","itemListElement":[{"@type":"ListItem","position":1,"name":"Nadruki termotransferowe","item":"https:\/\/plastisol-transfer.com\/"},{"@type":"ListItem","position":2,"name":"Transfer plastizolowy ONE"}]},{"@type":"WebSite","@id":"https:\/\/plastisol-transfer.com\/#website","url":"https:\/\/plastisol-transfer.com\/","name":"Plastisol-Transfer.com | Press Your Success","description":"Nadruki termotransferowe","publisher":{"@id":"https:\/\/plastisol-transfer.com\/#organization"},"potentialAction":[{"@type":"SearchAction","target":{"@type":"EntryPoint","urlTemplate":"https:\/\/plastisol-transfer.com\/?s={search_term_string}"},"query-input":{"@type":"PropertyValueSpecification","valueRequired":true,"valueName":"search_term_string"}}],"inLanguage":"en-GB"},{"@type":"Organization","@id":"https:\/\/plastisol-transfer.com\/#organization","name":"Plastisol-Transfer.com | Press Your Success","url":"https:\/\/plastisol-transfer.com\/","logo":{"@type":"ImageObject","inLanguage":"en-GB","@id":"https:\/\/plastisol-transfer.com\/#\/schema\/logo\/image\/","url":"https:\/\/plastisol-transfer.com\/wp-content\/uploads\/2022\/03\/logo_pt_new_color.png","contentUrl":"https:\/\/plastisol-transfer.com\/wp-content\/uploads\/2022\/03\/logo_pt_new_color.png","width":499,"height":127,"caption":"Plastisol-Transfer.com | Press Your Success"},"image":{"@id":"https:\/\/plastisol-transfer.com\/#\/schema\/logo\/image\/"},"sameAs":["https:\/\/www.facebook.com\/sitodrukowy\/","https:\/\/x.com\/plasttransfer","https:\/\/www.instagram.com\/sitodrukowy.pl\/","https:\/\/www.linkedin.com\/company\/plastisol-transfer-com\/","https:\/\/www.youtube.com\/channel\/UC9EtwcqRPx7ntet0dB_hKAQ\/"]}]}},"_links":{"self":[{"href":"https:\/\/plastisol-transfer.com\/en\/wp-json\/wp\/v2\/product\/5972","targetHints":{"allow":["GET"]}}],"collection":[{"href":"https:\/\/plastisol-transfer.com\/en\/wp-json\/wp\/v2\/product"}],"about":[{"href":"https:\/\/plastisol-transfer.com\/en\/wp-json\/wp\/v2\/types\/product"}],"wp:featuredmedia":[{"embeddable":true,"href":"https:\/\/plastisol-transfer.com\/en\/wp-json\/wp\/v2\/media\/6506"}],"wp:attachment":[{"href":"https:\/\/plastisol-transfer.com\/en\/wp-json\/wp\/v2\/media?parent=5972"}],"wp:term":[{"taxonomy":"product_brand","embeddable":true,"href":"https:\/\/plastisol-transfer.com\/en\/wp-json\/wp\/v2\/product_brand?post=5972"},{"taxonomy":"product_cat","embeddable":true,"href":"https:\/\/plastisol-transfer.com\/en\/wp-json\/wp\/v2\/product_cat?post=5972"},{"taxonomy":"product_tag","embeddable":true,"href":"https:\/\/plastisol-transfer.com\/en\/wp-json\/wp\/v2\/product_tag?post=5972"}],"curies":[{"name":"wp","href":"https:\/\/api.w.org\/{rel}","templated":true}]}}