{"id":5964,"date":"2021-08-02T10:02:53","date_gmt":"2021-08-02T08:02:53","guid":{"rendered":"https:\/\/plastisol-transfer.com\/?post_type=product&#038;p=5964"},"modified":"2022-07-01T11:06:28","modified_gmt":"2022-07-01T09:06:28","slug":"transfer-cyfrowy-elastic","status":"publish","type":"product","link":"https:\/\/plastisol-transfer.com\/en\/product\/transfer-cyfrowy-elastic\/","title":{"rendered":"Digital transfer ELASTIC"},"content":{"rendered":"","protected":false},"excerpt":{"rendered":"<p><strong>Digital transfer ELASTIC<\/strong> is a hybrid thermal transfer, meaning that it is created by combining two printing techniques. All colours are printed using a production digital printer, while the thermal transfer characteristics are given by screen printing.<\/p>\n<p>Using this solution allows full-colour transfers with tonal transitions, gradients and shadows printed in offset quality. Printing is carried out using the CMYK palette, and it is possible to simulate some colours from the PANTONE palette. Screen printing uses DST polyurethane water-based inks, which are Oeko-Tex Eco Passport certified, so they can be used in the decoration of children's clothing. The use of these transfers allows the print to meet the requirements for Oeko-Tex Standard 100 certification. Neon and metallised colours cannot be printed.<\/p>","protected":false},"featured_media":6005,"template":"","meta":[],"product_brand":[],"product_cat":[423],"product_tag":[],"class_list":{"0":"post-5964","1":"product","2":"type-product","3":"status-publish","4":"has-post-thumbnail","6":"product_cat-transfery-cyfrowe","8":"first","9":"instock","10":"sold-individually","11":"taxable","12":"shipping-taxable","13":"purchasable","14":"product-type-simple"},"yoast_head":"<!-- This site is optimized with the Yoast SEO plugin v27.3 - https:\/\/yoast.com\/product\/yoast-seo-wordpress\/ -->\n<title>Transfer cyfrowy ELASTIC - Plastisol-Transfer.com | Press Your Success<\/title>\n<meta name=\"robots\" content=\"index, follow, max-snippet:-1, max-image-preview:large, max-video-preview:-1\" \/>\n<link rel=\"canonical\" href=\"https:\/\/plastisol-transfer.com\/en\/product\/transfer-cyfrowy-elastic\/\" \/>\n<meta property=\"og:locale\" content=\"en_GB\" \/>\n<meta property=\"og:type\" content=\"article\" \/>\n<meta property=\"og:title\" content=\"Transfer cyfrowy ELASTIC - Plastisol-Transfer.com | Press Your Success\" \/>\n<meta property=\"og:description\" content=\"Transfer cyfrowy ELASTIC to termotransfer hybrydowy, oznacza to, \u017ce powstaje on z po\u0142\u0105czenia dw\u00f3ch technik druku. Wszystkie kolory drukowane s\u0105 z wykorzystaniem produkcyjnej drukarki cyfrowej, natomiast cechy termotransferu nadawane s\u0105 sitodrukiem.  Zastosowanie takiego rozwi\u0105zania pozwala na uzyskanie pe\u0142no-kolorowych transfer\u00f3w z przej\u015bciami tonalnymi, gradientami i cieniami wydrukowanymi w jako\u015bci offsetowej. Druk odbywa si\u0119 z wykorzystaniem palety CMYK, mo\u017cliwe jest symulowanie niekt\u00f3rych kolor\u00f3w z palety PANTONE. W sitodruku wykorzystywane s\u0105 poliuretanowe farby wodne DST, kt\u00f3re posiadaj\u0105 certyfikat Oeko-Tex Eco Passport, dzi\u0119ki temu, mog\u0105 by\u0107 stosowane przy zdobieniu odzie\u017cy dzieci\u0119cej. Zastosowanie tych transfer\u00f3w pozwala na sprostanie wymaganiom stawianym nadrukom w procesie certyfikacji Oeko-Tex Standard 100. Brak mo\u017cliwo\u015bci wydruku kolor\u00f3w neonowych oraz metalizowanych.\" \/>\n<meta property=\"og:url\" content=\"https:\/\/plastisol-transfer.com\/en\/product\/transfer-cyfrowy-elastic\/\" \/>\n<meta property=\"og:site_name\" content=\"Plastisol-Transfer.com | Press Your Success\" \/>\n<meta property=\"article:publisher\" content=\"https:\/\/www.facebook.com\/sitodrukowy\/\" \/>\n<meta property=\"article:modified_time\" content=\"2022-07-01T09:06:28+00:00\" \/>\n<meta property=\"og:image\" content=\"https:\/\/plastisol-transfer.com\/wp-content\/uploads\/2021\/08\/transfer_plastizolowy_soft.jpg\" \/>\n\t<meta property=\"og:image:width\" content=\"2000\" \/>\n\t<meta property=\"og:image:height\" content=\"2000\" \/>\n\t<meta property=\"og:image:type\" content=\"image\/jpeg\" \/>\n<meta name=\"twitter:card\" content=\"summary_large_image\" \/>\n<meta name=\"twitter:site\" content=\"@plasttransfer\" \/>\n<script type=\"application\/ld+json\" class=\"yoast-schema-graph\">{\"@context\":\"https:\\\/\\\/schema.org\",\"@graph\":[{\"@type\":[\"WebPage\",\"ItemPage\"],\"@id\":\"https:\\\/\\\/plastisol-transfer.com\\\/de\\\/produkt\\\/transfer-cyfrowy-elastic\\\/\",\"url\":\"https:\\\/\\\/plastisol-transfer.com\\\/de\\\/produkt\\\/transfer-cyfrowy-elastic\\\/\",\"name\":\"Transfer cyfrowy ELASTIC - Plastisol-Transfer.com | Press Your Success\",\"isPartOf\":{\"@id\":\"https:\\\/\\\/plastisol-transfer.com\\\/#website\"},\"primaryImageOfPage\":{\"@id\":\"https:\\\/\\\/plastisol-transfer.com\\\/de\\\/produkt\\\/transfer-cyfrowy-elastic\\\/#primaryimage\"},\"image\":{\"@id\":\"https:\\\/\\\/plastisol-transfer.com\\\/de\\\/produkt\\\/transfer-cyfrowy-elastic\\\/#primaryimage\"},\"thumbnailUrl\":\"https:\\\/\\\/plastisol-transfer.com\\\/wp-content\\\/uploads\\\/2021\\\/08\\\/transfer_plastizolowy_soft.jpg\",\"datePublished\":\"2021-08-02T08:02:53+00:00\",\"dateModified\":\"2022-07-01T09:06:28+00:00\",\"breadcrumb\":{\"@id\":\"https:\\\/\\\/plastisol-transfer.com\\\/de\\\/produkt\\\/transfer-cyfrowy-elastic\\\/#breadcrumb\"},\"inLanguage\":\"en-GB\",\"potentialAction\":[{\"@type\":\"ReadAction\",\"target\":[\"https:\\\/\\\/plastisol-transfer.com\\\/de\\\/produkt\\\/transfer-cyfrowy-elastic\\\/\"]}]},{\"@type\":\"ImageObject\",\"inLanguage\":\"en-GB\",\"@id\":\"https:\\\/\\\/plastisol-transfer.com\\\/de\\\/produkt\\\/transfer-cyfrowy-elastic\\\/#primaryimage\",\"url\":\"https:\\\/\\\/plastisol-transfer.com\\\/wp-content\\\/uploads\\\/2021\\\/08\\\/transfer_plastizolowy_soft.jpg\",\"contentUrl\":\"https:\\\/\\\/plastisol-transfer.com\\\/wp-content\\\/uploads\\\/2021\\\/08\\\/transfer_plastizolowy_soft.jpg\",\"width\":2000,\"height\":2000,\"caption\":\"transfer_cyfrowy ELASTIC\"},{\"@type\":\"BreadcrumbList\",\"@id\":\"https:\\\/\\\/plastisol-transfer.com\\\/de\\\/produkt\\\/transfer-cyfrowy-elastic\\\/#breadcrumb\",\"itemListElement\":[{\"@type\":\"ListItem\",\"position\":1,\"name\":\"Nadruki termotransferowe\",\"item\":\"https:\\\/\\\/plastisol-transfer.com\\\/\"},{\"@type\":\"ListItem\",\"position\":2,\"name\":\"Transfer cyfrowy ELASTIC\"}]},{\"@type\":\"WebSite\",\"@id\":\"https:\\\/\\\/plastisol-transfer.com\\\/#website\",\"url\":\"https:\\\/\\\/plastisol-transfer.com\\\/\",\"name\":\"Plastisol-Transfer.com | Press Your Success\",\"description\":\"Nadruki termotransferowe\",\"publisher\":{\"@id\":\"https:\\\/\\\/plastisol-transfer.com\\\/#organization\"},\"potentialAction\":[{\"@type\":\"SearchAction\",\"target\":{\"@type\":\"EntryPoint\",\"urlTemplate\":\"https:\\\/\\\/plastisol-transfer.com\\\/?s={search_term_string}\"},\"query-input\":{\"@type\":\"PropertyValueSpecification\",\"valueRequired\":true,\"valueName\":\"search_term_string\"}}],\"inLanguage\":\"en-GB\"},{\"@type\":\"Organization\",\"@id\":\"https:\\\/\\\/plastisol-transfer.com\\\/#organization\",\"name\":\"Plastisol-Transfer.com | Press Your Success\",\"url\":\"https:\\\/\\\/plastisol-transfer.com\\\/\",\"logo\":{\"@type\":\"ImageObject\",\"inLanguage\":\"en-GB\",\"@id\":\"https:\\\/\\\/plastisol-transfer.com\\\/#\\\/schema\\\/logo\\\/image\\\/\",\"url\":\"https:\\\/\\\/plastisol-transfer.com\\\/wp-content\\\/uploads\\\/2022\\\/03\\\/logo_pt_new_color.png\",\"contentUrl\":\"https:\\\/\\\/plastisol-transfer.com\\\/wp-content\\\/uploads\\\/2022\\\/03\\\/logo_pt_new_color.png\",\"width\":499,\"height\":127,\"caption\":\"Plastisol-Transfer.com | Press Your Success\"},\"image\":{\"@id\":\"https:\\\/\\\/plastisol-transfer.com\\\/#\\\/schema\\\/logo\\\/image\\\/\"},\"sameAs\":[\"https:\\\/\\\/www.facebook.com\\\/sitodrukowy\\\/\",\"https:\\\/\\\/x.com\\\/plasttransfer\",\"https:\\\/\\\/www.instagram.com\\\/sitodrukowy.pl\\\/\",\"https:\\\/\\\/www.linkedin.com\\\/company\\\/plastisol-transfer-com\\\/\",\"https:\\\/\\\/www.youtube.com\\\/channel\\\/UC9EtwcqRPx7ntet0dB_hKAQ\\\/\"]}]}<\/script>\n<!-- \/ Yoast SEO plugin. -->","yoast_head_json":{"title":"Transfer cyfrowy ELASTIC - Plastisol-Transfer.com | Press Your Success","robots":{"index":"index","follow":"follow","max-snippet":"max-snippet:-1","max-image-preview":"max-image-preview:large","max-video-preview":"max-video-preview:-1"},"canonical":"https:\/\/plastisol-transfer.com\/en\/product\/transfer-cyfrowy-elastic\/","og_locale":"en_GB","og_type":"article","og_title":"Transfer cyfrowy ELASTIC - Plastisol-Transfer.com | Press Your Success","og_description":"Transfer cyfrowy ELASTIC to termotransfer hybrydowy, oznacza to, \u017ce powstaje on z po\u0142\u0105czenia dw\u00f3ch technik druku. Wszystkie kolory drukowane s\u0105 z wykorzystaniem produkcyjnej drukarki cyfrowej, natomiast cechy termotransferu nadawane s\u0105 sitodrukiem.  Zastosowanie takiego rozwi\u0105zania pozwala na uzyskanie pe\u0142no-kolorowych transfer\u00f3w z przej\u015bciami tonalnymi, gradientami i cieniami wydrukowanymi w jako\u015bci offsetowej. Druk odbywa si\u0119 z wykorzystaniem palety CMYK, mo\u017cliwe jest symulowanie niekt\u00f3rych kolor\u00f3w z palety PANTONE. W sitodruku wykorzystywane s\u0105 poliuretanowe farby wodne DST, kt\u00f3re posiadaj\u0105 certyfikat Oeko-Tex Eco Passport, dzi\u0119ki temu, mog\u0105 by\u0107 stosowane przy zdobieniu odzie\u017cy dzieci\u0119cej. Zastosowanie tych transfer\u00f3w pozwala na sprostanie wymaganiom stawianym nadrukom w procesie certyfikacji Oeko-Tex Standard 100. Brak mo\u017cliwo\u015bci wydruku kolor\u00f3w neonowych oraz metalizowanych.","og_url":"https:\/\/plastisol-transfer.com\/en\/product\/transfer-cyfrowy-elastic\/","og_site_name":"Plastisol-Transfer.com | Press Your Success","article_publisher":"https:\/\/www.facebook.com\/sitodrukowy\/","article_modified_time":"2022-07-01T09:06:28+00:00","og_image":[{"width":2000,"height":2000,"url":"https:\/\/plastisol-transfer.com\/wp-content\/uploads\/2021\/08\/transfer_plastizolowy_soft.jpg","type":"image\/jpeg"}],"twitter_card":"summary_large_image","twitter_site":"@plasttransfer","schema":{"@context":"https:\/\/schema.org","@graph":[{"@type":["WebPage","ItemPage"],"@id":"https:\/\/plastisol-transfer.com\/de\/produkt\/transfer-cyfrowy-elastic\/","url":"https:\/\/plastisol-transfer.com\/de\/produkt\/transfer-cyfrowy-elastic\/","name":"Transfer cyfrowy ELASTIC - Plastisol-Transfer.com | Press Your Success","isPartOf":{"@id":"https:\/\/plastisol-transfer.com\/#website"},"primaryImageOfPage":{"@id":"https:\/\/plastisol-transfer.com\/de\/produkt\/transfer-cyfrowy-elastic\/#primaryimage"},"image":{"@id":"https:\/\/plastisol-transfer.com\/de\/produkt\/transfer-cyfrowy-elastic\/#primaryimage"},"thumbnailUrl":"https:\/\/plastisol-transfer.com\/wp-content\/uploads\/2021\/08\/transfer_plastizolowy_soft.jpg","datePublished":"2021-08-02T08:02:53+00:00","dateModified":"2022-07-01T09:06:28+00:00","breadcrumb":{"@id":"https:\/\/plastisol-transfer.com\/de\/produkt\/transfer-cyfrowy-elastic\/#breadcrumb"},"inLanguage":"en-GB","potentialAction":[{"@type":"ReadAction","target":["https:\/\/plastisol-transfer.com\/de\/produkt\/transfer-cyfrowy-elastic\/"]}]},{"@type":"ImageObject","inLanguage":"en-GB","@id":"https:\/\/plastisol-transfer.com\/de\/produkt\/transfer-cyfrowy-elastic\/#primaryimage","url":"https:\/\/plastisol-transfer.com\/wp-content\/uploads\/2021\/08\/transfer_plastizolowy_soft.jpg","contentUrl":"https:\/\/plastisol-transfer.com\/wp-content\/uploads\/2021\/08\/transfer_plastizolowy_soft.jpg","width":2000,"height":2000,"caption":"transfer_cyfrowy ELASTIC"},{"@type":"BreadcrumbList","@id":"https:\/\/plastisol-transfer.com\/de\/produkt\/transfer-cyfrowy-elastic\/#breadcrumb","itemListElement":[{"@type":"ListItem","position":1,"name":"Nadruki termotransferowe","item":"https:\/\/plastisol-transfer.com\/"},{"@type":"ListItem","position":2,"name":"Transfer cyfrowy ELASTIC"}]},{"@type":"WebSite","@id":"https:\/\/plastisol-transfer.com\/#website","url":"https:\/\/plastisol-transfer.com\/","name":"Plastisol-Transfer.com | Press Your Success","description":"Nadruki termotransferowe","publisher":{"@id":"https:\/\/plastisol-transfer.com\/#organization"},"potentialAction":[{"@type":"SearchAction","target":{"@type":"EntryPoint","urlTemplate":"https:\/\/plastisol-transfer.com\/?s={search_term_string}"},"query-input":{"@type":"PropertyValueSpecification","valueRequired":true,"valueName":"search_term_string"}}],"inLanguage":"en-GB"},{"@type":"Organization","@id":"https:\/\/plastisol-transfer.com\/#organization","name":"Plastisol-Transfer.com | Press Your Success","url":"https:\/\/plastisol-transfer.com\/","logo":{"@type":"ImageObject","inLanguage":"en-GB","@id":"https:\/\/plastisol-transfer.com\/#\/schema\/logo\/image\/","url":"https:\/\/plastisol-transfer.com\/wp-content\/uploads\/2022\/03\/logo_pt_new_color.png","contentUrl":"https:\/\/plastisol-transfer.com\/wp-content\/uploads\/2022\/03\/logo_pt_new_color.png","width":499,"height":127,"caption":"Plastisol-Transfer.com | Press Your Success"},"image":{"@id":"https:\/\/plastisol-transfer.com\/#\/schema\/logo\/image\/"},"sameAs":["https:\/\/www.facebook.com\/sitodrukowy\/","https:\/\/x.com\/plasttransfer","https:\/\/www.instagram.com\/sitodrukowy.pl\/","https:\/\/www.linkedin.com\/company\/plastisol-transfer-com\/","https:\/\/www.youtube.com\/channel\/UC9EtwcqRPx7ntet0dB_hKAQ\/"]}]}},"_links":{"self":[{"href":"https:\/\/plastisol-transfer.com\/en\/wp-json\/wp\/v2\/product\/5964","targetHints":{"allow":["GET"]}}],"collection":[{"href":"https:\/\/plastisol-transfer.com\/en\/wp-json\/wp\/v2\/product"}],"about":[{"href":"https:\/\/plastisol-transfer.com\/en\/wp-json\/wp\/v2\/types\/product"}],"wp:featuredmedia":[{"embeddable":true,"href":"https:\/\/plastisol-transfer.com\/en\/wp-json\/wp\/v2\/media\/6005"}],"wp:attachment":[{"href":"https:\/\/plastisol-transfer.com\/en\/wp-json\/wp\/v2\/media?parent=5964"}],"wp:term":[{"taxonomy":"product_brand","embeddable":true,"href":"https:\/\/plastisol-transfer.com\/en\/wp-json\/wp\/v2\/product_brand?post=5964"},{"taxonomy":"product_cat","embeddable":true,"href":"https:\/\/plastisol-transfer.com\/en\/wp-json\/wp\/v2\/product_cat?post=5964"},{"taxonomy":"product_tag","embeddable":true,"href":"https:\/\/plastisol-transfer.com\/en\/wp-json\/wp\/v2\/product_tag?post=5964"}],"curies":[{"name":"wp","href":"https:\/\/api.w.org\/{rel}","templated":true}]}}