{"id":8418,"date":"2022-12-20T09:06:30","date_gmt":"2022-12-20T08:06:30","guid":{"rendered":"https:\/\/plastisol-transfer.com\/?page_id=8418"},"modified":"2023-06-14T12:26:29","modified_gmt":"2023-06-14T10:26:29","slug":"rejestracja","status":"publish","type":"page","link":"https:\/\/plastisol-transfer.com\/en\/rejestracja\/","title":{"rendered":"Registration"},"content":{"rendered":"<div class=\"wpb-content-wrapper\"><div class=\"vc_row wpb_row row top-row vc_custom_1671524328286 wpb_custom_034b39d9bc6c6b310d69e39f0ccf274f\"><div class=\"sidebar-content vc_column_container col-md-2 vc_custom_1646993224156\"><div class=\"wpb_wrapper vc_column-inner\"><div class=\"porto-u-heading  wpb_custom_86d22bfbf1ba8b40511aa5d87d4cfb1a porto-u-ad87e2eaf3f9c495180fe0156ddf3eb0\"><div class=\"porto-u-main-heading\"><h2   style=\"margin-bottom: 5px;\">Plastisol transfers<\/h2><\/div><div class=\"porto-u-heading-spacer line_only\" style=\"height:1px;\"><span class=\"porto-u-headings-line\" style=\"border-style:solid;border-bottom-width:1px;border-color:#e7e7e7;\"><\/span><\/div><style>.porto-u-ad87e2eaf3f9c495180fe0156ddf3eb0.porto-u-heading{text-align:left}<\/style><\/div><a aria-label=\"ONE\" class=\"porto-sicon-box-link\" href=\"https:\/\/plastisol-transfer.com\/en\/product\/transfer-one\/\" title='Transfer ONE'><div class=\"porto-sicon-box  wpb_custom_44f7725ab5278a15813d89dfc7f4688f style_2 default-icon\"><div class=\"porto-sicon-default\"><div class=\"porto-just-icon-wrapper porto-sicon-img  porto-icon-9f5d1cfb45d27d96b50bf473aebba227\" style=\"font-size: 45px;\"><img decoding=\"async\" class=\"img-icon\" alt=\"\" src=\"https:\/\/plastisol-transfer.com\/wp-content\/uploads\/2022\/02\/one_logo.png\" width=\"439\" height=\"439\" \/><\/div><\/div><div class=\"porto-sicon-header\"><h3 class=\"porto-sicon-title\" style=\"\">ONE<\/h3><\/div> <!-- header --><\/div><!-- porto-sicon-box --><\/a><a aria-label=\"STANDARD\" class=\"porto-sicon-box-link\" href=\"https:\/\/plastisol-transfer.com\/en\/product\/transfer-plastizolowy-standard\/\" title='Transfer STANDARD'><div class=\"porto-sicon-box  wpb_custom_44f7725ab5278a15813d89dfc7f4688f style_2 default-icon\"><div class=\"porto-sicon-default\"><div class=\"porto-just-icon-wrapper porto-sicon-img  porto-icon-9f5d1cfb45d27d96b50bf473aebba227\" style=\"font-size: 45px;\"><img decoding=\"async\" class=\"img-icon\" alt=\"\" src=\"https:\/\/plastisol-transfer.com\/wp-content\/uploads\/2022\/02\/ps_logo.png\" width=\"439\" height=\"439\" \/><\/div><\/div><div class=\"porto-sicon-header\"><h3 class=\"porto-sicon-title\" style=\"\">STANDARD<\/h3><\/div> <!-- header --><\/div><!-- porto-sicon-box --><\/a><a aria-label=\"ELASTIC\" class=\"porto-sicon-box-link\" href=\"https:\/\/plastisol-transfer.com\/en\/product\/transfer-plastizolowy-elastic\/\" title='Transfer ELASTIC'><div class=\"porto-sicon-box  wpb_custom_44f7725ab5278a15813d89dfc7f4688f style_2 default-icon\"><div class=\"porto-sicon-default\"><div class=\"porto-just-icon-wrapper porto-sicon-img  porto-icon-9f5d1cfb45d27d96b50bf473aebba227\" style=\"font-size: 45px;\"><img decoding=\"async\" class=\"img-icon\" alt=\"\" src=\"https:\/\/plastisol-transfer.com\/wp-content\/uploads\/2022\/02\/elastic_logo.png\" width=\"439\" height=\"439\" \/><\/div><\/div><div class=\"porto-sicon-header\"><h3 class=\"porto-sicon-title\" style=\"\">ELASTIC<\/h3><\/div> <!-- header --><\/div><!-- porto-sicon-box --><\/a><a aria-label=\"BLOCKER\" class=\"porto-sicon-box-link\" href=\"https:\/\/plastisol-transfer.com\/en\/product\/transfer-plastizolowy-blocker\/\" title='Transfer BLOCKER'><div class=\"porto-sicon-box  wpb_custom_44f7725ab5278a15813d89dfc7f4688f style_2 default-icon\"><div class=\"porto-sicon-default\"><div class=\"porto-just-icon-wrapper porto-sicon-img  porto-icon-9f5d1cfb45d27d96b50bf473aebba227\" style=\"font-size: 45px;\"><img decoding=\"async\" class=\"img-icon\" alt=\"\" src=\"https:\/\/plastisol-transfer.com\/wp-content\/uploads\/2022\/02\/bl_logo.png\" width=\"439\" height=\"439\" \/><\/div><\/div><div class=\"porto-sicon-header\"><h3 class=\"porto-sicon-title\" style=\"\">BLOCKER<\/h3><\/div> <!-- header --><\/div><!-- porto-sicon-box --><\/a><a aria-label=\"SPORT\" class=\"porto-sicon-box-link\" href=\"https:\/\/plastisol-transfer.com\/en\/product\/transfer-plastizolowy-sport\/\" title='Transfer SPORT'><div class=\"porto-sicon-box  wpb_custom_44f7725ab5278a15813d89dfc7f4688f style_2 default-icon\"><div class=\"porto-sicon-default\"><div class=\"porto-just-icon-wrapper porto-sicon-img  porto-icon-9f5d1cfb45d27d96b50bf473aebba227\" style=\"font-size: 45px;\"><img decoding=\"async\" class=\"img-icon\" alt=\"\" src=\"https:\/\/plastisol-transfer.com\/wp-content\/uploads\/2022\/02\/sp_logo.png\" width=\"439\" height=\"439\" \/><\/div><\/div><div class=\"porto-sicon-header\"><h3 class=\"porto-sicon-title\" style=\"\">SPORT<\/h3><\/div> <!-- header --><\/div><!-- porto-sicon-box --><\/a><div class=\"porto-separator\"><hr class=\"separator-line  vc_custom_1646227630387 wpb_content_element align_left\" style=\"background-image: -webkit-linear-gradient(left, #e7e7e7, transparent); background-image: linear-gradient(to right, #e7e7e7, transparent);\"><\/div><div class=\"porto-modal-input-wrapper\"><img decoding=\"async\" src=\"https:\/\/plastisol-transfer.com\/wp-content\/uploads\/2022\/03\/promo_40_en.png\" alt=\"\" data-trigger-id=\"porto-modal-26e1626555b57447247695ac8e2317d1\" data-type=\"inline\" class=\"porto-modal-trigger img-responsive\" width=\"1199\" height=\"302\" data-overlay-class=\"mfp-fade\" \/><\/div><div id=\"porto-modal-26e1626555b57447247695ac8e2317d1\" class=\"mfp-hide\"><div class=\"porto-modal-content\">\n<p style=\"text-align: center;\"><div class=\"porto-block\" data-id=\"6601\"><style>.vc_custom_1646899977958{background-color: #ffffff !important;}<\/style><div class=\"vc_row wpb_row row top-row wpb_custom_034b39d9bc6c6b310d69e39f0ccf274f\"><div class=\"vc_column_container col-md-4\"><div class=\"wpb_wrapper vc_column-inner\"><\/div><\/div><div class=\"vc_column_container col-md-4 vc_custom_1646899977958\"><div class=\"wpb_wrapper vc_column-inner\">\n\t<div class=\"wpb_raw_code wpb_raw_js\" >\n\t\t<div class=\"wpb_wrapper\">\n\t\t\t<div id=\"zf_div_Z7RKMroaJaoMyHYk4nr7j0rbqDsCe0QvanX4V90wMxA\"><\/div><script type=\"text\/javascript\">(function() {\ntry{\nvar f = document.createElement(\"iframe\");\nf.src = 'https:\/\/forms.zohopublic.eu\/sitodrukowy\/form\/Getyour40DISCOUNT\/formperma\/Z7RKMroaJaoMyHYk4nr7j0rbqDsCe0QvanX4V90wMxA';\nf.style.border=\"none\";\nf.style.height=\"1050px\";\nf.style.width=\"90%\";\nf.style.transition=\"all 0.5s ease\";\nvar d = document.getElementById(\"zf_div_Z7RKMroaJaoMyHYk4nr7j0rbqDsCe0QvanX4V90wMxA\");\nd.appendChild(f);\n}catch(e){}\n})();<\/script>\n\t\t<\/div>\n\t<\/div>\n<\/div><\/div><div class=\"vc_column_container col-md-4\"><div class=\"wpb_wrapper vc_column-inner\"><\/div><\/div><\/div><\/div>\n<p><\/div><\/div><div class=\"porto-separator\"><hr class=\"separator-line  vc_custom_1646227639957 wpb_content_element align_left\" style=\"background-image: -webkit-linear-gradient(left, #e7e7e7, transparent); background-image: linear-gradient(to right, #e7e7e7, transparent);\"><\/div><div class=\"porto-sicon-box  wpb_custom_451159b0b7be16432bf6ab7cd444e3c5 style_1 default-icon\"><div class=\"porto-sicon-default\"><div class=\"porto-just-icon-wrapper porto-icon none\" style=\"font-size:32px;\"><i class=\"porto-icon-truck\"><\/i><\/div><\/div><div class=\"porto-sicon-header\"><h3 class=\"porto-sicon-title\" style=\"\">Only here<\/h3><p>shipping even in 24h<\/p><\/div> <!-- header --><\/div><!-- porto-sicon-box --><div class=\"porto-separator\"><hr class=\"separator-line  vc_custom_1646227635375 wpb_content_element align_left\" style=\"background-image: -webkit-linear-gradient(left, #e7e7e7, transparent); background-image: linear-gradient(to right, #e7e7e7, transparent);\"><\/div><div class=\"porto-sicon-box  wpb_custom_451159b0b7be16432bf6ab7cd444e3c5 style_1 default-icon flex-wrap\"><div class=\"porto-sicon-default\"><div class=\"porto-just-icon-wrapper porto-icon none\" style=\"font-size:32px;\"><i class=\"porto-icon-earphones-alt\"><\/i><\/div><\/div><div class=\"porto-sicon-header\"><h3 class=\"porto-sicon-title\" style=\"\">Contact us<\/h3><p>+44 75 76 566 284<\/p><\/div> <!-- header --><div class=\"porto-sicon-description\" style=\"\">Mon. \u2013 Fr. : 7:00 \u2013 15:00<\/div> <!-- description --><\/div><!-- porto-sicon-box --><div class=\"porto-separator\"><hr class=\"separator-line  vc_custom_1646227639957 wpb_content_element align_left\" style=\"background-image: -webkit-linear-gradient(left, #e7e7e7, transparent); background-image: linear-gradient(to right, #e7e7e7, transparent);\"><\/div><div class=\"porto-u-heading  wpb_custom_5c1fb82f649759d3dc17a9fbc1f4f0f9 porto-u-ad87e2eaf3f9c495180fe0156ddf3eb0\"><div class=\"porto-u-main-heading\"><h2  >Follow us<\/h2><\/div><style>.porto-u-ad87e2eaf3f9c495180fe0156ddf3eb0.porto-u-heading{text-align:left}<\/style><\/div><div class=\"share-links wpb_custom_0b2c86e6f6eee43fd20ac8ea1bad73e6\">\t\t<a target=\"_blank\"  rel=\"nofollow noopener noreferrer\" class=\"share-facebook\" href=\"https:\/\/www.facebook.com\/Plastisol-transfercom-109016038376531\" aria-label=\"Facebook\" title=\"Facebook\" data-no-translation-aria-label=\"\" data-no-translation-title=\"\"><\/a>\r\n\t\t\t\t<a target=\"_blank\"  rel=\"nofollow noopener noreferrer\" class=\"share-twitter\" href=\"https:\/\/twitter.com\/plasttransfer\/\" aria-label=\"X\" title=\"X\" data-no-translation-aria-label=\"\" data-no-translation-title=\"\"><\/a>\r\n\t\t\t\t<a target=\"_blank\"  rel=\"nofollow noopener noreferrer\" class=\"share-youtube\" href=\"https:\/\/www.youtube.com\/channel\/UCpqei5sPu9FAcK14KifnZHA\" aria-label=\"Youtube\" title=\"Youtube\" data-no-translation-aria-label=\"\" data-no-translation-title=\"\"><\/a>\r\n\t\t\t\t<a target=\"_blank\"  rel=\"nofollow noopener noreferrer\" class=\"share-instagram\" href=\"https:\/\/www.instagram.com\/plastisol_transfer\/\" aria-label=\"Instagram\" title=\"Instagram\" data-no-translation-aria-label=\"\" data-no-translation-title=\"\"><\/a>\r\n\t\t\t\t<a target=\"_blank\"  rel=\"nofollow noopener noreferrer\" class=\"share-linkedin\" href=\"https:\/\/www.linkedin.com\/company\/plastisol-transfer-com\/\" aria-label=\"LinkedIn\" title=\"LinkedIn\" data-no-translation-aria-label=\"\" data-no-translation-title=\"\"><\/a>\r\n\t\t\t\t<a  rel=\"nofollow noopener noreferrer\" class=\"share-whatsapp\" style=\"display:none\" href=\"whatsapp:\/\/send?text=+48656144144\" data-action=\"share\/whatsapp\/share\" aria-label=\"WhatsApp\" title=\"WhatsApp\" data-no-translation=\"\" data-trp-gettext=\"\" data-no-translation-aria-label=\"\" data-no-translation-title=\"\">WhatsApp<\/a>\r\n\t\t<\/div><\/div><\/div><div class=\"vc_column_container col-md-10 vc_custom_1671524189630\"><div class=\"wpb_wrapper vc_column-inner\"><div class=\"vc_row wpb_row vc_inner row\"><div class=\"vc_column_container col-md-2\"><div class=\"wpb_wrapper vc_column-inner\"><\/div><\/div><div class=\"vc_column_container col-md-8\"><div class=\"wpb_wrapper vc_column-inner\"><div class=\"porto-u-heading  wpb_custom_beb37cf1ab2e6d01c58569c4cb33838a porto-u-ad87e2eaf3f9c495180fe0156ddf3eb0\"><div class=\"porto-u-main-heading\"><h2  >Registration<\/h2><\/div><style>.porto-u-ad87e2eaf3f9c495180fe0156ddf3eb0.porto-u-heading{text-align:left}<\/style><\/div><\/div><\/div><div class=\"vc_column_container col-md-2\"><div class=\"wpb_wrapper vc_column-inner\"><\/div><\/div><\/div><div class=\"vc_row wpb_row vc_inner row\"><div class=\"vc_column_container col-md-2\"><div class=\"wpb_wrapper vc_column-inner\"><\/div><\/div><div class=\"vc_column_container col-md-8\"><div class=\"wpb_wrapper vc_column-inner\">\r\n\t<div class=\"wpb_text_column wpb_content_element wpb_custom_7c91d232724f73626cc933bd95b25ff0\" >\r\n\t\t<div class=\"wpb_wrapper\">\r\n\t\t\t\t<div class='user-registration ur-frontend-form ur-frontend-form--flat' id='user-registration-form-8416'>\n\t\t<form method='post' class='register' data-form-id=\"8416\"\n\t\t\t  data-enable-strength-password=\"1\" data-minimum-password-strength=\"1\"  \"enctype=\"multipart\/form-data\"\" data-captcha-enabled=\"1\" action=\"\">\n\n\t\t\t\t\t\t\t\t\t<div class='ur-form-row'>\n\t\t\t\t\t\t\t\t\t\t\t\t\t\t\t\t<div class=\"ur-form-grid ur-grid-1\"\n\t\t\t\t\t\t\t\t\t\t\t style=\"width:48%\">\n\t\t\t\t\t\t\t\t\t\t\t\t\t\t\t\t\t\t\t\t\t\t\t\t<div  data-field-id=\"user_email\" class=\"ur-field-item field-user_email\">\n\t\t\t\t\t\t\t\t\t\t\t\t\t<div class=\"form-row validate-required\" id=\"user_email_field\" data-priority=\"\" ><label for=\"user_email\" class=\"ur-label\">Email <abbr class=\"required\" title=\"required\" data-no-translation-title=\"\">*<\/abbr><\/label> <span class=\"input-wrapper\"> <input data-rules=\"\" data-id=\"user_email\" type=\"email\" class=\"input-text  input-email ur-frontend-field\" name=\"user_email\" id=\"user_email\" placeholder=\"\"  value=\"\" required=\"required\" data-label=\"Email\" \/><span class=\"ur-icon ur-icon-email\"><\/span> <\/span> <\/div>\t\t\t\t\t\t\t\t\t\t\t\t\t\t\t<\/div>\n\t\t\t\t\t\t\t\t\t\t\t\t\t\t\t\t\t\t\t\t\t\t\t<\/div>\n\t\t\t\t\t\t\t\t\t\t\t\t\t\t\t\t\t\t\t<div class=\"ur-form-grid ur-grid-2\"\n\t\t\t\t\t\t\t\t\t\t\t style=\"width:48%\">\n\t\t\t\t\t\t\t\t\t\t\t\t\t\t\t\t\t\t\t\t\t\t\t\t<div  data-field-id=\"phone_1657885285\" class=\"ur-field-item field-phone\">\n\t\t\t\t\t\t\t\t\t\t\t\t\t<p class=\"form-row\" id=\"phone_1657885285\" data-priority=\"\"><label for=\"Telefon\" class=\"ur-label\">Phone <abbr class=\"required\" title=\"required\" data-no-translation-title=\"\">*<\/abbr><\/label> <input data-rules=\"\" data-inputmask=\"'mask':''\" data-id=\"phone_1657885285\" type=\"text\" value=\"\" class=\"ur-frontend-field  ur-masked-input\" name=\"phone_1657885285\" id=\"phone_1657885285\" required=\"required\" data-label=\"Telefon\"\/> \t\t\t\t\t\t\t\t\t\t\t\t\t\t\t<\/div>\n\t\t\t\t\t\t\t\t\t\t\t\t\t\t\t\t\t\t\t\t\t\t\t<\/div>\n\t\t\t\t\t\t\t\t\t\t\t\t\t\t\t<\/div>\n\t\t\t\t\t\t\t\t\t\t<div class='ur-form-row'>\n\t\t\t\t\t\t\t\t\t\t\t\t\t\t\t\t<div class=\"ur-form-grid ur-grid-1\"\n\t\t\t\t\t\t\t\t\t\t\t style=\"width:48%\">\n\t\t\t\t\t\t\t\t\t\t\t\t\t\t\t\t\t\t\t\t\t\t\t\t<div  data-field-id=\"first_name\" class=\"ur-field-item field-first_name\">\n\t\t\t\t\t\t\t\t\t\t\t\t\t<div class=\"form-row\" id=\"first_name_field\" data-priority=\"\" ><label for=\"first_name\" class=\"ur-label\">First name<\/label> <span class=\"input-wrapper\"> <input data-rules=\"\" data-id=\"first_name\" type=\"text\" class=\"input-text  input-text ur-frontend-field\" name=\"first_name\" id=\"first_name\" placeholder=\"\"  value=\"\" data-label=\"Imi\u0119\" \/><span class=\"ur-icon ur-icon-input-first-name\"><\/span> <\/span> <\/div>\t\t\t\t\t\t\t\t\t\t\t\t\t\t\t<\/div>\n\t\t\t\t\t\t\t\t\t\t\t\t\t\t\t\t\t\t\t\t\t\t\t\t\t\t\t\t<div  data-field-id=\"user_pass\" class=\"ur-field-item field-user_pass\">\n\t\t\t\t\t\t\t\t\t\t\t\t\t<div class=\"form-row validate-required hide_show_password\" id=\"user_pass_field\" data-priority=\"\"><label for=\"user_pass\" class=\"ur-label\">Password <abbr class=\"required\" title=\"required\" data-no-translation-title=\"\">*<\/abbr><\/label> <span class=\"input-wrapper\"> <span class=\"password-input-group input-form-field-icons\"><input data-rules=\"\" data-id=\"user_pass\" type=\"password\" class=\"input-text  input-password ur-frontend-field\" name=\"user_pass\" id=\"user_pass\" placeholder=\"\"  value=\"\" required=\"required\" data-label=\"Has\u0142o\" \/><a href=\"javaScript:void(0)\" class=\"password_preview dashicons dashicons-hidden\" title=\" Show password \"><\/a><\/span><span class=\"ur-icon ur-icon-password\"><\/span> <\/span> <\/div>\t\t\t\t\t\t\t\t\t\t\t\t\t\t\t<\/div>\n\t\t\t\t\t\t\t\t\t\t\t\t\t\t\t\t\t\t\t\t\t\t\t<\/div>\n\t\t\t\t\t\t\t\t\t\t\t\t\t\t\t\t\t\t\t<div class=\"ur-form-grid ur-grid-2\"\n\t\t\t\t\t\t\t\t\t\t\t style=\"width:48%\">\n\t\t\t\t\t\t\t\t\t\t\t\t\t\t\t\t\t\t\t\t\t\t\t\t<div  data-field-id=\"last_name\" class=\"ur-field-item field-last_name\">\n\t\t\t\t\t\t\t\t\t\t\t\t\t<div class=\"form-row\" id=\"last_name_field\" data-priority=\"\" ><label for=\"last_name\" class=\"ur-label\">Last name<\/label> <span class=\"input-wrapper\"> <input data-rules=\"\" data-id=\"last_name\" type=\"text\" class=\"input-text  input-text ur-frontend-field\" name=\"last_name\" id=\"last_name\" placeholder=\"\"  value=\"\" data-label=\"Nazwisko\" \/><span class=\"ur-icon ur-icon-input-last-name\"><\/span> <\/span> <\/div>\t\t\t\t\t\t\t\t\t\t\t\t\t\t\t<\/div>\n\t\t\t\t\t\t\t\t\t\t\t\t\t\t\t\t\t\t\t\t\t\t\t\t\t\t\t\t<div  data-field-id=\"user_confirm_password\" class=\"ur-field-item field-user_confirm_password\">\n\t\t\t\t\t\t\t\t\t\t\t\t\t<div class=\"form-row validate-required hide_show_password\" id=\"user_confirm_password_field\" data-priority=\"\"><label for=\"user_confirm_password\" class=\"ur-label\">Repeat password <abbr class=\"required\" title=\"required\" data-no-translation-title=\"\">*<\/abbr><\/label> <span class=\"input-wrapper\"> <span class=\"password-input-group input-form-field-icons\"><input data-rules=\"\" data-id=\"user_confirm_password\" type=\"password\" class=\"input-text  input-password ur-frontend-field\" name=\"user_confirm_password\" id=\"user_confirm_password\" placeholder=\"\"  value=\"\" required=\"required\" data-label=\"Powt\u00f3rz has\u0142o\" \/><a href=\"javaScript:void(0)\" class=\"password_preview dashicons dashicons-hidden\" title=\" Show password \"><\/a><\/span><span class=\"ur-icon ur-icon-password-confirm\"><\/span> <\/span> <\/div>\t\t\t\t\t\t\t\t\t\t\t\t\t\t\t<\/div>\n\t\t\t\t\t\t\t\t\t\t\t\t\t\t\t\t\t\t\t\t\t\t\t<\/div>\n\t\t\t\t\t\t\t\t\t\t\t\t\t\t\t<\/div>\n\t\t\t\t\t\t\t\t\t<div id=\"ur-recaptcha-node\"> <div id=\"node_recaptcha_register\" class=\"g-recaptcha\"><\/div><\/div>\t\t\t\t\t<div class=\"ur-button-container\" >\n\t\t\t\t\t\t\t\t\t\t\t\t<button type=\"submit\" class=\"btn button ur-submit-button porto-btn porto-adjust-bottom-margin porto-btn-normal porto-btn-no-hover-bg wpb_custom_bfb2c4407c53f38459b8ecba97a31f36 porto-btn-center\">\n\t\t\t\t\t\t\t<span><\/span>\n\t\t\t\t\t\t\tRegister\t\t\t\t\t\t<\/button>\n\t\t\t\t\t\t\t\t\t\t\t\t\t\t\t\t\t<\/div>\n\t\t\t\t\t\n\t\t\t<div style=\"clear:both\"><\/div>\n\t\t\t\t\t\t<input type=\"hidden\" id=\"ur-form-field-icon\" name=\"ur-field-icon\" value=\"1\"\/>\n\t\t\t\t\t\t<input type=\"hidden\" name=\"ur-user-form-id\" value=\"8416\"\/>\n\t\t\t<input type=\"hidden\" name=\"ur-redirect-url\" value=\"https:\/\/plastisol-transfer.com\/\"\/>\n\t\t\t<input type=\"hidden\" id=\"ur_frontend_form_nonce\" name=\"ur_frontend_form_nonce\" value=\"6be89d40ff\" \/>\n\t\t\t\t\t<input type=\"hidden\" name=\"trp-form-language\" value=\"en\"\/><\/form>\n\n\t\t<div style=\"clear:both\"><\/div>\n\t<\/div>\n\n\r\n\t\t<\/div>\r\n\t<\/div>\r\n<\/div><\/div><div class=\"vc_column_container col-md-2\"><div class=\"wpb_wrapper vc_column-inner\"><\/div><\/div><\/div><\/div><\/div><\/div>\n<\/div>","protected":false},"excerpt":{"rendered":"Transfery plastizoloweONE STANDARD ELASTIC BLOCKER SPORT Tylko u naswysy\u0142ka nawet w 24h Skontaktuj si\u0119 z nami+48 656 144 144 Pon. - Pt. : 7:00 - 15:00 Obserwuj nas WhatsApp Rejestracja Email * Telefon * Imi\u0119 Has\u0142o * Nazwisko Powt\u00f3rz has\u0142o * Zarejestruj","protected":false},"author":1,"featured_media":0,"parent":0,"menu_order":0,"comment_status":"closed","ping_status":"closed","template":"","meta":{"footnotes":""},"class_list":["post-8418","page","type-page","status-publish","hentry"],"yoast_head":"<!-- This site is optimized with the Yoast SEO plugin v27.4 - https:\/\/yoast.com\/product\/yoast-seo-wordpress\/ -->\n<title>Rejestracja - Plastisol-Transfer.com | Press Your Success<\/title>\n<meta name=\"robots\" content=\"index, follow, max-snippet:-1, max-image-preview:large, max-video-preview:-1\" \/>\n<link rel=\"canonical\" href=\"https:\/\/plastisol-transfer.com\/en\/rejestracja\/\" \/>\n<meta property=\"og:locale\" content=\"en_GB\" \/>\n<meta property=\"og:type\" content=\"article\" \/>\n<meta property=\"og:title\" content=\"Rejestracja - Plastisol-Transfer.com | Press Your Success\" \/>\n<meta property=\"og:url\" content=\"https:\/\/plastisol-transfer.com\/en\/rejestracja\/\" \/>\n<meta property=\"og:site_name\" content=\"Plastisol-Transfer.com | Press Your Success\" \/>\n<meta property=\"article:publisher\" content=\"https:\/\/www.facebook.com\/sitodrukowy\/\" \/>\n<meta property=\"article:modified_time\" content=\"2023-06-14T10:26:29+00:00\" \/>\n<meta name=\"twitter:card\" content=\"summary_large_image\" \/>\n<meta name=\"twitter:site\" content=\"@plasttransfer\" \/>\n<meta name=\"twitter:label1\" content=\"Estimated reading time\" \/>\n\t<meta name=\"twitter:data1\" content=\"4 minutes\" \/>\n<script type=\"application\/ld+json\" class=\"yoast-schema-graph\">{\"@context\":\"https:\\\/\\\/schema.org\",\"@graph\":[{\"@type\":\"WebPage\",\"@id\":\"https:\\\/\\\/plastisol-transfer.com\\\/rejestracja\\\/\",\"url\":\"https:\\\/\\\/plastisol-transfer.com\\\/rejestracja\\\/\",\"name\":\"Rejestracja - Plastisol-Transfer.com | Press Your Success\",\"isPartOf\":{\"@id\":\"https:\\\/\\\/plastisol-transfer.com\\\/#website\"},\"datePublished\":\"2022-12-20T08:06:30+00:00\",\"dateModified\":\"2023-06-14T10:26:29+00:00\",\"inLanguage\":\"en-GB\",\"potentialAction\":[{\"@type\":\"ReadAction\",\"target\":[\"https:\\\/\\\/plastisol-transfer.com\\\/rejestracja\\\/\"]}]},{\"@type\":\"WebSite\",\"@id\":\"https:\\\/\\\/plastisol-transfer.com\\\/#website\",\"url\":\"https:\\\/\\\/plastisol-transfer.com\\\/\",\"name\":\"Plastisol-Transfer.com | Press Your Success\",\"description\":\"Nadruki termotransferowe\",\"publisher\":{\"@id\":\"https:\\\/\\\/plastisol-transfer.com\\\/#organization\"},\"potentialAction\":[{\"@type\":\"SearchAction\",\"target\":{\"@type\":\"EntryPoint\",\"urlTemplate\":\"https:\\\/\\\/plastisol-transfer.com\\\/?s={search_term_string}\"},\"query-input\":{\"@type\":\"PropertyValueSpecification\",\"valueRequired\":true,\"valueName\":\"search_term_string\"}}],\"inLanguage\":\"en-GB\"},{\"@type\":\"Organization\",\"@id\":\"https:\\\/\\\/plastisol-transfer.com\\\/#organization\",\"name\":\"Plastisol-Transfer.com | Press Your Success\",\"url\":\"https:\\\/\\\/plastisol-transfer.com\\\/\",\"logo\":{\"@type\":\"ImageObject\",\"inLanguage\":\"en-GB\",\"@id\":\"https:\\\/\\\/plastisol-transfer.com\\\/#\\\/schema\\\/logo\\\/image\\\/\",\"url\":\"https:\\\/\\\/plastisol-transfer.com\\\/wp-content\\\/uploads\\\/2022\\\/03\\\/logo_pt_new_color.png\",\"contentUrl\":\"https:\\\/\\\/plastisol-transfer.com\\\/wp-content\\\/uploads\\\/2022\\\/03\\\/logo_pt_new_color.png\",\"width\":499,\"height\":127,\"caption\":\"Plastisol-Transfer.com | Press Your Success\"},\"image\":{\"@id\":\"https:\\\/\\\/plastisol-transfer.com\\\/#\\\/schema\\\/logo\\\/image\\\/\"},\"sameAs\":[\"https:\\\/\\\/www.facebook.com\\\/sitodrukowy\\\/\",\"https:\\\/\\\/x.com\\\/plasttransfer\",\"https:\\\/\\\/www.instagram.com\\\/sitodrukowy.pl\\\/\",\"https:\\\/\\\/www.linkedin.com\\\/company\\\/plastisol-transfer-com\\\/\",\"https:\\\/\\\/www.youtube.com\\\/channel\\\/UC9EtwcqRPx7ntet0dB_hKAQ\\\/\"]}]}<\/script>\n<!-- \/ Yoast SEO plugin. -->","yoast_head_json":{"title":"Rejestracja - Plastisol-Transfer.com | Press Your Success","robots":{"index":"index","follow":"follow","max-snippet":"max-snippet:-1","max-image-preview":"max-image-preview:large","max-video-preview":"max-video-preview:-1"},"canonical":"https:\/\/plastisol-transfer.com\/en\/rejestracja\/","og_locale":"en_GB","og_type":"article","og_title":"Rejestracja - Plastisol-Transfer.com | Press Your Success","og_url":"https:\/\/plastisol-transfer.com\/en\/rejestracja\/","og_site_name":"Plastisol-Transfer.com | Press Your Success","article_publisher":"https:\/\/www.facebook.com\/sitodrukowy\/","article_modified_time":"2023-06-14T10:26:29+00:00","twitter_card":"summary_large_image","twitter_site":"@plasttransfer","twitter_misc":{"Estimated reading time":"4 minutes"},"schema":{"@context":"https:\/\/schema.org","@graph":[{"@type":"WebPage","@id":"https:\/\/plastisol-transfer.com\/rejestracja\/","url":"https:\/\/plastisol-transfer.com\/rejestracja\/","name":"Rejestracja - Plastisol-Transfer.com | Press Your Success","isPartOf":{"@id":"https:\/\/plastisol-transfer.com\/#website"},"datePublished":"2022-12-20T08:06:30+00:00","dateModified":"2023-06-14T10:26:29+00:00","inLanguage":"en-GB","potentialAction":[{"@type":"ReadAction","target":["https:\/\/plastisol-transfer.com\/rejestracja\/"]}]},{"@type":"WebSite","@id":"https:\/\/plastisol-transfer.com\/#website","url":"https:\/\/plastisol-transfer.com\/","name":"Plastisol-Transfer.com | Press Your Success","description":"Nadruki termotransferowe","publisher":{"@id":"https:\/\/plastisol-transfer.com\/#organization"},"potentialAction":[{"@type":"SearchAction","target":{"@type":"EntryPoint","urlTemplate":"https:\/\/plastisol-transfer.com\/?s={search_term_string}"},"query-input":{"@type":"PropertyValueSpecification","valueRequired":true,"valueName":"search_term_string"}}],"inLanguage":"en-GB"},{"@type":"Organization","@id":"https:\/\/plastisol-transfer.com\/#organization","name":"Plastisol-Transfer.com | Press Your Success","url":"https:\/\/plastisol-transfer.com\/","logo":{"@type":"ImageObject","inLanguage":"en-GB","@id":"https:\/\/plastisol-transfer.com\/#\/schema\/logo\/image\/","url":"https:\/\/plastisol-transfer.com\/wp-content\/uploads\/2022\/03\/logo_pt_new_color.png","contentUrl":"https:\/\/plastisol-transfer.com\/wp-content\/uploads\/2022\/03\/logo_pt_new_color.png","width":499,"height":127,"caption":"Plastisol-Transfer.com | Press Your Success"},"image":{"@id":"https:\/\/plastisol-transfer.com\/#\/schema\/logo\/image\/"},"sameAs":["https:\/\/www.facebook.com\/sitodrukowy\/","https:\/\/x.com\/plasttransfer","https:\/\/www.instagram.com\/sitodrukowy.pl\/","https:\/\/www.linkedin.com\/company\/plastisol-transfer-com\/","https:\/\/www.youtube.com\/channel\/UC9EtwcqRPx7ntet0dB_hKAQ\/"]}]}},"_links":{"self":[{"href":"https:\/\/plastisol-transfer.com\/en\/wp-json\/wp\/v2\/pages\/8418","targetHints":{"allow":["GET"]}}],"collection":[{"href":"https:\/\/plastisol-transfer.com\/en\/wp-json\/wp\/v2\/pages"}],"about":[{"href":"https:\/\/plastisol-transfer.com\/en\/wp-json\/wp\/v2\/types\/page"}],"author":[{"embeddable":true,"href":"https:\/\/plastisol-transfer.com\/en\/wp-json\/wp\/v2\/users\/1"}],"replies":[{"embeddable":true,"href":"https:\/\/plastisol-transfer.com\/en\/wp-json\/wp\/v2\/comments?post=8418"}],"version-history":[{"count":0,"href":"https:\/\/plastisol-transfer.com\/en\/wp-json\/wp\/v2\/pages\/8418\/revisions"}],"wp:attachment":[{"href":"https:\/\/plastisol-transfer.com\/en\/wp-json\/wp\/v2\/media?parent=8418"}],"curies":[{"name":"wp","href":"https:\/\/api.w.org\/{rel}","templated":true}]}}