{"id":2368,"date":"2021-02-26T09:26:34","date_gmt":"2021-02-26T08:26:34","guid":{"rendered":"https:\/\/plastisol-transfer.com\/?page_id=2368"},"modified":"2022-12-02T08:24:56","modified_gmt":"2022-12-02T07:24:56","slug":"o-nas","status":"publish","type":"page","link":"https:\/\/plastisol-transfer.com\/en\/about-us\/","title":{"rendered":"Read more"},"content":{"rendered":"<div class=\"wpb-content-wrapper\"><div class=\"vc_row wpb_row row top-row wpb_custom_034b39d9bc6c6b310d69e39f0ccf274f\"><div class=\"sidebar-content vc_column_container col-md-2 vc_custom_1646993224156\"><div class=\"wpb_wrapper vc_column-inner\"><div class=\"porto-u-heading  wpb_custom_86d22bfbf1ba8b40511aa5d87d4cfb1a porto-u-ad87e2eaf3f9c495180fe0156ddf3eb0\"><div class=\"porto-u-main-heading\"><h2   style=\"margin-bottom: 5px;\">Plastisol transfers<\/h2><\/div><div class=\"porto-u-heading-spacer line_only\" style=\"height:1px;\"><span class=\"porto-u-headings-line\" style=\"border-style:solid;border-bottom-width:1px;border-color:#e7e7e7;\"><\/span><\/div><style>.porto-u-ad87e2eaf3f9c495180fe0156ddf3eb0.porto-u-heading{text-align:left}<\/style><\/div><a aria-label=\"ONE\" class=\"porto-sicon-box-link\" href=\"https:\/\/plastisol-transfer.com\/en\/product\/transfer-one\/\" title='Transfer ONE'><div class=\"porto-sicon-box  wpb_custom_44f7725ab5278a15813d89dfc7f4688f style_2 default-icon\"><div class=\"porto-sicon-default\"><div class=\"porto-just-icon-wrapper porto-sicon-img  porto-icon-9f5d1cfb45d27d96b50bf473aebba227\" style=\"font-size: 45px;\"><img decoding=\"async\" class=\"img-icon\" alt=\"\" src=\"https:\/\/plastisol-transfer.com\/wp-content\/uploads\/2022\/02\/one_logo.png\" width=\"439\" height=\"439\" \/><\/div><\/div><div class=\"porto-sicon-header\"><h3 class=\"porto-sicon-title\" style=\"\">ONE<\/h3><\/div> <!-- header --><\/div><!-- porto-sicon-box --><\/a><a aria-label=\"STANDARD\" class=\"porto-sicon-box-link\" href=\"https:\/\/plastisol-transfer.com\/en\/product\/transfer-plastizolowy-standard\/\" title='Transfer STANDARD'><div class=\"porto-sicon-box  wpb_custom_44f7725ab5278a15813d89dfc7f4688f style_2 default-icon\"><div class=\"porto-sicon-default\"><div class=\"porto-just-icon-wrapper porto-sicon-img  porto-icon-9f5d1cfb45d27d96b50bf473aebba227\" style=\"font-size: 45px;\"><img decoding=\"async\" class=\"img-icon\" alt=\"\" src=\"https:\/\/plastisol-transfer.com\/wp-content\/uploads\/2022\/02\/ps_logo.png\" width=\"439\" height=\"439\" \/><\/div><\/div><div class=\"porto-sicon-header\"><h3 class=\"porto-sicon-title\" style=\"\">STANDARD<\/h3><\/div> <!-- header --><\/div><!-- porto-sicon-box --><\/a><a aria-label=\"ELASTIC\" class=\"porto-sicon-box-link\" href=\"https:\/\/plastisol-transfer.com\/en\/product\/transfer-plastizolowy-elastic\/\" title='Transfer ELASTIC'><div class=\"porto-sicon-box  wpb_custom_44f7725ab5278a15813d89dfc7f4688f style_2 default-icon\"><div class=\"porto-sicon-default\"><div class=\"porto-just-icon-wrapper porto-sicon-img  porto-icon-9f5d1cfb45d27d96b50bf473aebba227\" style=\"font-size: 45px;\"><img decoding=\"async\" class=\"img-icon\" alt=\"\" src=\"https:\/\/plastisol-transfer.com\/wp-content\/uploads\/2022\/02\/elastic_logo.png\" width=\"439\" height=\"439\" \/><\/div><\/div><div class=\"porto-sicon-header\"><h3 class=\"porto-sicon-title\" style=\"\">ELASTIC<\/h3><\/div> <!-- header --><\/div><!-- porto-sicon-box --><\/a><a aria-label=\"BLOCKER\" class=\"porto-sicon-box-link\" href=\"https:\/\/plastisol-transfer.com\/en\/product\/transfer-plastizolowy-blocker\/\" title='Transfer BLOCKER'><div class=\"porto-sicon-box  wpb_custom_44f7725ab5278a15813d89dfc7f4688f style_2 default-icon\"><div class=\"porto-sicon-default\"><div class=\"porto-just-icon-wrapper porto-sicon-img  porto-icon-9f5d1cfb45d27d96b50bf473aebba227\" style=\"font-size: 45px;\"><img decoding=\"async\" class=\"img-icon\" alt=\"\" src=\"https:\/\/plastisol-transfer.com\/wp-content\/uploads\/2022\/02\/bl_logo.png\" width=\"439\" height=\"439\" \/><\/div><\/div><div class=\"porto-sicon-header\"><h3 class=\"porto-sicon-title\" style=\"\">BLOCKER<\/h3><\/div> <!-- header --><\/div><!-- porto-sicon-box --><\/a><a aria-label=\"SPORT\" class=\"porto-sicon-box-link\" href=\"https:\/\/plastisol-transfer.com\/en\/product\/transfer-plastizolowy-sport\/\" title='Transfer SPORT'><div class=\"porto-sicon-box  wpb_custom_44f7725ab5278a15813d89dfc7f4688f style_2 default-icon\"><div class=\"porto-sicon-default\"><div class=\"porto-just-icon-wrapper porto-sicon-img  porto-icon-9f5d1cfb45d27d96b50bf473aebba227\" style=\"font-size: 45px;\"><img decoding=\"async\" class=\"img-icon\" alt=\"\" src=\"https:\/\/plastisol-transfer.com\/wp-content\/uploads\/2022\/02\/sp_logo.png\" width=\"439\" height=\"439\" \/><\/div><\/div><div class=\"porto-sicon-header\"><h3 class=\"porto-sicon-title\" style=\"\">SPORT<\/h3><\/div> <!-- header --><\/div><!-- porto-sicon-box --><\/a><div class=\"porto-separator\"><hr class=\"separator-line  vc_custom_1646227630387 wpb_content_element align_left\" style=\"background-image: -webkit-linear-gradient(left, #e7e7e7, transparent); background-image: linear-gradient(to right, #e7e7e7, transparent);\"><\/div><div class=\"porto-modal-input-wrapper\"><img decoding=\"async\" src=\"https:\/\/plastisol-transfer.com\/wp-content\/uploads\/2022\/03\/promo_40_en.png\" alt=\"\" data-trigger-id=\"porto-modal-26e1626555b57447247695ac8e2317d1\" data-type=\"inline\" class=\"porto-modal-trigger img-responsive\" width=\"1199\" height=\"302\" data-overlay-class=\"mfp-fade\" \/><\/div><div id=\"porto-modal-26e1626555b57447247695ac8e2317d1\" class=\"mfp-hide\"><div class=\"porto-modal-content\">\n<p style=\"text-align: center;\"><div class=\"porto-block\" data-id=\"6601\"><style>.vc_custom_1646899977958{background-color: #ffffff !important;}<\/style><div class=\"vc_row wpb_row row top-row wpb_custom_034b39d9bc6c6b310d69e39f0ccf274f\"><div class=\"vc_column_container col-md-4\"><div class=\"wpb_wrapper vc_column-inner\"><\/div><\/div><div class=\"vc_column_container col-md-4 vc_custom_1646899977958\"><div class=\"wpb_wrapper vc_column-inner\">\n\t<div class=\"wpb_raw_code wpb_raw_js\" >\n\t\t<div class=\"wpb_wrapper\">\n\t\t\t<div id=\"zf_div_Z7RKMroaJaoMyHYk4nr7j0rbqDsCe0QvanX4V90wMxA\"><\/div><script type=\"text\/javascript\">(function() {\ntry{\nvar f = document.createElement(\"iframe\");\nf.src = 'https:\/\/forms.zohopublic.eu\/sitodrukowy\/form\/Getyour40DISCOUNT\/formperma\/Z7RKMroaJaoMyHYk4nr7j0rbqDsCe0QvanX4V90wMxA';\nf.style.border=\"none\";\nf.style.height=\"1050px\";\nf.style.width=\"90%\";\nf.style.transition=\"all 0.5s ease\";\nvar d = document.getElementById(\"zf_div_Z7RKMroaJaoMyHYk4nr7j0rbqDsCe0QvanX4V90wMxA\");\nd.appendChild(f);\n}catch(e){}\n})();<\/script>\n\t\t<\/div>\n\t<\/div>\n<\/div><\/div><div class=\"vc_column_container col-md-4\"><div class=\"wpb_wrapper vc_column-inner\"><\/div><\/div><\/div><\/div>\n<p><\/div><\/div><div class=\"porto-separator\"><hr class=\"separator-line  vc_custom_1646227639957 wpb_content_element align_left\" style=\"background-image: -webkit-linear-gradient(left, #e7e7e7, transparent); background-image: linear-gradient(to right, #e7e7e7, transparent);\"><\/div><div class=\"porto-sicon-box  wpb_custom_451159b0b7be16432bf6ab7cd444e3c5 style_1 default-icon\"><div class=\"porto-sicon-default\"><div class=\"porto-just-icon-wrapper porto-icon none\" style=\"font-size:32px;\"><i class=\"porto-icon-truck\"><\/i><\/div><\/div><div class=\"porto-sicon-header\"><h3 class=\"porto-sicon-title\" style=\"\">Only here<\/h3><p>shipping even in 24h<\/p><\/div> <!-- header --><\/div><!-- porto-sicon-box --><div class=\"porto-separator\"><hr class=\"separator-line  vc_custom_1646227635375 wpb_content_element align_left\" style=\"background-image: -webkit-linear-gradient(left, #e7e7e7, transparent); background-image: linear-gradient(to right, #e7e7e7, transparent);\"><\/div><div class=\"porto-sicon-box  wpb_custom_451159b0b7be16432bf6ab7cd444e3c5 style_1 default-icon flex-wrap\"><div class=\"porto-sicon-default\"><div class=\"porto-just-icon-wrapper porto-icon none\" style=\"font-size:32px;\"><i class=\"porto-icon-earphones-alt\"><\/i><\/div><\/div><div class=\"porto-sicon-header\"><h3 class=\"porto-sicon-title\" style=\"\">Contact us<\/h3><p>+44 75 76 566 284<\/p><\/div> <!-- header --><div class=\"porto-sicon-description\" style=\"\">Mon. \u2013 Fr. : 7:00 \u2013 15:00<\/div> <!-- description --><\/div><!-- porto-sicon-box --><div class=\"porto-separator\"><hr class=\"separator-line  vc_custom_1646227639957 wpb_content_element align_left\" style=\"background-image: -webkit-linear-gradient(left, #e7e7e7, transparent); background-image: linear-gradient(to right, #e7e7e7, transparent);\"><\/div><div class=\"porto-u-heading  wpb_custom_5c1fb82f649759d3dc17a9fbc1f4f0f9 porto-u-ad87e2eaf3f9c495180fe0156ddf3eb0\"><div class=\"porto-u-main-heading\"><h2  >Follow us<\/h2><\/div><style>.porto-u-ad87e2eaf3f9c495180fe0156ddf3eb0.porto-u-heading{text-align:left}<\/style><\/div><div class=\"share-links wpb_custom_0b2c86e6f6eee43fd20ac8ea1bad73e6\">\t\t<a target=\"_blank\"  rel=\"nofollow noopener noreferrer\" class=\"share-facebook\" href=\"https:\/\/www.facebook.com\/Plastisol-transfercom-109016038376531\" aria-label=\"Facebook\" title=\"Facebook\" data-no-translation-aria-label=\"\" data-no-translation-title=\"\"><\/a>\r\n\t\t\t\t<a target=\"_blank\"  rel=\"nofollow noopener noreferrer\" class=\"share-twitter\" href=\"https:\/\/twitter.com\/plasttransfer\/\" aria-label=\"X\" title=\"X\" data-no-translation-aria-label=\"\" data-no-translation-title=\"\"><\/a>\r\n\t\t\t\t<a target=\"_blank\"  rel=\"nofollow noopener noreferrer\" class=\"share-youtube\" href=\"https:\/\/www.youtube.com\/channel\/UCpqei5sPu9FAcK14KifnZHA\" aria-label=\"Youtube\" title=\"Youtube\" data-no-translation-aria-label=\"\" data-no-translation-title=\"\"><\/a>\r\n\t\t\t\t<a target=\"_blank\"  rel=\"nofollow noopener noreferrer\" class=\"share-instagram\" href=\"https:\/\/www.instagram.com\/plastisol_transfer\/\" aria-label=\"Instagram\" title=\"Instagram\" data-no-translation-aria-label=\"\" data-no-translation-title=\"\"><\/a>\r\n\t\t\t\t<a target=\"_blank\"  rel=\"nofollow noopener noreferrer\" class=\"share-linkedin\" href=\"https:\/\/www.linkedin.com\/company\/plastisol-transfer-com\/\" aria-label=\"LinkedIn\" title=\"LinkedIn\" data-no-translation-aria-label=\"\" data-no-translation-title=\"\"><\/a>\r\n\t\t\t\t<a  rel=\"nofollow noopener noreferrer\" class=\"share-whatsapp\" style=\"display:none\" href=\"whatsapp:\/\/send?text=+48656144144\" data-action=\"share\/whatsapp\/share\" aria-label=\"WhatsApp\" title=\"WhatsApp\" data-no-translation=\"\" data-trp-gettext=\"\" data-no-translation-aria-label=\"\" data-no-translation-title=\"\">WhatsApp<\/a>\r\n\t\t<\/div><\/div><\/div><div class=\"vc_column_container col-md-10\"><div class=\"wpb_wrapper vc_column-inner\"><div class=\"vc_row wpb_row vc_inner row vc_custom_1646996450600 vc_row-has-fill vc_row-o-content-middle vc_row-flex\"><div class=\"vc_column_container col-md-12 vc_custom_1646994757349\"><div class=\"wpb_wrapper vc_column-inner\"><div class=\"porto-u-heading  wpb_custom_95aa9a11c17ad45cfabaf210d84ee7cc porto-u-ad87e2eaf3f9c495180fe0156ddf3eb0\"><div class=\"porto-u-main-heading\"><h2  >About us<\/h2><\/div><style>.porto-u-ad87e2eaf3f9c495180fe0156ddf3eb0.porto-u-heading{text-align:left}<\/style><\/div>\r\n\t<div class=\"wpb_text_column wpb_content_element vc_custom_1647345211841 wpb_custom_7c91d232724f73626cc933bd95b25ff0\" >\r\n\t\t<div class=\"wpb_wrapper\">\r\n\t\t\t<p>In<strong> Plastisol-Transfer.com<\/strong> we forge our experience into customer satisfaction. It is the joy of our clients from well-executed orders that move us to action. We are also enthusiastic about the possibility of carrying out new and renewed orders for our clients. These include orders for brands such as: Pepsi, Leys, Elf, Ikea, Amazon, Burger King, Lidl and many others. <strong>We want you to join the ranks of our satisfied customers.<\/strong><\/p>\n<p><strong>Plastisol-transfer has over 20 years of experience<\/strong> in screen printing and over 10 years in the production of heat transfer prints. Over the years, not only have we perfected our products, but most of all we have learned to respond to the needs of our customers. Hence, among others: guaranteed 24-hour delivery time for ONE transfers, the possibility to order pre-production sample before placing volume order\nproducts that meet the highest quality expectations.<\/p>\n<p>We carry out orders in the<strong> &#8222;all in one place&#8221;<\/strong> which means that all elements of the production process are carried out by us. Starting from professional advice, instant quote, professional order fulfillment and ending with fast shipping. This allows us to have complete control over the production process, which is key to shortening the production process and guaranteeing previously agreed shipping dates. Our <strong>advanced production planning system<\/strong> allows us to monitor the progress of orders in real time, thanks to which we are able to detect all anomalies that may affect to the time and quality of production at an early stage.<\/p>\n<p>We are constantly developing <strong>a modern machine park<\/strong>. We have several automatic production lines, which allows us to carry out our clients' orders in an undisturbed manner, even in the event of failure of one of them. The use of the latest technologies and automation of the production process allow us to optimize costs, thanks to which we can offer one of the best prices on the European market.<\/p>\n<p><strong>At Plastisol-Transfer.com<\/strong> we are resistant to the recent frequent disruptions in supply chains, resulting in a shortage of basic materials for production. Our supplies of consumables allow for uninterrupted work for several months, guarantee repeatable quality and stable prices.<\/p>\n<p>Before the shipment, each order undergoes <strong>a thorough quality control<\/strong> - not only of the transfers themselves, but also of the application parameters. Orders are selectively tested for resistance to washing.\n\tDepending on the ordered product, we offer a wide range of post-production processes that facilitate subsequent application, e.g. plotter or laser cutting of sheets into pieces with the use of optical registration of markers, thanks to which each use is the same, which is necessary for precise application. As the only company on the market, we offer the possibility of perforating paper sheets for easy tearing off selected transfers from the sheet.- not only of the transfers themselves, but also of the application parameters. Orders are selectively tested for resistance to washing. Depending on the ordered product, we offer a wide range of post-production processes that facilitate subsequent application, e.g. plotter or laser cutting of sheets into pieces with the use of optical registration of markers, thanks to which each use is the same, which is necessary for precise application. As the only company on the market, we offer the possibility of perforating paper sheets for easy tearing off selected transfers from the sheet.<\/p>\n<p>We pay attention to the implementation of our clients' orders, but also in line with the sustainable development strategy, we care for the health of our employees and we make every effort to ensure that our activities have a minimal negative impact on the natural environment. That is why all chemicals used in the production process - work in closed circuits, thanks to which they can be reused after filtering. Thanks to our own photovoltaic farm <strong>about 40% of the electricity consumed comes from renewable energy sources<\/strong>. In the coming years, we plan to increase the share of electricity from renewable energy sources to 70%.<\/p>\n<p>We care about the security of your data. The database systems used in our work meet the following standards:<br \/>\n<strong>ISO\/IEC 27001, ISO\/IEC 27701, ISO\/IEC 27017, ISO\/IEC 27018, ISO 9001, ISO\/IEC 20000, SOC 2 Type II, GDPR, CCPA, TRUSTe Review<\/strong><\/p>\n<p><strong>Join our satisfied customers. You are welcome.<\/strong><\/p>\n\r\n\t\t<\/div>\r\n\t<\/div>\r\n<\/div><\/div><\/div><\/div><\/div><\/div>\n<\/div>","protected":false},"excerpt":{"rendered":"Transfery plastizoloweONE STANDARD ELASTIC BLOCKER SPORT Tylko u naswysy\u0142ka nawet w 24h Skontaktuj si\u0119 z nami+48 656 144 144 Pon. - Pt. : 7:00 - 15:00 Obserwuj nas WhatsApp O nas W Plastisol-Transfer.com przekuwamy nasze do\u015bwiadczenie na zadowolenie klient\u00f3w. To w\u0142a\u015bnie rado\u015b\u0107 klient\u00f3w z dobrze zrealizowanych zlece\u0144 nap\u0119dza nas do dzia\u0142ania. My r\u00f3wnie\u017c z [...]","protected":false},"author":1,"featured_media":0,"parent":0,"menu_order":0,"comment_status":"closed","ping_status":"closed","template":"","meta":{"footnotes":""},"class_list":["post-2368","page","type-page","status-publish","hentry"],"yoast_head":"<!-- This site is optimized with the Yoast SEO plugin v27.4 - https:\/\/yoast.com\/product\/yoast-seo-wordpress\/ -->\n<title>O Nas - Plastisol-Transfer.com | Press Your Success<\/title>\n<meta name=\"robots\" content=\"index, follow, max-snippet:-1, max-image-preview:large, max-video-preview:-1\" \/>\n<link rel=\"canonical\" href=\"https:\/\/plastisol-transfer.com\/en\/about-us\/\" \/>\n<meta property=\"og:locale\" content=\"en_GB\" \/>\n<meta property=\"og:type\" content=\"article\" \/>\n<meta property=\"og:title\" content=\"O Nas - Plastisol-Transfer.com | Press Your Success\" \/>\n<meta property=\"og:url\" content=\"https:\/\/plastisol-transfer.com\/en\/about-us\/\" \/>\n<meta property=\"og:site_name\" content=\"Plastisol-Transfer.com | Press Your Success\" \/>\n<meta property=\"article:publisher\" content=\"https:\/\/www.facebook.com\/sitodrukowy\/\" \/>\n<meta property=\"article:modified_time\" content=\"2022-12-02T07:24:56+00:00\" \/>\n<meta name=\"twitter:card\" content=\"summary_large_image\" \/>\n<meta name=\"twitter:site\" content=\"@plasttransfer\" \/>\n<meta name=\"twitter:label1\" content=\"Estimated reading time\" \/>\n\t<meta name=\"twitter:data1\" content=\"4 minutes\" \/>\n<script type=\"application\/ld+json\" class=\"yoast-schema-graph\">{\"@context\":\"https:\\\/\\\/schema.org\",\"@graph\":[{\"@type\":\"WebPage\",\"@id\":\"https:\\\/\\\/plastisol-transfer.com\\\/o-nas\\\/\",\"url\":\"https:\\\/\\\/plastisol-transfer.com\\\/o-nas\\\/\",\"name\":\"O Nas - Plastisol-Transfer.com | Press Your Success\",\"isPartOf\":{\"@id\":\"https:\\\/\\\/plastisol-transfer.com\\\/#website\"},\"datePublished\":\"2021-02-26T08:26:34+00:00\",\"dateModified\":\"2022-12-02T07:24:56+00:00\",\"inLanguage\":\"en-GB\",\"potentialAction\":[{\"@type\":\"ReadAction\",\"target\":[\"https:\\\/\\\/plastisol-transfer.com\\\/o-nas\\\/\"]}]},{\"@type\":\"WebSite\",\"@id\":\"https:\\\/\\\/plastisol-transfer.com\\\/#website\",\"url\":\"https:\\\/\\\/plastisol-transfer.com\\\/\",\"name\":\"Plastisol-Transfer.com | Press Your Success\",\"description\":\"Nadruki termotransferowe\",\"publisher\":{\"@id\":\"https:\\\/\\\/plastisol-transfer.com\\\/#organization\"},\"potentialAction\":[{\"@type\":\"SearchAction\",\"target\":{\"@type\":\"EntryPoint\",\"urlTemplate\":\"https:\\\/\\\/plastisol-transfer.com\\\/?s={search_term_string}\"},\"query-input\":{\"@type\":\"PropertyValueSpecification\",\"valueRequired\":true,\"valueName\":\"search_term_string\"}}],\"inLanguage\":\"en-GB\"},{\"@type\":\"Organization\",\"@id\":\"https:\\\/\\\/plastisol-transfer.com\\\/#organization\",\"name\":\"Plastisol-Transfer.com | Press Your Success\",\"url\":\"https:\\\/\\\/plastisol-transfer.com\\\/\",\"logo\":{\"@type\":\"ImageObject\",\"inLanguage\":\"en-GB\",\"@id\":\"https:\\\/\\\/plastisol-transfer.com\\\/#\\\/schema\\\/logo\\\/image\\\/\",\"url\":\"https:\\\/\\\/plastisol-transfer.com\\\/wp-content\\\/uploads\\\/2022\\\/03\\\/logo_pt_new_color.png\",\"contentUrl\":\"https:\\\/\\\/plastisol-transfer.com\\\/wp-content\\\/uploads\\\/2022\\\/03\\\/logo_pt_new_color.png\",\"width\":499,\"height\":127,\"caption\":\"Plastisol-Transfer.com | Press Your Success\"},\"image\":{\"@id\":\"https:\\\/\\\/plastisol-transfer.com\\\/#\\\/schema\\\/logo\\\/image\\\/\"},\"sameAs\":[\"https:\\\/\\\/www.facebook.com\\\/sitodrukowy\\\/\",\"https:\\\/\\\/x.com\\\/plasttransfer\",\"https:\\\/\\\/www.instagram.com\\\/sitodrukowy.pl\\\/\",\"https:\\\/\\\/www.linkedin.com\\\/company\\\/plastisol-transfer-com\\\/\",\"https:\\\/\\\/www.youtube.com\\\/channel\\\/UC9EtwcqRPx7ntet0dB_hKAQ\\\/\"]}]}<\/script>\n<!-- \/ Yoast SEO plugin. -->","yoast_head_json":{"title":"O Nas - Plastisol-Transfer.com | Press Your Success","robots":{"index":"index","follow":"follow","max-snippet":"max-snippet:-1","max-image-preview":"max-image-preview:large","max-video-preview":"max-video-preview:-1"},"canonical":"https:\/\/plastisol-transfer.com\/en\/about-us\/","og_locale":"en_GB","og_type":"article","og_title":"O Nas - Plastisol-Transfer.com | Press Your Success","og_url":"https:\/\/plastisol-transfer.com\/en\/about-us\/","og_site_name":"Plastisol-Transfer.com | Press Your Success","article_publisher":"https:\/\/www.facebook.com\/sitodrukowy\/","article_modified_time":"2022-12-02T07:24:56+00:00","twitter_card":"summary_large_image","twitter_site":"@plasttransfer","twitter_misc":{"Estimated reading time":"4 minutes"},"schema":{"@context":"https:\/\/schema.org","@graph":[{"@type":"WebPage","@id":"https:\/\/plastisol-transfer.com\/o-nas\/","url":"https:\/\/plastisol-transfer.com\/o-nas\/","name":"O Nas - Plastisol-Transfer.com | Press Your Success","isPartOf":{"@id":"https:\/\/plastisol-transfer.com\/#website"},"datePublished":"2021-02-26T08:26:34+00:00","dateModified":"2022-12-02T07:24:56+00:00","inLanguage":"en-GB","potentialAction":[{"@type":"ReadAction","target":["https:\/\/plastisol-transfer.com\/o-nas\/"]}]},{"@type":"WebSite","@id":"https:\/\/plastisol-transfer.com\/#website","url":"https:\/\/plastisol-transfer.com\/","name":"Plastisol-Transfer.com | Press Your Success","description":"Nadruki termotransferowe","publisher":{"@id":"https:\/\/plastisol-transfer.com\/#organization"},"potentialAction":[{"@type":"SearchAction","target":{"@type":"EntryPoint","urlTemplate":"https:\/\/plastisol-transfer.com\/?s={search_term_string}"},"query-input":{"@type":"PropertyValueSpecification","valueRequired":true,"valueName":"search_term_string"}}],"inLanguage":"en-GB"},{"@type":"Organization","@id":"https:\/\/plastisol-transfer.com\/#organization","name":"Plastisol-Transfer.com | Press Your Success","url":"https:\/\/plastisol-transfer.com\/","logo":{"@type":"ImageObject","inLanguage":"en-GB","@id":"https:\/\/plastisol-transfer.com\/#\/schema\/logo\/image\/","url":"https:\/\/plastisol-transfer.com\/wp-content\/uploads\/2022\/03\/logo_pt_new_color.png","contentUrl":"https:\/\/plastisol-transfer.com\/wp-content\/uploads\/2022\/03\/logo_pt_new_color.png","width":499,"height":127,"caption":"Plastisol-Transfer.com | Press Your Success"},"image":{"@id":"https:\/\/plastisol-transfer.com\/#\/schema\/logo\/image\/"},"sameAs":["https:\/\/www.facebook.com\/sitodrukowy\/","https:\/\/x.com\/plasttransfer","https:\/\/www.instagram.com\/sitodrukowy.pl\/","https:\/\/www.linkedin.com\/company\/plastisol-transfer-com\/","https:\/\/www.youtube.com\/channel\/UC9EtwcqRPx7ntet0dB_hKAQ\/"]}]}},"_links":{"self":[{"href":"https:\/\/plastisol-transfer.com\/en\/wp-json\/wp\/v2\/pages\/2368","targetHints":{"allow":["GET"]}}],"collection":[{"href":"https:\/\/plastisol-transfer.com\/en\/wp-json\/wp\/v2\/pages"}],"about":[{"href":"https:\/\/plastisol-transfer.com\/en\/wp-json\/wp\/v2\/types\/page"}],"author":[{"embeddable":true,"href":"https:\/\/plastisol-transfer.com\/en\/wp-json\/wp\/v2\/users\/1"}],"replies":[{"embeddable":true,"href":"https:\/\/plastisol-transfer.com\/en\/wp-json\/wp\/v2\/comments?post=2368"}],"version-history":[{"count":0,"href":"https:\/\/plastisol-transfer.com\/en\/wp-json\/wp\/v2\/pages\/2368\/revisions"}],"wp:attachment":[{"href":"https:\/\/plastisol-transfer.com\/en\/wp-json\/wp\/v2\/media?parent=2368"}],"curies":[{"name":"wp","href":"https:\/\/api.w.org\/{rel}","templated":true}]}}