{"id":5978,"date":"2021-08-02T10:32:35","date_gmt":"2021-08-02T08:32:35","guid":{"rendered":"https:\/\/plastisol-transfer.com\/?post_type=product&#038;p=5978"},"modified":"2022-07-01T11:08:04","modified_gmt":"2022-07-01T09:08:04","slug":"transfer-plastizolowy-blocker","status":"publish","type":"product","link":"https:\/\/plastisol-transfer.com\/de\/produkt\/transfer-plastizolowy-blocker\/","title":{"rendered":"Plastisol Transfer BLOCKER"},"content":{"rendered":"<p><strong>Plastisol Transfer BLOCKER<\/strong> ist eine Technik, bei der eine zus\u00e4tzliche Schicht eines Blockers verwendet wird. Das Verfahren wird auf Substraten angewandt, die dazu neigen, den Farbstoff zu migrieren, um den Resublimationsprozess, d. h. die erneute Ablagerung des Pigments, zu verhindern.<\/p>\n<p>Empfohlen f\u00fcr Substrate aus Polyester oder Softshell.<\/p>","protected":false},"excerpt":{"rendered":"<p><strong>Plastisol Transfer BLOCKER<\/strong> ist eine Technik, bei der eine zus\u00e4tzliche Schicht eines Blockers verwendet wird. Das Verfahren wird auf Substraten angewandt, die dazu neigen, den Farbstoff zu migrieren, um den Resublimationsprozess, d. h. die erneute Ablagerung des Pigments, zu verhindern.<\/p>\n<p>Empfohlen f\u00fcr Substrate aus Polyester oder Softshell.<\/p>","protected":false},"featured_media":6006,"template":"","meta":[],"product_brand":[],"product_cat":[422],"product_tag":[],"class_list":{"0":"post-5978","1":"product","2":"type-product","3":"status-publish","4":"has-post-thumbnail","6":"product_cat-transfery-plastizolowe","8":"first","9":"instock","10":"sold-individually","11":"taxable","12":"shipping-taxable","13":"purchasable","14":"product-type-simple"},"yoast_head":"<!-- This site is optimized with the Yoast SEO plugin v27.4 - https:\/\/yoast.com\/product\/yoast-seo-wordpress\/ -->\n<title>Transfer plastizolowy BLOCKER - Plastisol-Transfer.com | Press Your Success<\/title>\n<meta name=\"robots\" content=\"index, follow, max-snippet:-1, max-image-preview:large, max-video-preview:-1\" \/>\n<link rel=\"canonical\" href=\"https:\/\/plastisol-transfer.com\/de\/produkt\/transfer-plastizolowy-blocker\/\" \/>\n<meta property=\"og:locale\" content=\"de_DE\" \/>\n<meta property=\"og:type\" content=\"article\" \/>\n<meta property=\"og:title\" content=\"Transfer plastizolowy BLOCKER - Plastisol-Transfer.com | Press Your Success\" \/>\n<meta property=\"og:description\" content=\"Transfer plastizolowy BLOCKER to technika wykonywana z u\u017cyciem dodatkowej warstwy blokera. Metod\u0119 stosuje si\u0119 na pod\u0142o\u017ca z tendencj\u0105 do migracji barwnika w celu zahamowania procesu resublimacji, czyli ponownego oddawania pigmentu.  Zalecany do pod\u0142o\u017ca poliestrowego lub softshellowego.\" \/>\n<meta property=\"og:url\" content=\"https:\/\/plastisol-transfer.com\/de\/produkt\/transfer-plastizolowy-blocker\/\" \/>\n<meta property=\"og:site_name\" content=\"Plastisol-Transfer.com | Press Your Success\" \/>\n<meta property=\"article:publisher\" content=\"https:\/\/www.facebook.com\/sitodrukowy\/\" \/>\n<meta property=\"article:modified_time\" content=\"2022-07-01T09:08:04+00:00\" \/>\n<meta property=\"og:image\" content=\"https:\/\/plastisol-transfer.com\/wp-content\/uploads\/2021\/08\/transfer_plastizolowy_blocker.jpg\" \/>\n\t<meta property=\"og:image:width\" content=\"2000\" \/>\n\t<meta property=\"og:image:height\" content=\"2000\" \/>\n\t<meta property=\"og:image:type\" content=\"image\/jpeg\" \/>\n<meta name=\"twitter:card\" content=\"summary_large_image\" \/>\n<meta name=\"twitter:site\" content=\"@plasttransfer\" \/>\n<script type=\"application\/ld+json\" class=\"yoast-schema-graph\">{\"@context\":\"https:\\\/\\\/schema.org\",\"@graph\":[{\"@type\":[\"WebPage\",\"ItemPage\"],\"@id\":\"https:\\\/\\\/plastisol-transfer.com\\\/produkt\\\/transfer-plastizolowy-blocker\\\/\",\"url\":\"https:\\\/\\\/plastisol-transfer.com\\\/produkt\\\/transfer-plastizolowy-blocker\\\/\",\"name\":\"Transfer plastizolowy BLOCKER - Plastisol-Transfer.com | Press Your Success\",\"isPartOf\":{\"@id\":\"https:\\\/\\\/plastisol-transfer.com\\\/#website\"},\"primaryImageOfPage\":{\"@id\":\"https:\\\/\\\/plastisol-transfer.com\\\/produkt\\\/transfer-plastizolowy-blocker\\\/#primaryimage\"},\"image\":{\"@id\":\"https:\\\/\\\/plastisol-transfer.com\\\/produkt\\\/transfer-plastizolowy-blocker\\\/#primaryimage\"},\"thumbnailUrl\":\"https:\\\/\\\/plastisol-transfer.com\\\/wp-content\\\/uploads\\\/2021\\\/08\\\/transfer_plastizolowy_blocker.jpg\",\"datePublished\":\"2021-08-02T08:32:35+00:00\",\"dateModified\":\"2022-07-01T09:08:04+00:00\",\"breadcrumb\":{\"@id\":\"https:\\\/\\\/plastisol-transfer.com\\\/produkt\\\/transfer-plastizolowy-blocker\\\/#breadcrumb\"},\"inLanguage\":\"de-DE\",\"potentialAction\":[{\"@type\":\"ReadAction\",\"target\":[\"https:\\\/\\\/plastisol-transfer.com\\\/produkt\\\/transfer-plastizolowy-blocker\\\/\"]}]},{\"@type\":\"ImageObject\",\"inLanguage\":\"de-DE\",\"@id\":\"https:\\\/\\\/plastisol-transfer.com\\\/produkt\\\/transfer-plastizolowy-blocker\\\/#primaryimage\",\"url\":\"https:\\\/\\\/plastisol-transfer.com\\\/wp-content\\\/uploads\\\/2021\\\/08\\\/transfer_plastizolowy_blocker.jpg\",\"contentUrl\":\"https:\\\/\\\/plastisol-transfer.com\\\/wp-content\\\/uploads\\\/2021\\\/08\\\/transfer_plastizolowy_blocker.jpg\",\"width\":2000,\"height\":2000},{\"@type\":\"BreadcrumbList\",\"@id\":\"https:\\\/\\\/plastisol-transfer.com\\\/produkt\\\/transfer-plastizolowy-blocker\\\/#breadcrumb\",\"itemListElement\":[{\"@type\":\"ListItem\",\"position\":1,\"name\":\"Nadruki termotransferowe\",\"item\":\"https:\\\/\\\/plastisol-transfer.com\\\/\"},{\"@type\":\"ListItem\",\"position\":2,\"name\":\"Transfer plastizolowy BLOCKER\"}]},{\"@type\":\"WebSite\",\"@id\":\"https:\\\/\\\/plastisol-transfer.com\\\/#website\",\"url\":\"https:\\\/\\\/plastisol-transfer.com\\\/\",\"name\":\"Plastisol-Transfer.com | Press Your Success\",\"description\":\"Nadruki termotransferowe\",\"publisher\":{\"@id\":\"https:\\\/\\\/plastisol-transfer.com\\\/#organization\"},\"potentialAction\":[{\"@type\":\"SearchAction\",\"target\":{\"@type\":\"EntryPoint\",\"urlTemplate\":\"https:\\\/\\\/plastisol-transfer.com\\\/?s={search_term_string}\"},\"query-input\":{\"@type\":\"PropertyValueSpecification\",\"valueRequired\":true,\"valueName\":\"search_term_string\"}}],\"inLanguage\":\"de-DE\"},{\"@type\":\"Organization\",\"@id\":\"https:\\\/\\\/plastisol-transfer.com\\\/#organization\",\"name\":\"Plastisol-Transfer.com | Press Your Success\",\"url\":\"https:\\\/\\\/plastisol-transfer.com\\\/\",\"logo\":{\"@type\":\"ImageObject\",\"inLanguage\":\"de-DE\",\"@id\":\"https:\\\/\\\/plastisol-transfer.com\\\/#\\\/schema\\\/logo\\\/image\\\/\",\"url\":\"https:\\\/\\\/plastisol-transfer.com\\\/wp-content\\\/uploads\\\/2022\\\/03\\\/logo_pt_new_color.png\",\"contentUrl\":\"https:\\\/\\\/plastisol-transfer.com\\\/wp-content\\\/uploads\\\/2022\\\/03\\\/logo_pt_new_color.png\",\"width\":499,\"height\":127,\"caption\":\"Plastisol-Transfer.com | Press Your Success\"},\"image\":{\"@id\":\"https:\\\/\\\/plastisol-transfer.com\\\/#\\\/schema\\\/logo\\\/image\\\/\"},\"sameAs\":[\"https:\\\/\\\/www.facebook.com\\\/sitodrukowy\\\/\",\"https:\\\/\\\/x.com\\\/plasttransfer\",\"https:\\\/\\\/www.instagram.com\\\/sitodrukowy.pl\\\/\",\"https:\\\/\\\/www.linkedin.com\\\/company\\\/plastisol-transfer-com\\\/\",\"https:\\\/\\\/www.youtube.com\\\/channel\\\/UC9EtwcqRPx7ntet0dB_hKAQ\\\/\"]}]}<\/script>\n<!-- \/ Yoast SEO plugin. -->","yoast_head_json":{"title":"Transfer plastizolowy BLOCKER - Plastisol-Transfer.com | Press Your Success","robots":{"index":"index","follow":"follow","max-snippet":"max-snippet:-1","max-image-preview":"max-image-preview:large","max-video-preview":"max-video-preview:-1"},"canonical":"https:\/\/plastisol-transfer.com\/de\/produkt\/transfer-plastizolowy-blocker\/","og_locale":"de_DE","og_type":"article","og_title":"Transfer plastizolowy BLOCKER - Plastisol-Transfer.com | Press Your Success","og_description":"Transfer plastizolowy BLOCKER to technika wykonywana z u\u017cyciem dodatkowej warstwy blokera. Metod\u0119 stosuje si\u0119 na pod\u0142o\u017ca z tendencj\u0105 do migracji barwnika w celu zahamowania procesu resublimacji, czyli ponownego oddawania pigmentu.  Zalecany do pod\u0142o\u017ca poliestrowego lub softshellowego.","og_url":"https:\/\/plastisol-transfer.com\/de\/produkt\/transfer-plastizolowy-blocker\/","og_site_name":"Plastisol-Transfer.com | Press Your Success","article_publisher":"https:\/\/www.facebook.com\/sitodrukowy\/","article_modified_time":"2022-07-01T09:08:04+00:00","og_image":[{"width":2000,"height":2000,"url":"https:\/\/plastisol-transfer.com\/wp-content\/uploads\/2021\/08\/transfer_plastizolowy_blocker.jpg","type":"image\/jpeg"}],"twitter_card":"summary_large_image","twitter_site":"@plasttransfer","schema":{"@context":"https:\/\/schema.org","@graph":[{"@type":["WebPage","ItemPage"],"@id":"https:\/\/plastisol-transfer.com\/produkt\/transfer-plastizolowy-blocker\/","url":"https:\/\/plastisol-transfer.com\/produkt\/transfer-plastizolowy-blocker\/","name":"Transfer plastizolowy BLOCKER - Plastisol-Transfer.com | Press Your Success","isPartOf":{"@id":"https:\/\/plastisol-transfer.com\/#website"},"primaryImageOfPage":{"@id":"https:\/\/plastisol-transfer.com\/produkt\/transfer-plastizolowy-blocker\/#primaryimage"},"image":{"@id":"https:\/\/plastisol-transfer.com\/produkt\/transfer-plastizolowy-blocker\/#primaryimage"},"thumbnailUrl":"https:\/\/plastisol-transfer.com\/wp-content\/uploads\/2021\/08\/transfer_plastizolowy_blocker.jpg","datePublished":"2021-08-02T08:32:35+00:00","dateModified":"2022-07-01T09:08:04+00:00","breadcrumb":{"@id":"https:\/\/plastisol-transfer.com\/produkt\/transfer-plastizolowy-blocker\/#breadcrumb"},"inLanguage":"de-DE","potentialAction":[{"@type":"ReadAction","target":["https:\/\/plastisol-transfer.com\/produkt\/transfer-plastizolowy-blocker\/"]}]},{"@type":"ImageObject","inLanguage":"de-DE","@id":"https:\/\/plastisol-transfer.com\/produkt\/transfer-plastizolowy-blocker\/#primaryimage","url":"https:\/\/plastisol-transfer.com\/wp-content\/uploads\/2021\/08\/transfer_plastizolowy_blocker.jpg","contentUrl":"https:\/\/plastisol-transfer.com\/wp-content\/uploads\/2021\/08\/transfer_plastizolowy_blocker.jpg","width":2000,"height":2000},{"@type":"BreadcrumbList","@id":"https:\/\/plastisol-transfer.com\/produkt\/transfer-plastizolowy-blocker\/#breadcrumb","itemListElement":[{"@type":"ListItem","position":1,"name":"Nadruki termotransferowe","item":"https:\/\/plastisol-transfer.com\/"},{"@type":"ListItem","position":2,"name":"Transfer plastizolowy BLOCKER"}]},{"@type":"WebSite","@id":"https:\/\/plastisol-transfer.com\/#website","url":"https:\/\/plastisol-transfer.com\/","name":"Plastisol-Transfer.com | Press Your Success","description":"Nadruki termotransferowe","publisher":{"@id":"https:\/\/plastisol-transfer.com\/#organization"},"potentialAction":[{"@type":"SearchAction","target":{"@type":"EntryPoint","urlTemplate":"https:\/\/plastisol-transfer.com\/?s={search_term_string}"},"query-input":{"@type":"PropertyValueSpecification","valueRequired":true,"valueName":"search_term_string"}}],"inLanguage":"de-DE"},{"@type":"Organization","@id":"https:\/\/plastisol-transfer.com\/#organization","name":"Plastisol-Transfer.com | Press Your Success","url":"https:\/\/plastisol-transfer.com\/","logo":{"@type":"ImageObject","inLanguage":"de-DE","@id":"https:\/\/plastisol-transfer.com\/#\/schema\/logo\/image\/","url":"https:\/\/plastisol-transfer.com\/wp-content\/uploads\/2022\/03\/logo_pt_new_color.png","contentUrl":"https:\/\/plastisol-transfer.com\/wp-content\/uploads\/2022\/03\/logo_pt_new_color.png","width":499,"height":127,"caption":"Plastisol-Transfer.com | Press Your Success"},"image":{"@id":"https:\/\/plastisol-transfer.com\/#\/schema\/logo\/image\/"},"sameAs":["https:\/\/www.facebook.com\/sitodrukowy\/","https:\/\/x.com\/plasttransfer","https:\/\/www.instagram.com\/sitodrukowy.pl\/","https:\/\/www.linkedin.com\/company\/plastisol-transfer-com\/","https:\/\/www.youtube.com\/channel\/UC9EtwcqRPx7ntet0dB_hKAQ\/"]}]}},"_links":{"self":[{"href":"https:\/\/plastisol-transfer.com\/de\/wp-json\/wp\/v2\/product\/5978","targetHints":{"allow":["GET"]}}],"collection":[{"href":"https:\/\/plastisol-transfer.com\/de\/wp-json\/wp\/v2\/product"}],"about":[{"href":"https:\/\/plastisol-transfer.com\/de\/wp-json\/wp\/v2\/types\/product"}],"wp:featuredmedia":[{"embeddable":true,"href":"https:\/\/plastisol-transfer.com\/de\/wp-json\/wp\/v2\/media\/6006"}],"wp:attachment":[{"href":"https:\/\/plastisol-transfer.com\/de\/wp-json\/wp\/v2\/media?parent=5978"}],"wp:term":[{"taxonomy":"product_brand","embeddable":true,"href":"https:\/\/plastisol-transfer.com\/de\/wp-json\/wp\/v2\/product_brand?post=5978"},{"taxonomy":"product_cat","embeddable":true,"href":"https:\/\/plastisol-transfer.com\/de\/wp-json\/wp\/v2\/product_cat?post=5978"},{"taxonomy":"product_tag","embeddable":true,"href":"https:\/\/plastisol-transfer.com\/de\/wp-json\/wp\/v2\/product_tag?post=5978"}],"curies":[{"name":"wp","href":"https:\/\/api.w.org\/{rel}","templated":true}]}}