{"id":5977,"date":"2021-08-02T10:32:00","date_gmt":"2021-08-02T08:32:00","guid":{"rendered":"https:\/\/plastisol-transfer.com\/?post_type=product&#038;p=5977"},"modified":"2022-07-01T11:07:52","modified_gmt":"2022-07-01T09:07:52","slug":"transfer-plastizolowy-elastic","status":"publish","type":"product","link":"https:\/\/plastisol-transfer.com\/de\/produkt\/transfer-plastizolowy-elastic\/","title":{"rendered":"Plastisol transfer ELASTIC"},"content":{"rendered":"<p><strong>Plastisol transfer ELASTIC<\/strong> ist eine Art Plastisol-Transfer, das mit einem geeigneten gedruckten Klebstoff auf dehnbare Materialien aufgebracht wird. Dieses Transfer wird mit Plastisolfarben gedruckt, die nach den neuesten Gesundheits- und Umweltstandards hergestellt werden und kein PVC, keine Formaldehyde oder Phthalate enthalten.<\/p>\n<p>Termotransfer plastizolowy ELASTIC pozwala na odwzorowanie do 8 kolor\u00f3w Pantone podczas jednego nadruku. Nie mo\u017cna drukowa\u0107 nadruk\u00f3w pe\u0142nokolorowych oraz przej\u015b\u0107 tonalnych. Nadruki zrealizowane t\u0105 technik\u0105 wyr\u00f3\u017cniaj\u0105 si\u0119 wysok\u0105 jako\u015bci\u0105, bardzo dobrym kryciem i elastyczno\u015bci\u0105.<\/p>","protected":false},"excerpt":{"rendered":"<p><strong>Plastisol transfer ELASTIC<\/strong> ist eine Art Plastisol-Transfer, das mit einem geeigneten gedruckten Klebstoff auf dehnbare Materialien aufgebracht wird. Dieses Transfer wird mit Plastisolfarben gedruckt, die nach den neuesten Gesundheits- und Umweltstandards hergestellt werden und kein PVC, keine Formaldehyde oder Phthalate enthalten.<\/p>\n<p>Mit dem elastischen Plastisol-W\u00e4rmetransfer k\u00f6nnen bis zu 8 Pantone-Farben in einem Druck reproduziert werden. Vollfarbige Drucke und Tonwert\u00fcberg\u00e4nge sind nicht m\u00f6glich. Die mit dieser Technik hergestellten Drucke zeichnen sich durch ihre hohe Qualit\u00e4t, sehr gute Deckkraft und Flexibilit\u00e4t aus.<\/p>","protected":false},"featured_media":6104,"template":"","meta":[],"product_brand":[],"product_cat":[422],"product_tag":[],"class_list":{"0":"post-5977","1":"product","2":"type-product","3":"status-publish","4":"has-post-thumbnail","6":"product_cat-transfery-plastizolowe","8":"first","9":"instock","10":"featured","11":"sold-individually","12":"taxable","13":"shipping-taxable","14":"purchasable","15":"product-type-simple"},"yoast_head":"<!-- This site is optimized with the Yoast SEO plugin v27.4 - https:\/\/yoast.com\/product\/yoast-seo-wordpress\/ -->\n<title>Transfer plastizolowy ELASTIC - Plastisol-Transfer.com | Press Your Success<\/title>\n<meta name=\"robots\" content=\"index, follow, max-snippet:-1, max-image-preview:large, max-video-preview:-1\" \/>\n<link rel=\"canonical\" href=\"https:\/\/plastisol-transfer.com\/de\/produkt\/transfer-plastizolowy-elastic\/\" \/>\n<meta property=\"og:locale\" content=\"de_DE\" \/>\n<meta property=\"og:type\" content=\"article\" \/>\n<meta property=\"og:title\" content=\"Transfer plastizolowy ELASTIC - Plastisol-Transfer.com | Press Your Success\" \/>\n<meta property=\"og:description\" content=\"Transfer plastizolowy ELASTIC to rodzaj transferu plastizolowego przeznaczonego do aplikacji na materia\u0142ach rozci\u0105gliwych z wykorzystaniem odpowiedniego kleju drukowanego. Transfer ten drukowany jest z u\u017cyciem farb plastizolowych, wykonywanych zgodnie z najnowszymi standardami zdrowotnymi i ekologicznymi, nie zawieraj\u0105cymi PCV, formaldehyd\u00f3w ani ftalan\u00f3w.  Termotransfer plastizolowy ELASTIC pozwala na odwzorowanie do 8 kolor\u00f3w Pantone podczas jednego nadruku. Nie mo\u017cna drukowa\u0107 nadruk\u00f3w pe\u0142nokolorowych oraz przej\u015bc tonalnych. Nadruki zrealizowane t\u0105 technik\u0105 wyr\u00f3\u017cniaj\u0105 si\u0119 wysok\u0105 jako\u015bci\u0105, bardzo dobrym kryciem i elastyczno\u015bci\u0105.\" \/>\n<meta property=\"og:url\" content=\"https:\/\/plastisol-transfer.com\/de\/produkt\/transfer-plastizolowy-elastic\/\" \/>\n<meta property=\"og:site_name\" content=\"Plastisol-Transfer.com | Press Your Success\" \/>\n<meta property=\"article:publisher\" content=\"https:\/\/www.facebook.com\/sitodrukowy\/\" \/>\n<meta property=\"article:modified_time\" content=\"2022-07-01T09:07:52+00:00\" \/>\n<meta property=\"og:image\" content=\"https:\/\/plastisol-transfer.com\/wp-content\/uploads\/2021\/08\/Plastisol-ELASTIC.jpg\" \/>\n\t<meta property=\"og:image:width\" content=\"2078\" \/>\n\t<meta property=\"og:image:height\" content=\"2050\" \/>\n\t<meta property=\"og:image:type\" content=\"image\/jpeg\" \/>\n<meta name=\"twitter:card\" content=\"summary_large_image\" \/>\n<meta name=\"twitter:site\" content=\"@plasttransfer\" \/>\n<script type=\"application\/ld+json\" class=\"yoast-schema-graph\">{\"@context\":\"https:\\\/\\\/schema.org\",\"@graph\":[{\"@type\":[\"WebPage\",\"ItemPage\"],\"@id\":\"https:\\\/\\\/plastisol-transfer.com\\\/produkt\\\/transfer-plastizolowy-elastic\\\/\",\"url\":\"https:\\\/\\\/plastisol-transfer.com\\\/produkt\\\/transfer-plastizolowy-elastic\\\/\",\"name\":\"Transfer plastizolowy ELASTIC - Plastisol-Transfer.com | Press Your Success\",\"isPartOf\":{\"@id\":\"https:\\\/\\\/plastisol-transfer.com\\\/#website\"},\"primaryImageOfPage\":{\"@id\":\"https:\\\/\\\/plastisol-transfer.com\\\/produkt\\\/transfer-plastizolowy-elastic\\\/#primaryimage\"},\"image\":{\"@id\":\"https:\\\/\\\/plastisol-transfer.com\\\/produkt\\\/transfer-plastizolowy-elastic\\\/#primaryimage\"},\"thumbnailUrl\":\"https:\\\/\\\/plastisol-transfer.com\\\/wp-content\\\/uploads\\\/2021\\\/08\\\/Plastisol-ELASTIC.jpg\",\"datePublished\":\"2021-08-02T08:32:00+00:00\",\"dateModified\":\"2022-07-01T09:07:52+00:00\",\"breadcrumb\":{\"@id\":\"https:\\\/\\\/plastisol-transfer.com\\\/produkt\\\/transfer-plastizolowy-elastic\\\/#breadcrumb\"},\"inLanguage\":\"de-DE\",\"potentialAction\":[{\"@type\":\"ReadAction\",\"target\":[\"https:\\\/\\\/plastisol-transfer.com\\\/produkt\\\/transfer-plastizolowy-elastic\\\/\"]}]},{\"@type\":\"ImageObject\",\"inLanguage\":\"de-DE\",\"@id\":\"https:\\\/\\\/plastisol-transfer.com\\\/produkt\\\/transfer-plastizolowy-elastic\\\/#primaryimage\",\"url\":\"https:\\\/\\\/plastisol-transfer.com\\\/wp-content\\\/uploads\\\/2021\\\/08\\\/Plastisol-ELASTIC.jpg\",\"contentUrl\":\"https:\\\/\\\/plastisol-transfer.com\\\/wp-content\\\/uploads\\\/2021\\\/08\\\/Plastisol-ELASTIC.jpg\",\"width\":2078,\"height\":2050,\"caption\":\"Plastisol ELASTIC\"},{\"@type\":\"BreadcrumbList\",\"@id\":\"https:\\\/\\\/plastisol-transfer.com\\\/produkt\\\/transfer-plastizolowy-elastic\\\/#breadcrumb\",\"itemListElement\":[{\"@type\":\"ListItem\",\"position\":1,\"name\":\"Nadruki termotransferowe\",\"item\":\"https:\\\/\\\/plastisol-transfer.com\\\/\"},{\"@type\":\"ListItem\",\"position\":2,\"name\":\"Transfer plastizolowy ELASTIC\"}]},{\"@type\":\"WebSite\",\"@id\":\"https:\\\/\\\/plastisol-transfer.com\\\/#website\",\"url\":\"https:\\\/\\\/plastisol-transfer.com\\\/\",\"name\":\"Plastisol-Transfer.com | Press Your Success\",\"description\":\"Nadruki termotransferowe\",\"publisher\":{\"@id\":\"https:\\\/\\\/plastisol-transfer.com\\\/#organization\"},\"potentialAction\":[{\"@type\":\"SearchAction\",\"target\":{\"@type\":\"EntryPoint\",\"urlTemplate\":\"https:\\\/\\\/plastisol-transfer.com\\\/?s={search_term_string}\"},\"query-input\":{\"@type\":\"PropertyValueSpecification\",\"valueRequired\":true,\"valueName\":\"search_term_string\"}}],\"inLanguage\":\"de-DE\"},{\"@type\":\"Organization\",\"@id\":\"https:\\\/\\\/plastisol-transfer.com\\\/#organization\",\"name\":\"Plastisol-Transfer.com | Press Your Success\",\"url\":\"https:\\\/\\\/plastisol-transfer.com\\\/\",\"logo\":{\"@type\":\"ImageObject\",\"inLanguage\":\"de-DE\",\"@id\":\"https:\\\/\\\/plastisol-transfer.com\\\/#\\\/schema\\\/logo\\\/image\\\/\",\"url\":\"https:\\\/\\\/plastisol-transfer.com\\\/wp-content\\\/uploads\\\/2022\\\/03\\\/logo_pt_new_color.png\",\"contentUrl\":\"https:\\\/\\\/plastisol-transfer.com\\\/wp-content\\\/uploads\\\/2022\\\/03\\\/logo_pt_new_color.png\",\"width\":499,\"height\":127,\"caption\":\"Plastisol-Transfer.com | Press Your Success\"},\"image\":{\"@id\":\"https:\\\/\\\/plastisol-transfer.com\\\/#\\\/schema\\\/logo\\\/image\\\/\"},\"sameAs\":[\"https:\\\/\\\/www.facebook.com\\\/sitodrukowy\\\/\",\"https:\\\/\\\/x.com\\\/plasttransfer\",\"https:\\\/\\\/www.instagram.com\\\/sitodrukowy.pl\\\/\",\"https:\\\/\\\/www.linkedin.com\\\/company\\\/plastisol-transfer-com\\\/\",\"https:\\\/\\\/www.youtube.com\\\/channel\\\/UC9EtwcqRPx7ntet0dB_hKAQ\\\/\"]}]}<\/script>\n<!-- \/ Yoast SEO plugin. -->","yoast_head_json":{"title":"Transfer plastizolowy ELASTIC - Plastisol-Transfer.com | Press Your Success","robots":{"index":"index","follow":"follow","max-snippet":"max-snippet:-1","max-image-preview":"max-image-preview:large","max-video-preview":"max-video-preview:-1"},"canonical":"https:\/\/plastisol-transfer.com\/de\/produkt\/transfer-plastizolowy-elastic\/","og_locale":"de_DE","og_type":"article","og_title":"Transfer plastizolowy ELASTIC - Plastisol-Transfer.com | Press Your Success","og_description":"Transfer plastizolowy ELASTIC to rodzaj transferu plastizolowego przeznaczonego do aplikacji na materia\u0142ach rozci\u0105gliwych z wykorzystaniem odpowiedniego kleju drukowanego. Transfer ten drukowany jest z u\u017cyciem farb plastizolowych, wykonywanych zgodnie z najnowszymi standardami zdrowotnymi i ekologicznymi, nie zawieraj\u0105cymi PCV, formaldehyd\u00f3w ani ftalan\u00f3w.  Termotransfer plastizolowy ELASTIC pozwala na odwzorowanie do 8 kolor\u00f3w Pantone podczas jednego nadruku. Nie mo\u017cna drukowa\u0107 nadruk\u00f3w pe\u0142nokolorowych oraz przej\u015bc tonalnych. Nadruki zrealizowane t\u0105 technik\u0105 wyr\u00f3\u017cniaj\u0105 si\u0119 wysok\u0105 jako\u015bci\u0105, bardzo dobrym kryciem i elastyczno\u015bci\u0105.","og_url":"https:\/\/plastisol-transfer.com\/de\/produkt\/transfer-plastizolowy-elastic\/","og_site_name":"Plastisol-Transfer.com | Press Your Success","article_publisher":"https:\/\/www.facebook.com\/sitodrukowy\/","article_modified_time":"2022-07-01T09:07:52+00:00","og_image":[{"width":2078,"height":2050,"url":"https:\/\/plastisol-transfer.com\/wp-content\/uploads\/2021\/08\/Plastisol-ELASTIC.jpg","type":"image\/jpeg"}],"twitter_card":"summary_large_image","twitter_site":"@plasttransfer","schema":{"@context":"https:\/\/schema.org","@graph":[{"@type":["WebPage","ItemPage"],"@id":"https:\/\/plastisol-transfer.com\/produkt\/transfer-plastizolowy-elastic\/","url":"https:\/\/plastisol-transfer.com\/produkt\/transfer-plastizolowy-elastic\/","name":"Transfer plastizolowy ELASTIC - Plastisol-Transfer.com | Press Your Success","isPartOf":{"@id":"https:\/\/plastisol-transfer.com\/#website"},"primaryImageOfPage":{"@id":"https:\/\/plastisol-transfer.com\/produkt\/transfer-plastizolowy-elastic\/#primaryimage"},"image":{"@id":"https:\/\/plastisol-transfer.com\/produkt\/transfer-plastizolowy-elastic\/#primaryimage"},"thumbnailUrl":"https:\/\/plastisol-transfer.com\/wp-content\/uploads\/2021\/08\/Plastisol-ELASTIC.jpg","datePublished":"2021-08-02T08:32:00+00:00","dateModified":"2022-07-01T09:07:52+00:00","breadcrumb":{"@id":"https:\/\/plastisol-transfer.com\/produkt\/transfer-plastizolowy-elastic\/#breadcrumb"},"inLanguage":"de-DE","potentialAction":[{"@type":"ReadAction","target":["https:\/\/plastisol-transfer.com\/produkt\/transfer-plastizolowy-elastic\/"]}]},{"@type":"ImageObject","inLanguage":"de-DE","@id":"https:\/\/plastisol-transfer.com\/produkt\/transfer-plastizolowy-elastic\/#primaryimage","url":"https:\/\/plastisol-transfer.com\/wp-content\/uploads\/2021\/08\/Plastisol-ELASTIC.jpg","contentUrl":"https:\/\/plastisol-transfer.com\/wp-content\/uploads\/2021\/08\/Plastisol-ELASTIC.jpg","width":2078,"height":2050,"caption":"Plastisol ELASTIC"},{"@type":"BreadcrumbList","@id":"https:\/\/plastisol-transfer.com\/produkt\/transfer-plastizolowy-elastic\/#breadcrumb","itemListElement":[{"@type":"ListItem","position":1,"name":"Nadruki termotransferowe","item":"https:\/\/plastisol-transfer.com\/"},{"@type":"ListItem","position":2,"name":"Transfer plastizolowy ELASTIC"}]},{"@type":"WebSite","@id":"https:\/\/plastisol-transfer.com\/#website","url":"https:\/\/plastisol-transfer.com\/","name":"Plastisol-Transfer.com | Press Your Success","description":"Nadruki termotransferowe","publisher":{"@id":"https:\/\/plastisol-transfer.com\/#organization"},"potentialAction":[{"@type":"SearchAction","target":{"@type":"EntryPoint","urlTemplate":"https:\/\/plastisol-transfer.com\/?s={search_term_string}"},"query-input":{"@type":"PropertyValueSpecification","valueRequired":true,"valueName":"search_term_string"}}],"inLanguage":"de-DE"},{"@type":"Organization","@id":"https:\/\/plastisol-transfer.com\/#organization","name":"Plastisol-Transfer.com | Press Your Success","url":"https:\/\/plastisol-transfer.com\/","logo":{"@type":"ImageObject","inLanguage":"de-DE","@id":"https:\/\/plastisol-transfer.com\/#\/schema\/logo\/image\/","url":"https:\/\/plastisol-transfer.com\/wp-content\/uploads\/2022\/03\/logo_pt_new_color.png","contentUrl":"https:\/\/plastisol-transfer.com\/wp-content\/uploads\/2022\/03\/logo_pt_new_color.png","width":499,"height":127,"caption":"Plastisol-Transfer.com | Press Your Success"},"image":{"@id":"https:\/\/plastisol-transfer.com\/#\/schema\/logo\/image\/"},"sameAs":["https:\/\/www.facebook.com\/sitodrukowy\/","https:\/\/x.com\/plasttransfer","https:\/\/www.instagram.com\/sitodrukowy.pl\/","https:\/\/www.linkedin.com\/company\/plastisol-transfer-com\/","https:\/\/www.youtube.com\/channel\/UC9EtwcqRPx7ntet0dB_hKAQ\/"]}]}},"_links":{"self":[{"href":"https:\/\/plastisol-transfer.com\/de\/wp-json\/wp\/v2\/product\/5977","targetHints":{"allow":["GET"]}}],"collection":[{"href":"https:\/\/plastisol-transfer.com\/de\/wp-json\/wp\/v2\/product"}],"about":[{"href":"https:\/\/plastisol-transfer.com\/de\/wp-json\/wp\/v2\/types\/product"}],"wp:featuredmedia":[{"embeddable":true,"href":"https:\/\/plastisol-transfer.com\/de\/wp-json\/wp\/v2\/media\/6104"}],"wp:attachment":[{"href":"https:\/\/plastisol-transfer.com\/de\/wp-json\/wp\/v2\/media?parent=5977"}],"wp:term":[{"taxonomy":"product_brand","embeddable":true,"href":"https:\/\/plastisol-transfer.com\/de\/wp-json\/wp\/v2\/product_brand?post=5977"},{"taxonomy":"product_cat","embeddable":true,"href":"https:\/\/plastisol-transfer.com\/de\/wp-json\/wp\/v2\/product_cat?post=5977"},{"taxonomy":"product_tag","embeddable":true,"href":"https:\/\/plastisol-transfer.com\/de\/wp-json\/wp\/v2\/product_tag?post=5977"}],"curies":[{"name":"wp","href":"https:\/\/api.w.org\/{rel}","templated":true}]}}