{"id":5975,"date":"2021-08-02T10:29:29","date_gmt":"2021-08-02T08:29:29","guid":{"rendered":"https:\/\/plastisol-transfer.com\/?post_type=product&#038;p=5975"},"modified":"2022-07-01T11:07:38","modified_gmt":"2022-07-01T09:07:38","slug":"transfer-reflective","status":"publish","type":"product","link":"https:\/\/plastisol-transfer.com\/de\/produkt\/transfer-reflective\/","title":{"rendered":"Transfer REFLECTIVE"},"content":{"rendered":"<p class=\"zw-paragraph heading0\" data-header=\"0\" data-textformat=\"{&quot;td&quot;:&quot;none&quot;,&quot;ff&quot;:&quot;Roboto&quot;,&quot;cs&quot;:&quot;0.0pt&quot;,&quot;fw&quot;:&quot;bold&quot;,&quot;fgc&quot;:&quot;rgb(0,0,0)&quot;,&quot;size&quot;:12,&quot;fw_i&quot;:700,&quot;fs&quot;:&quot;none&quot;}\" data-margin-bottom=\"0.0pt\" data-hd-info=\"0\" data-line-height=\"1.2\" data-doc-id=\"1145092000000019001\" data-doc-type=\"writer\">Transfer odblaskowy jest technik\u0105 dzi\u0119ki kt\u00f3rej mo\u017cna uzyska\u0107 doskona\u0142y odblask. Drukowany jest na specjalistycznej folii odblaskowej, zawieraj\u0105cej mikro-pryzmatyczne kulki szklane, dzi\u0119ki kt\u00f3rym uzyskujemy efekt odbijania \u015bwiat\u0142a. Transfer ten posiada ograniczon\u0105 elastyczno\u015b\u0107, nie mniej jednak wi\u0119ksz\u0105 ni\u017c standardowy nadruk plastizolowy. W przypadku tkanin syntetycznych warto przetestowa\u0107 efektywno\u015b\u0107 aplikacji przed zam\u00f3wieniem wi\u0119kszej partii.<\/p>\n<p class=\"zw-paragraph heading0\" data-header=\"0\" data-textformat=\"{&quot;td&quot;:&quot;none&quot;,&quot;ff&quot;:&quot;Roboto&quot;,&quot;cs&quot;:&quot;0.0pt&quot;,&quot;fw&quot;:&quot;bold&quot;,&quot;fgc&quot;:&quot;rgb(0,0,0)&quot;,&quot;size&quot;:12,&quot;fw_i&quot;:700,&quot;fs&quot;:&quot;none&quot;}\" data-margin-bottom=\"0.0pt\" data-hd-info=\"0\" data-line-height=\"1.2\">Nadruk odbija \u015bwiat\u0142o tak samo jak odblaskowe pasy w kamizelce. Tym samym spe\u0142nia on podw\u00f3jn\u0105 funkcj\u0119: odblaskow\u0105 i informacyjn\u0105. To technika nadruku, stosowana wsz\u0119dzie tam, gdzie konieczne jest zapewnienie sobie odpowiedniej widoczno\u015bci. Odpowiednia przy przygotowywaniu ubra\u0144 dla os\u00f3b wykonuj\u0105cych roboty drogowe, sportowc\u00f3w, w znakowaniu gad\u017cet\u00f3w dla dzieci i m\u0142odzie\u017cy szkolnej. Warto pami\u0119ta\u0107, i\u017c odblaski dla pieszych i rowerzyst\u00f3w s\u0105 tak\u017ce doskona\u0142ym no\u015bnikiem reklamowym i mog\u0105 z nich korzysta\u0107 zar\u00f3wno instytucje pa\u0144stwowe \u2013 takie, jak Policja, czy urz\u0119dy gminy \u2013 jak i podmioty komercyjne.<\/p>\n<p>Tego typu transfery stosuje si\u0119 przy du\u017cych nak\u0142adach min. 50 sztuk. Transfer odblaskowy sprzedawany i wyceniany jest per image nie na arkusze. Rozmiar arkusza ma wymiar 500 mm x 350 mm. Pole zadruku to 480mm x 320mm.<\/p>","protected":false},"excerpt":{"rendered":"<p>Transfer odblaskowy jest technik\u0105 dzi\u0119ki kt\u00f3rej mo\u017cna uzyska\u0107 doskona\u0142y odblask. Drukowany jest na specjalistycznej folii odblaskowej, zawieraj\u0105cej mikro-pryzmatyczne kulki szklane, dzi\u0119ki kt\u00f3rym uzyskujemy efekt odbijania \u015bwiat\u0142a. Transfer ten posiada ograniczon\u0105 elastyczno\u015b\u0107, nie mniej jednak wi\u0119ksz\u0105 ni\u017c standardowy nadruk plastizolowy. W przypadku tkanin syntetycznych warto przetestowa\u0107 efektywno\u015b\u0107 aplikacji przed zam\u00f3wieniem wi\u0119kszej partii. Nadruk odbija \u015bwiat\u0142o tak [&hellip;]<\/p>","protected":false},"featured_media":6110,"template":"","meta":[],"product_brand":[],"product_cat":[424],"product_tag":[],"class_list":{"0":"post-5975","1":"product","2":"type-product","3":"status-publish","4":"has-post-thumbnail","6":"product_cat-transfery-odblaskowe","8":"first","9":"instock","10":"featured","11":"sold-individually","12":"taxable","13":"shipping-taxable","14":"purchasable","15":"product-type-simple"},"yoast_head":"<!-- This site is optimized with the Yoast SEO plugin v27.4 - https:\/\/yoast.com\/product\/yoast-seo-wordpress\/ -->\n<title>Transfer REFLECTIVE - Plastisol-Transfer.com | Press Your Success<\/title>\n<meta name=\"robots\" content=\"index, follow, max-snippet:-1, max-image-preview:large, max-video-preview:-1\" \/>\n<link rel=\"canonical\" href=\"https:\/\/plastisol-transfer.com\/de\/produkt\/transfer-reflective\/\" \/>\n<meta property=\"og:locale\" content=\"de_DE\" \/>\n<meta property=\"og:type\" content=\"article\" \/>\n<meta property=\"og:title\" content=\"Transfer REFLECTIVE - Plastisol-Transfer.com | Press Your Success\" \/>\n<meta property=\"og:description\" content=\"Transfer odblaskowy jest technik\u0105 dzi\u0119ki kt\u00f3rej mo\u017cna uzyska\u0107 doskona\u0142y odblask. Drukowany jest na specjalistycznej folii odblaskowej, zawieraj\u0105cej mikro-pryzmatyczne kulki szklane, dzi\u0119ki kt\u00f3rym uzyskujemy efekt odbijania \u015bwiat\u0142a. Transfer ten posiada ograniczon\u0105 elastyczno\u015b\u0107, nie mniej jednak wi\u0119ksz\u0105 ni\u017c standardowy nadruk plastizolowy. W przypadku tkanin syntetycznych warto przetestowa\u0107 efektywno\u015b\u0107 aplikacji przed zam\u00f3wieniem wi\u0119kszej partii. Nadruk odbija \u015bwiat\u0142o tak [&hellip;]\" \/>\n<meta property=\"og:url\" content=\"https:\/\/plastisol-transfer.com\/de\/produkt\/transfer-reflective\/\" \/>\n<meta property=\"og:site_name\" content=\"Plastisol-Transfer.com | Press Your Success\" \/>\n<meta property=\"article:publisher\" content=\"https:\/\/www.facebook.com\/sitodrukowy\/\" \/>\n<meta property=\"article:modified_time\" content=\"2022-07-01T09:07:38+00:00\" \/>\n<meta property=\"og:image\" content=\"https:\/\/plastisol-transfer.com\/wp-content\/uploads\/2021\/08\/transfer-REFLECTIVE.jpg\" \/>\n\t<meta property=\"og:image:width\" content=\"2120\" \/>\n\t<meta property=\"og:image:height\" content=\"2080\" \/>\n\t<meta property=\"og:image:type\" content=\"image\/jpeg\" \/>\n<meta name=\"twitter:card\" content=\"summary_large_image\" \/>\n<meta name=\"twitter:site\" content=\"@plasttransfer\" \/>\n<meta name=\"twitter:label1\" content=\"Gesch\u00e4tzte Lesezeit\" \/>\n\t<meta name=\"twitter:data1\" content=\"2\u00a0Minuten\" \/>\n<script type=\"application\/ld+json\" class=\"yoast-schema-graph\">{\"@context\":\"https:\\\/\\\/schema.org\",\"@graph\":[{\"@type\":[\"WebPage\",\"ItemPage\"],\"@id\":\"https:\\\/\\\/plastisol-transfer.com\\\/de\\\/produkt\\\/transfer-reflective\\\/\",\"url\":\"https:\\\/\\\/plastisol-transfer.com\\\/de\\\/produkt\\\/transfer-reflective\\\/\",\"name\":\"Transfer REFLECTIVE - Plastisol-Transfer.com | Press Your Success\",\"isPartOf\":{\"@id\":\"https:\\\/\\\/plastisol-transfer.com\\\/#website\"},\"primaryImageOfPage\":{\"@id\":\"https:\\\/\\\/plastisol-transfer.com\\\/de\\\/produkt\\\/transfer-reflective\\\/#primaryimage\"},\"image\":{\"@id\":\"https:\\\/\\\/plastisol-transfer.com\\\/de\\\/produkt\\\/transfer-reflective\\\/#primaryimage\"},\"thumbnailUrl\":\"https:\\\/\\\/plastisol-transfer.com\\\/wp-content\\\/uploads\\\/2021\\\/08\\\/transfer-REFLECTIVE.jpg\",\"datePublished\":\"2021-08-02T08:29:29+00:00\",\"dateModified\":\"2022-07-01T09:07:38+00:00\",\"breadcrumb\":{\"@id\":\"https:\\\/\\\/plastisol-transfer.com\\\/de\\\/produkt\\\/transfer-reflective\\\/#breadcrumb\"},\"inLanguage\":\"de-DE\",\"potentialAction\":[{\"@type\":\"ReadAction\",\"target\":[\"https:\\\/\\\/plastisol-transfer.com\\\/de\\\/produkt\\\/transfer-reflective\\\/\"]}]},{\"@type\":\"ImageObject\",\"inLanguage\":\"de-DE\",\"@id\":\"https:\\\/\\\/plastisol-transfer.com\\\/de\\\/produkt\\\/transfer-reflective\\\/#primaryimage\",\"url\":\"https:\\\/\\\/plastisol-transfer.com\\\/wp-content\\\/uploads\\\/2021\\\/08\\\/transfer-REFLECTIVE.jpg\",\"contentUrl\":\"https:\\\/\\\/plastisol-transfer.com\\\/wp-content\\\/uploads\\\/2021\\\/08\\\/transfer-REFLECTIVE.jpg\",\"width\":2120,\"height\":2080,\"caption\":\"transfer REFLECTIVE\"},{\"@type\":\"BreadcrumbList\",\"@id\":\"https:\\\/\\\/plastisol-transfer.com\\\/de\\\/produkt\\\/transfer-reflective\\\/#breadcrumb\",\"itemListElement\":[{\"@type\":\"ListItem\",\"position\":1,\"name\":\"Nadruki termotransferowe\",\"item\":\"https:\\\/\\\/plastisol-transfer.com\\\/\"},{\"@type\":\"ListItem\",\"position\":2,\"name\":\"Transfer REFLECTIVE\"}]},{\"@type\":\"WebSite\",\"@id\":\"https:\\\/\\\/plastisol-transfer.com\\\/#website\",\"url\":\"https:\\\/\\\/plastisol-transfer.com\\\/\",\"name\":\"Plastisol-Transfer.com | Press Your Success\",\"description\":\"Nadruki termotransferowe\",\"publisher\":{\"@id\":\"https:\\\/\\\/plastisol-transfer.com\\\/#organization\"},\"potentialAction\":[{\"@type\":\"SearchAction\",\"target\":{\"@type\":\"EntryPoint\",\"urlTemplate\":\"https:\\\/\\\/plastisol-transfer.com\\\/?s={search_term_string}\"},\"query-input\":{\"@type\":\"PropertyValueSpecification\",\"valueRequired\":true,\"valueName\":\"search_term_string\"}}],\"inLanguage\":\"de-DE\"},{\"@type\":\"Organization\",\"@id\":\"https:\\\/\\\/plastisol-transfer.com\\\/#organization\",\"name\":\"Plastisol-Transfer.com | Press Your Success\",\"url\":\"https:\\\/\\\/plastisol-transfer.com\\\/\",\"logo\":{\"@type\":\"ImageObject\",\"inLanguage\":\"de-DE\",\"@id\":\"https:\\\/\\\/plastisol-transfer.com\\\/#\\\/schema\\\/logo\\\/image\\\/\",\"url\":\"https:\\\/\\\/plastisol-transfer.com\\\/wp-content\\\/uploads\\\/2022\\\/03\\\/logo_pt_new_color.png\",\"contentUrl\":\"https:\\\/\\\/plastisol-transfer.com\\\/wp-content\\\/uploads\\\/2022\\\/03\\\/logo_pt_new_color.png\",\"width\":499,\"height\":127,\"caption\":\"Plastisol-Transfer.com | Press Your Success\"},\"image\":{\"@id\":\"https:\\\/\\\/plastisol-transfer.com\\\/#\\\/schema\\\/logo\\\/image\\\/\"},\"sameAs\":[\"https:\\\/\\\/www.facebook.com\\\/sitodrukowy\\\/\",\"https:\\\/\\\/x.com\\\/plasttransfer\",\"https:\\\/\\\/www.instagram.com\\\/sitodrukowy.pl\\\/\",\"https:\\\/\\\/www.linkedin.com\\\/company\\\/plastisol-transfer-com\\\/\",\"https:\\\/\\\/www.youtube.com\\\/channel\\\/UC9EtwcqRPx7ntet0dB_hKAQ\\\/\"]}]}<\/script>\n<!-- \/ Yoast SEO plugin. -->","yoast_head_json":{"title":"Transfer REFLECTIVE - Plastisol-Transfer.com | Press Your Success","robots":{"index":"index","follow":"follow","max-snippet":"max-snippet:-1","max-image-preview":"max-image-preview:large","max-video-preview":"max-video-preview:-1"},"canonical":"https:\/\/plastisol-transfer.com\/de\/produkt\/transfer-reflective\/","og_locale":"de_DE","og_type":"article","og_title":"Transfer REFLECTIVE - Plastisol-Transfer.com | Press Your Success","og_description":"Transfer odblaskowy jest technik\u0105 dzi\u0119ki kt\u00f3rej mo\u017cna uzyska\u0107 doskona\u0142y odblask. Drukowany jest na specjalistycznej folii odblaskowej, zawieraj\u0105cej mikro-pryzmatyczne kulki szklane, dzi\u0119ki kt\u00f3rym uzyskujemy efekt odbijania \u015bwiat\u0142a. Transfer ten posiada ograniczon\u0105 elastyczno\u015b\u0107, nie mniej jednak wi\u0119ksz\u0105 ni\u017c standardowy nadruk plastizolowy. W przypadku tkanin syntetycznych warto przetestowa\u0107 efektywno\u015b\u0107 aplikacji przed zam\u00f3wieniem wi\u0119kszej partii. Nadruk odbija \u015bwiat\u0142o tak [&hellip;]","og_url":"https:\/\/plastisol-transfer.com\/de\/produkt\/transfer-reflective\/","og_site_name":"Plastisol-Transfer.com | Press Your Success","article_publisher":"https:\/\/www.facebook.com\/sitodrukowy\/","article_modified_time":"2022-07-01T09:07:38+00:00","og_image":[{"width":2120,"height":2080,"url":"https:\/\/plastisol-transfer.com\/wp-content\/uploads\/2021\/08\/transfer-REFLECTIVE.jpg","type":"image\/jpeg"}],"twitter_card":"summary_large_image","twitter_site":"@plasttransfer","twitter_misc":{"Gesch\u00e4tzte Lesezeit":"2\u00a0Minuten"},"schema":{"@context":"https:\/\/schema.org","@graph":[{"@type":["WebPage","ItemPage"],"@id":"https:\/\/plastisol-transfer.com\/de\/produkt\/transfer-reflective\/","url":"https:\/\/plastisol-transfer.com\/de\/produkt\/transfer-reflective\/","name":"Transfer REFLECTIVE - Plastisol-Transfer.com | Press Your Success","isPartOf":{"@id":"https:\/\/plastisol-transfer.com\/#website"},"primaryImageOfPage":{"@id":"https:\/\/plastisol-transfer.com\/de\/produkt\/transfer-reflective\/#primaryimage"},"image":{"@id":"https:\/\/plastisol-transfer.com\/de\/produkt\/transfer-reflective\/#primaryimage"},"thumbnailUrl":"https:\/\/plastisol-transfer.com\/wp-content\/uploads\/2021\/08\/transfer-REFLECTIVE.jpg","datePublished":"2021-08-02T08:29:29+00:00","dateModified":"2022-07-01T09:07:38+00:00","breadcrumb":{"@id":"https:\/\/plastisol-transfer.com\/de\/produkt\/transfer-reflective\/#breadcrumb"},"inLanguage":"de-DE","potentialAction":[{"@type":"ReadAction","target":["https:\/\/plastisol-transfer.com\/de\/produkt\/transfer-reflective\/"]}]},{"@type":"ImageObject","inLanguage":"de-DE","@id":"https:\/\/plastisol-transfer.com\/de\/produkt\/transfer-reflective\/#primaryimage","url":"https:\/\/plastisol-transfer.com\/wp-content\/uploads\/2021\/08\/transfer-REFLECTIVE.jpg","contentUrl":"https:\/\/plastisol-transfer.com\/wp-content\/uploads\/2021\/08\/transfer-REFLECTIVE.jpg","width":2120,"height":2080,"caption":"transfer REFLECTIVE"},{"@type":"BreadcrumbList","@id":"https:\/\/plastisol-transfer.com\/de\/produkt\/transfer-reflective\/#breadcrumb","itemListElement":[{"@type":"ListItem","position":1,"name":"Nadruki termotransferowe","item":"https:\/\/plastisol-transfer.com\/"},{"@type":"ListItem","position":2,"name":"Transfer REFLECTIVE"}]},{"@type":"WebSite","@id":"https:\/\/plastisol-transfer.com\/#website","url":"https:\/\/plastisol-transfer.com\/","name":"Plastisol-Transfer.com | Press Your Success","description":"Nadruki termotransferowe","publisher":{"@id":"https:\/\/plastisol-transfer.com\/#organization"},"potentialAction":[{"@type":"SearchAction","target":{"@type":"EntryPoint","urlTemplate":"https:\/\/plastisol-transfer.com\/?s={search_term_string}"},"query-input":{"@type":"PropertyValueSpecification","valueRequired":true,"valueName":"search_term_string"}}],"inLanguage":"de-DE"},{"@type":"Organization","@id":"https:\/\/plastisol-transfer.com\/#organization","name":"Plastisol-Transfer.com | Press Your Success","url":"https:\/\/plastisol-transfer.com\/","logo":{"@type":"ImageObject","inLanguage":"de-DE","@id":"https:\/\/plastisol-transfer.com\/#\/schema\/logo\/image\/","url":"https:\/\/plastisol-transfer.com\/wp-content\/uploads\/2022\/03\/logo_pt_new_color.png","contentUrl":"https:\/\/plastisol-transfer.com\/wp-content\/uploads\/2022\/03\/logo_pt_new_color.png","width":499,"height":127,"caption":"Plastisol-Transfer.com | Press Your Success"},"image":{"@id":"https:\/\/plastisol-transfer.com\/#\/schema\/logo\/image\/"},"sameAs":["https:\/\/www.facebook.com\/sitodrukowy\/","https:\/\/x.com\/plasttransfer","https:\/\/www.instagram.com\/sitodrukowy.pl\/","https:\/\/www.linkedin.com\/company\/plastisol-transfer-com\/","https:\/\/www.youtube.com\/channel\/UC9EtwcqRPx7ntet0dB_hKAQ\/"]}]}},"_links":{"self":[{"href":"https:\/\/plastisol-transfer.com\/de\/wp-json\/wp\/v2\/product\/5975","targetHints":{"allow":["GET"]}}],"collection":[{"href":"https:\/\/plastisol-transfer.com\/de\/wp-json\/wp\/v2\/product"}],"about":[{"href":"https:\/\/plastisol-transfer.com\/de\/wp-json\/wp\/v2\/types\/product"}],"wp:featuredmedia":[{"embeddable":true,"href":"https:\/\/plastisol-transfer.com\/de\/wp-json\/wp\/v2\/media\/6110"}],"wp:attachment":[{"href":"https:\/\/plastisol-transfer.com\/de\/wp-json\/wp\/v2\/media?parent=5975"}],"wp:term":[{"taxonomy":"product_brand","embeddable":true,"href":"https:\/\/plastisol-transfer.com\/de\/wp-json\/wp\/v2\/product_brand?post=5975"},{"taxonomy":"product_cat","embeddable":true,"href":"https:\/\/plastisol-transfer.com\/de\/wp-json\/wp\/v2\/product_cat?post=5975"},{"taxonomy":"product_tag","embeddable":true,"href":"https:\/\/plastisol-transfer.com\/de\/wp-json\/wp\/v2\/product_tag?post=5975"}],"curies":[{"name":"wp","href":"https:\/\/api.w.org\/{rel}","templated":true}]}}