{"id":5973,"date":"2021-08-02T10:20:36","date_gmt":"2021-08-02T08:20:36","guid":{"rendered":"https:\/\/plastisol-transfer.com\/?post_type=product&#038;p=5973"},"modified":"2022-07-01T11:07:25","modified_gmt":"2022-07-01T09:07:25","slug":"transfer-cyfrowy","status":"publish","type":"product","link":"https:\/\/plastisol-transfer.com\/de\/produkt\/transfer-cyfrowy\/","title":{"rendered":"Digital transfer FULL"},"content":{"rendered":"<p><strong>Transfer FULL<\/strong>\u00a0entsteht durch die Kombination zweier Drucktechniken: Digitaldruck, bei dem alle Farben mit einem digitalen Produktionsdrucker gedruckt werden, w\u00e4hrend die Thermotransfer-Eigenschaften durch Siebdruck erzeugt werden.<\/p>\n<p>Mit dieser L\u00f6sung lassen sich Tonwert\u00fcberg\u00e4nge, Farbverl\u00e4ufe und Schattierungen erzielen. Diese Technologie bietet die M\u00f6glichkeit, mehrere verschiedene Farbauftr\u00e4ge auf einem Bogen zu kombinieren, unabh\u00e4ngig von der Anzahl der Farben im Logo. Der Druck erfolgt mit der CMYK-Palette. Es ist m\u00f6glich, Pantone-Farben zu simulieren. Es ist nicht m\u00f6glich, Neon- oder Metallicfarben zu drucken. Bei einigen Logos ist es erforderlich, einen \u00dcberzug von ca. 0,4 mm in der Farbe des Untergrunds aufzubringen. Transfer FULL verf\u00fcgt nicht \u00fcber eine gedruckte Migrationsblocker-Schicht, so dass Drucke auf Polyester-Substraten, insbesondere Sublimationsdrucke, zur Resublimation (Farbver\u00e4nderung) neigen k\u00f6nnen. Als Tr\u00e4ger wird hochwertiges Papier oder Transferfolie verwendet. Die Mindestproduktion betr\u00e4gt 10 Blatt.<\/p>","protected":false},"excerpt":{"rendered":"<p><strong>Transfer FULL<\/strong>\u00a0entsteht durch die Kombination zweier Drucktechniken: Digitaldruck, bei dem alle Farben mit einem digitalen Produktionsdrucker gedruckt werden, w\u00e4hrend die Thermotransfer-Eigenschaften durch Siebdruck erzeugt werden.<\/p>\n<p>Mit dieser L\u00f6sung lassen sich Tonwert\u00fcberg\u00e4nge, Farbverl\u00e4ufe und Schattierungen erzielen. Diese Technologie bietet die M\u00f6glichkeit, mehrere verschiedene Farbauftr\u00e4ge auf einem Bogen zu kombinieren, unabh\u00e4ngig von der Anzahl der Farben im Logo. Der Druck erfolgt mit der CMYK-Palette. Es ist m\u00f6glich, Pantone-Farben zu simulieren. Es ist nicht m\u00f6glich, Neon- oder Metallicfarben zu drucken. Bei einigen Logos ist es erforderlich, einen \u00dcberzug von ca. 0,4 mm in der Farbe des Untergrunds aufzubringen. Transfer FULL verf\u00fcgt nicht \u00fcber eine gedruckte Migrationsblocker-Schicht, so dass Drucke auf Polyester-Substraten, insbesondere Sublimationsdrucke, zur Resublimation (Farbver\u00e4nderung) neigen k\u00f6nnen. Als Tr\u00e4ger wird hochwertiges Papier oder Transferfolie verwendet. Die Mindestproduktion betr\u00e4gt 10 Blatt.<\/p>","protected":false},"featured_media":6010,"template":"","meta":[],"product_brand":[],"product_cat":[423],"product_tag":[],"class_list":{"0":"post-5973","1":"product","2":"type-product","3":"status-publish","4":"has-post-thumbnail","6":"product_cat-transfery-cyfrowe","8":"first","9":"instock","10":"featured","11":"sold-individually","12":"taxable","13":"shipping-taxable","14":"purchasable","15":"product-type-simple"},"yoast_head":"<!-- This site is optimized with the Yoast SEO plugin v27.3 - https:\/\/yoast.com\/product\/yoast-seo-wordpress\/ -->\n<title>Transfer cyfrowy FULL - Plastisol-Transfer.com | Press Your Success<\/title>\n<meta name=\"description\" content=\"Transfer cyfrowy FULL pozwala uzyska\u0107 efektowne i \u0142adne przej\u015bcia tonalne z wykorzystaniem palety kolor\u00f3w CMYK.\" \/>\n<meta name=\"robots\" content=\"index, follow, max-snippet:-1, max-image-preview:large, max-video-preview:-1\" \/>\n<link rel=\"canonical\" href=\"https:\/\/plastisol-transfer.com\/de\/produkt\/transfer-cyfrowy\/\" \/>\n<meta property=\"og:locale\" content=\"de_DE\" \/>\n<meta property=\"og:type\" content=\"article\" \/>\n<meta property=\"og:title\" content=\"Transfer cyfrowy FULL - Plastisol-Transfer.com | Press Your Success\" \/>\n<meta property=\"og:description\" content=\"Transfer cyfrowy FULL pozwala uzyska\u0107 efektowne i \u0142adne przej\u015bcia tonalne z wykorzystaniem palety kolor\u00f3w CMYK.\" \/>\n<meta property=\"og:url\" content=\"https:\/\/plastisol-transfer.com\/de\/produkt\/transfer-cyfrowy\/\" \/>\n<meta property=\"og:site_name\" content=\"Plastisol-Transfer.com | Press Your Success\" \/>\n<meta property=\"article:publisher\" content=\"https:\/\/www.facebook.com\/sitodrukowy\/\" \/>\n<meta property=\"article:modified_time\" content=\"2022-07-01T09:07:25+00:00\" \/>\n<meta property=\"og:image\" content=\"https:\/\/plastisol-transfer.com\/wp-content\/uploads\/2021\/08\/transfer_full.jpg\" \/>\n\t<meta property=\"og:image:width\" content=\"2000\" \/>\n\t<meta property=\"og:image:height\" content=\"2000\" \/>\n\t<meta property=\"og:image:type\" content=\"image\/jpeg\" \/>\n<meta name=\"twitter:card\" content=\"summary_large_image\" \/>\n<meta name=\"twitter:site\" content=\"@plasttransfer\" \/>\n<meta name=\"twitter:label1\" content=\"Gesch\u00e4tzte Lesezeit\" \/>\n\t<meta name=\"twitter:data1\" content=\"1\u00a0Minute\" \/>\n<script type=\"application\/ld+json\" class=\"yoast-schema-graph\">{\"@context\":\"https:\\\/\\\/schema.org\",\"@graph\":[{\"@type\":[\"WebPage\",\"ItemPage\"],\"@id\":\"https:\\\/\\\/plastisol-transfer.com\\\/produkt\\\/transfer-cyfrowy\\\/\",\"url\":\"https:\\\/\\\/plastisol-transfer.com\\\/produkt\\\/transfer-cyfrowy\\\/\",\"name\":\"Transfer cyfrowy FULL - Plastisol-Transfer.com | Press Your Success\",\"isPartOf\":{\"@id\":\"https:\\\/\\\/plastisol-transfer.com\\\/#website\"},\"primaryImageOfPage\":{\"@id\":\"https:\\\/\\\/plastisol-transfer.com\\\/produkt\\\/transfer-cyfrowy\\\/#primaryimage\"},\"image\":{\"@id\":\"https:\\\/\\\/plastisol-transfer.com\\\/produkt\\\/transfer-cyfrowy\\\/#primaryimage\"},\"thumbnailUrl\":\"https:\\\/\\\/plastisol-transfer.com\\\/wp-content\\\/uploads\\\/2021\\\/08\\\/transfer_full.jpg\",\"datePublished\":\"2021-08-02T08:20:36+00:00\",\"dateModified\":\"2022-07-01T09:07:25+00:00\",\"description\":\"Transfer cyfrowy FULL pozwala uzyska\u0107 efektowne i \u0142adne przej\u015bcia tonalne z wykorzystaniem palety kolor\u00f3w CMYK.\",\"breadcrumb\":{\"@id\":\"https:\\\/\\\/plastisol-transfer.com\\\/produkt\\\/transfer-cyfrowy\\\/#breadcrumb\"},\"inLanguage\":\"de-DE\",\"potentialAction\":[{\"@type\":\"ReadAction\",\"target\":[\"https:\\\/\\\/plastisol-transfer.com\\\/produkt\\\/transfer-cyfrowy\\\/\"]}]},{\"@type\":\"ImageObject\",\"inLanguage\":\"de-DE\",\"@id\":\"https:\\\/\\\/plastisol-transfer.com\\\/produkt\\\/transfer-cyfrowy\\\/#primaryimage\",\"url\":\"https:\\\/\\\/plastisol-transfer.com\\\/wp-content\\\/uploads\\\/2021\\\/08\\\/transfer_full.jpg\",\"contentUrl\":\"https:\\\/\\\/plastisol-transfer.com\\\/wp-content\\\/uploads\\\/2021\\\/08\\\/transfer_full.jpg\",\"width\":2000,\"height\":2000,\"caption\":\"transfer_full\"},{\"@type\":\"BreadcrumbList\",\"@id\":\"https:\\\/\\\/plastisol-transfer.com\\\/produkt\\\/transfer-cyfrowy\\\/#breadcrumb\",\"itemListElement\":[{\"@type\":\"ListItem\",\"position\":1,\"name\":\"Nadruki termotransferowe\",\"item\":\"https:\\\/\\\/plastisol-transfer.com\\\/\"},{\"@type\":\"ListItem\",\"position\":2,\"name\":\"Transfer cyfrowy FULL\"}]},{\"@type\":\"WebSite\",\"@id\":\"https:\\\/\\\/plastisol-transfer.com\\\/#website\",\"url\":\"https:\\\/\\\/plastisol-transfer.com\\\/\",\"name\":\"Plastisol-Transfer.com | Press Your Success\",\"description\":\"Nadruki termotransferowe\",\"publisher\":{\"@id\":\"https:\\\/\\\/plastisol-transfer.com\\\/#organization\"},\"potentialAction\":[{\"@type\":\"SearchAction\",\"target\":{\"@type\":\"EntryPoint\",\"urlTemplate\":\"https:\\\/\\\/plastisol-transfer.com\\\/?s={search_term_string}\"},\"query-input\":{\"@type\":\"PropertyValueSpecification\",\"valueRequired\":true,\"valueName\":\"search_term_string\"}}],\"inLanguage\":\"de-DE\"},{\"@type\":\"Organization\",\"@id\":\"https:\\\/\\\/plastisol-transfer.com\\\/#organization\",\"name\":\"Plastisol-Transfer.com | Press Your Success\",\"url\":\"https:\\\/\\\/plastisol-transfer.com\\\/\",\"logo\":{\"@type\":\"ImageObject\",\"inLanguage\":\"de-DE\",\"@id\":\"https:\\\/\\\/plastisol-transfer.com\\\/#\\\/schema\\\/logo\\\/image\\\/\",\"url\":\"https:\\\/\\\/plastisol-transfer.com\\\/wp-content\\\/uploads\\\/2022\\\/03\\\/logo_pt_new_color.png\",\"contentUrl\":\"https:\\\/\\\/plastisol-transfer.com\\\/wp-content\\\/uploads\\\/2022\\\/03\\\/logo_pt_new_color.png\",\"width\":499,\"height\":127,\"caption\":\"Plastisol-Transfer.com | Press Your Success\"},\"image\":{\"@id\":\"https:\\\/\\\/plastisol-transfer.com\\\/#\\\/schema\\\/logo\\\/image\\\/\"},\"sameAs\":[\"https:\\\/\\\/www.facebook.com\\\/sitodrukowy\\\/\",\"https:\\\/\\\/x.com\\\/plasttransfer\",\"https:\\\/\\\/www.instagram.com\\\/sitodrukowy.pl\\\/\",\"https:\\\/\\\/www.linkedin.com\\\/company\\\/plastisol-transfer-com\\\/\",\"https:\\\/\\\/www.youtube.com\\\/channel\\\/UC9EtwcqRPx7ntet0dB_hKAQ\\\/\"]}]}<\/script>\n<!-- \/ Yoast SEO plugin. -->","yoast_head_json":{"title":"Transfer cyfrowy FULL - Plastisol-Transfer.com | Press Your Success","description":"Transfer cyfrowy FULL pozwala uzyska\u0107 efektowne i \u0142adne przej\u015bcia tonalne z wykorzystaniem palety kolor\u00f3w CMYK.","robots":{"index":"index","follow":"follow","max-snippet":"max-snippet:-1","max-image-preview":"max-image-preview:large","max-video-preview":"max-video-preview:-1"},"canonical":"https:\/\/plastisol-transfer.com\/de\/produkt\/transfer-cyfrowy\/","og_locale":"de_DE","og_type":"article","og_title":"Transfer cyfrowy FULL - Plastisol-Transfer.com | Press Your Success","og_description":"Transfer cyfrowy FULL pozwala uzyska\u0107 efektowne i \u0142adne przej\u015bcia tonalne z wykorzystaniem palety kolor\u00f3w CMYK.","og_url":"https:\/\/plastisol-transfer.com\/de\/produkt\/transfer-cyfrowy\/","og_site_name":"Plastisol-Transfer.com | Press Your Success","article_publisher":"https:\/\/www.facebook.com\/sitodrukowy\/","article_modified_time":"2022-07-01T09:07:25+00:00","og_image":[{"width":2000,"height":2000,"url":"https:\/\/plastisol-transfer.com\/wp-content\/uploads\/2021\/08\/transfer_full.jpg","type":"image\/jpeg"}],"twitter_card":"summary_large_image","twitter_site":"@plasttransfer","twitter_misc":{"Gesch\u00e4tzte Lesezeit":"1\u00a0Minute"},"schema":{"@context":"https:\/\/schema.org","@graph":[{"@type":["WebPage","ItemPage"],"@id":"https:\/\/plastisol-transfer.com\/produkt\/transfer-cyfrowy\/","url":"https:\/\/plastisol-transfer.com\/produkt\/transfer-cyfrowy\/","name":"Transfer cyfrowy FULL - Plastisol-Transfer.com | Press Your Success","isPartOf":{"@id":"https:\/\/plastisol-transfer.com\/#website"},"primaryImageOfPage":{"@id":"https:\/\/plastisol-transfer.com\/produkt\/transfer-cyfrowy\/#primaryimage"},"image":{"@id":"https:\/\/plastisol-transfer.com\/produkt\/transfer-cyfrowy\/#primaryimage"},"thumbnailUrl":"https:\/\/plastisol-transfer.com\/wp-content\/uploads\/2021\/08\/transfer_full.jpg","datePublished":"2021-08-02T08:20:36+00:00","dateModified":"2022-07-01T09:07:25+00:00","description":"Transfer cyfrowy FULL pozwala uzyska\u0107 efektowne i \u0142adne przej\u015bcia tonalne z wykorzystaniem palety kolor\u00f3w CMYK.","breadcrumb":{"@id":"https:\/\/plastisol-transfer.com\/produkt\/transfer-cyfrowy\/#breadcrumb"},"inLanguage":"de-DE","potentialAction":[{"@type":"ReadAction","target":["https:\/\/plastisol-transfer.com\/produkt\/transfer-cyfrowy\/"]}]},{"@type":"ImageObject","inLanguage":"de-DE","@id":"https:\/\/plastisol-transfer.com\/produkt\/transfer-cyfrowy\/#primaryimage","url":"https:\/\/plastisol-transfer.com\/wp-content\/uploads\/2021\/08\/transfer_full.jpg","contentUrl":"https:\/\/plastisol-transfer.com\/wp-content\/uploads\/2021\/08\/transfer_full.jpg","width":2000,"height":2000,"caption":"transfer_full"},{"@type":"BreadcrumbList","@id":"https:\/\/plastisol-transfer.com\/produkt\/transfer-cyfrowy\/#breadcrumb","itemListElement":[{"@type":"ListItem","position":1,"name":"Nadruki termotransferowe","item":"https:\/\/plastisol-transfer.com\/"},{"@type":"ListItem","position":2,"name":"Transfer cyfrowy FULL"}]},{"@type":"WebSite","@id":"https:\/\/plastisol-transfer.com\/#website","url":"https:\/\/plastisol-transfer.com\/","name":"Plastisol-Transfer.com | Press Your Success","description":"Nadruki termotransferowe","publisher":{"@id":"https:\/\/plastisol-transfer.com\/#organization"},"potentialAction":[{"@type":"SearchAction","target":{"@type":"EntryPoint","urlTemplate":"https:\/\/plastisol-transfer.com\/?s={search_term_string}"},"query-input":{"@type":"PropertyValueSpecification","valueRequired":true,"valueName":"search_term_string"}}],"inLanguage":"de-DE"},{"@type":"Organization","@id":"https:\/\/plastisol-transfer.com\/#organization","name":"Plastisol-Transfer.com | Press Your Success","url":"https:\/\/plastisol-transfer.com\/","logo":{"@type":"ImageObject","inLanguage":"de-DE","@id":"https:\/\/plastisol-transfer.com\/#\/schema\/logo\/image\/","url":"https:\/\/plastisol-transfer.com\/wp-content\/uploads\/2022\/03\/logo_pt_new_color.png","contentUrl":"https:\/\/plastisol-transfer.com\/wp-content\/uploads\/2022\/03\/logo_pt_new_color.png","width":499,"height":127,"caption":"Plastisol-Transfer.com | Press Your Success"},"image":{"@id":"https:\/\/plastisol-transfer.com\/#\/schema\/logo\/image\/"},"sameAs":["https:\/\/www.facebook.com\/sitodrukowy\/","https:\/\/x.com\/plasttransfer","https:\/\/www.instagram.com\/sitodrukowy.pl\/","https:\/\/www.linkedin.com\/company\/plastisol-transfer-com\/","https:\/\/www.youtube.com\/channel\/UC9EtwcqRPx7ntet0dB_hKAQ\/"]}]}},"_links":{"self":[{"href":"https:\/\/plastisol-transfer.com\/de\/wp-json\/wp\/v2\/product\/5973","targetHints":{"allow":["GET"]}}],"collection":[{"href":"https:\/\/plastisol-transfer.com\/de\/wp-json\/wp\/v2\/product"}],"about":[{"href":"https:\/\/plastisol-transfer.com\/de\/wp-json\/wp\/v2\/types\/product"}],"wp:featuredmedia":[{"embeddable":true,"href":"https:\/\/plastisol-transfer.com\/de\/wp-json\/wp\/v2\/media\/6010"}],"wp:attachment":[{"href":"https:\/\/plastisol-transfer.com\/de\/wp-json\/wp\/v2\/media?parent=5973"}],"wp:term":[{"taxonomy":"product_brand","embeddable":true,"href":"https:\/\/plastisol-transfer.com\/de\/wp-json\/wp\/v2\/product_brand?post=5973"},{"taxonomy":"product_cat","embeddable":true,"href":"https:\/\/plastisol-transfer.com\/de\/wp-json\/wp\/v2\/product_cat?post=5973"},{"taxonomy":"product_tag","embeddable":true,"href":"https:\/\/plastisol-transfer.com\/de\/wp-json\/wp\/v2\/product_tag?post=5973"}],"curies":[{"name":"wp","href":"https:\/\/api.w.org\/{rel}","templated":true}]}}