{"id":5969,"date":"2021-08-02T10:09:11","date_gmt":"2021-08-02T08:09:11","guid":{"rendered":"https:\/\/plastisol-transfer.com\/?post_type=product&#038;p=5969"},"modified":"2022-07-01T11:06:50","modified_gmt":"2022-07-01T09:06:50","slug":"transfer-cyfrowy-industrial","status":"publish","type":"product","link":"https:\/\/plastisol-transfer.com\/de\/produkt\/transfer-cyfrowy-industrial\/","title":{"rendered":"Digital transfer INDUSTRIAL"},"content":{"rendered":"","protected":false},"excerpt":{"rendered":"<p><strong>Digital transfer INDUSTRIAL<\/strong> - ist einer der haltbarsten Drucke, der hohen Waschtemperaturen von bis zu 90 \u00b0C und dem Trocknen im W\u00e4schetrockner standh\u00e4lt. Geeignet f\u00fcr Arbeits- und Berufskleidung.<\/p>","protected":false},"featured_media":6107,"template":"","meta":[],"product_brand":[],"product_cat":[423],"product_tag":[],"class_list":{"0":"post-5969","1":"product","2":"type-product","3":"status-publish","4":"has-post-thumbnail","6":"product_cat-transfery-cyfrowe","8":"first","9":"instock","10":"sold-individually","11":"taxable","12":"shipping-taxable","13":"purchasable","14":"product-type-simple"},"yoast_head":"<!-- This site is optimized with the Yoast SEO plugin v27.3 - https:\/\/yoast.com\/product\/yoast-seo-wordpress\/ -->\n<title>Transfer cyfrowy INDUSTRIAL - Plastisol-Transfer.com | Press Your Success<\/title>\n<meta name=\"robots\" content=\"index, follow, max-snippet:-1, max-image-preview:large, max-video-preview:-1\" \/>\n<link rel=\"canonical\" href=\"https:\/\/plastisol-transfer.com\/de\/produkt\/transfer-cyfrowy-industrial\/\" \/>\n<meta property=\"og:locale\" content=\"de_DE\" \/>\n<meta property=\"og:type\" content=\"article\" \/>\n<meta property=\"og:title\" content=\"Transfer cyfrowy INDUSTRIAL - Plastisol-Transfer.com | Press Your Success\" \/>\n<meta property=\"og:description\" content=\"Transfer cyfrowy INDUSTRIAL \u2013 to jeden z najtrwalszych nadruk\u00f3w, wytrzymuj\u0105cy pranie w wysokich temperaturach nawet do 90\u00b0C oraz suszenie b\u0119bnowe. Przeznaczony do odzie\u017cy roboczej lub przemys\u0142owej.\" \/>\n<meta property=\"og:url\" content=\"https:\/\/plastisol-transfer.com\/de\/produkt\/transfer-cyfrowy-industrial\/\" \/>\n<meta property=\"og:site_name\" content=\"Plastisol-Transfer.com | Press Your Success\" \/>\n<meta property=\"article:publisher\" content=\"https:\/\/www.facebook.com\/sitodrukowy\/\" \/>\n<meta property=\"article:modified_time\" content=\"2022-07-01T09:06:50+00:00\" \/>\n<meta property=\"og:image\" content=\"https:\/\/plastisol-transfer.com\/wp-content\/uploads\/2021\/08\/Cyfrowy-INDUSTRIAL.jpg\" \/>\n\t<meta property=\"og:image:width\" content=\"2004\" \/>\n\t<meta property=\"og:image:height\" content=\"2003\" \/>\n\t<meta property=\"og:image:type\" content=\"image\/jpeg\" \/>\n<meta name=\"twitter:card\" content=\"summary_large_image\" \/>\n<meta name=\"twitter:site\" content=\"@plasttransfer\" \/>\n<script type=\"application\/ld+json\" class=\"yoast-schema-graph\">{\"@context\":\"https:\\\/\\\/schema.org\",\"@graph\":[{\"@type\":[\"WebPage\",\"ItemPage\"],\"@id\":\"https:\\\/\\\/plastisol-transfer.com\\\/de\\\/produkt\\\/transfer-cyfrowy-industrial\\\/\",\"url\":\"https:\\\/\\\/plastisol-transfer.com\\\/de\\\/produkt\\\/transfer-cyfrowy-industrial\\\/\",\"name\":\"Transfer cyfrowy INDUSTRIAL - Plastisol-Transfer.com | Press Your Success\",\"isPartOf\":{\"@id\":\"https:\\\/\\\/plastisol-transfer.com\\\/#website\"},\"primaryImageOfPage\":{\"@id\":\"https:\\\/\\\/plastisol-transfer.com\\\/de\\\/produkt\\\/transfer-cyfrowy-industrial\\\/#primaryimage\"},\"image\":{\"@id\":\"https:\\\/\\\/plastisol-transfer.com\\\/de\\\/produkt\\\/transfer-cyfrowy-industrial\\\/#primaryimage\"},\"thumbnailUrl\":\"https:\\\/\\\/plastisol-transfer.com\\\/wp-content\\\/uploads\\\/2021\\\/08\\\/Cyfrowy-INDUSTRIAL.jpg\",\"datePublished\":\"2021-08-02T08:09:11+00:00\",\"dateModified\":\"2022-07-01T09:06:50+00:00\",\"breadcrumb\":{\"@id\":\"https:\\\/\\\/plastisol-transfer.com\\\/de\\\/produkt\\\/transfer-cyfrowy-industrial\\\/#breadcrumb\"},\"inLanguage\":\"de-DE\",\"potentialAction\":[{\"@type\":\"ReadAction\",\"target\":[\"https:\\\/\\\/plastisol-transfer.com\\\/de\\\/produkt\\\/transfer-cyfrowy-industrial\\\/\"]}]},{\"@type\":\"ImageObject\",\"inLanguage\":\"de-DE\",\"@id\":\"https:\\\/\\\/plastisol-transfer.com\\\/de\\\/produkt\\\/transfer-cyfrowy-industrial\\\/#primaryimage\",\"url\":\"https:\\\/\\\/plastisol-transfer.com\\\/wp-content\\\/uploads\\\/2021\\\/08\\\/Cyfrowy-INDUSTRIAL.jpg\",\"contentUrl\":\"https:\\\/\\\/plastisol-transfer.com\\\/wp-content\\\/uploads\\\/2021\\\/08\\\/Cyfrowy-INDUSTRIAL.jpg\",\"width\":2004,\"height\":2003,\"caption\":\"Cyfrowy INDUSTRIAL\"},{\"@type\":\"BreadcrumbList\",\"@id\":\"https:\\\/\\\/plastisol-transfer.com\\\/de\\\/produkt\\\/transfer-cyfrowy-industrial\\\/#breadcrumb\",\"itemListElement\":[{\"@type\":\"ListItem\",\"position\":1,\"name\":\"Nadruki termotransferowe\",\"item\":\"https:\\\/\\\/plastisol-transfer.com\\\/\"},{\"@type\":\"ListItem\",\"position\":2,\"name\":\"Transfer cyfrowy INDUSTRIAL\"}]},{\"@type\":\"WebSite\",\"@id\":\"https:\\\/\\\/plastisol-transfer.com\\\/#website\",\"url\":\"https:\\\/\\\/plastisol-transfer.com\\\/\",\"name\":\"Plastisol-Transfer.com | Press Your Success\",\"description\":\"Nadruki termotransferowe\",\"publisher\":{\"@id\":\"https:\\\/\\\/plastisol-transfer.com\\\/#organization\"},\"potentialAction\":[{\"@type\":\"SearchAction\",\"target\":{\"@type\":\"EntryPoint\",\"urlTemplate\":\"https:\\\/\\\/plastisol-transfer.com\\\/?s={search_term_string}\"},\"query-input\":{\"@type\":\"PropertyValueSpecification\",\"valueRequired\":true,\"valueName\":\"search_term_string\"}}],\"inLanguage\":\"de-DE\"},{\"@type\":\"Organization\",\"@id\":\"https:\\\/\\\/plastisol-transfer.com\\\/#organization\",\"name\":\"Plastisol-Transfer.com | Press Your Success\",\"url\":\"https:\\\/\\\/plastisol-transfer.com\\\/\",\"logo\":{\"@type\":\"ImageObject\",\"inLanguage\":\"de-DE\",\"@id\":\"https:\\\/\\\/plastisol-transfer.com\\\/#\\\/schema\\\/logo\\\/image\\\/\",\"url\":\"https:\\\/\\\/plastisol-transfer.com\\\/wp-content\\\/uploads\\\/2022\\\/03\\\/logo_pt_new_color.png\",\"contentUrl\":\"https:\\\/\\\/plastisol-transfer.com\\\/wp-content\\\/uploads\\\/2022\\\/03\\\/logo_pt_new_color.png\",\"width\":499,\"height\":127,\"caption\":\"Plastisol-Transfer.com | Press Your Success\"},\"image\":{\"@id\":\"https:\\\/\\\/plastisol-transfer.com\\\/#\\\/schema\\\/logo\\\/image\\\/\"},\"sameAs\":[\"https:\\\/\\\/www.facebook.com\\\/sitodrukowy\\\/\",\"https:\\\/\\\/x.com\\\/plasttransfer\",\"https:\\\/\\\/www.instagram.com\\\/sitodrukowy.pl\\\/\",\"https:\\\/\\\/www.linkedin.com\\\/company\\\/plastisol-transfer-com\\\/\",\"https:\\\/\\\/www.youtube.com\\\/channel\\\/UC9EtwcqRPx7ntet0dB_hKAQ\\\/\"]}]}<\/script>\n<!-- \/ Yoast SEO plugin. -->","yoast_head_json":{"title":"Transfer cyfrowy INDUSTRIAL - Plastisol-Transfer.com | Press Your Success","robots":{"index":"index","follow":"follow","max-snippet":"max-snippet:-1","max-image-preview":"max-image-preview:large","max-video-preview":"max-video-preview:-1"},"canonical":"https:\/\/plastisol-transfer.com\/de\/produkt\/transfer-cyfrowy-industrial\/","og_locale":"de_DE","og_type":"article","og_title":"Transfer cyfrowy INDUSTRIAL - Plastisol-Transfer.com | Press Your Success","og_description":"Transfer cyfrowy INDUSTRIAL \u2013 to jeden z najtrwalszych nadruk\u00f3w, wytrzymuj\u0105cy pranie w wysokich temperaturach nawet do 90\u00b0C oraz suszenie b\u0119bnowe. Przeznaczony do odzie\u017cy roboczej lub przemys\u0142owej.","og_url":"https:\/\/plastisol-transfer.com\/de\/produkt\/transfer-cyfrowy-industrial\/","og_site_name":"Plastisol-Transfer.com | Press Your Success","article_publisher":"https:\/\/www.facebook.com\/sitodrukowy\/","article_modified_time":"2022-07-01T09:06:50+00:00","og_image":[{"width":2004,"height":2003,"url":"https:\/\/plastisol-transfer.com\/wp-content\/uploads\/2021\/08\/Cyfrowy-INDUSTRIAL.jpg","type":"image\/jpeg"}],"twitter_card":"summary_large_image","twitter_site":"@plasttransfer","schema":{"@context":"https:\/\/schema.org","@graph":[{"@type":["WebPage","ItemPage"],"@id":"https:\/\/plastisol-transfer.com\/de\/produkt\/transfer-cyfrowy-industrial\/","url":"https:\/\/plastisol-transfer.com\/de\/produkt\/transfer-cyfrowy-industrial\/","name":"Transfer cyfrowy INDUSTRIAL - Plastisol-Transfer.com | Press Your Success","isPartOf":{"@id":"https:\/\/plastisol-transfer.com\/#website"},"primaryImageOfPage":{"@id":"https:\/\/plastisol-transfer.com\/de\/produkt\/transfer-cyfrowy-industrial\/#primaryimage"},"image":{"@id":"https:\/\/plastisol-transfer.com\/de\/produkt\/transfer-cyfrowy-industrial\/#primaryimage"},"thumbnailUrl":"https:\/\/plastisol-transfer.com\/wp-content\/uploads\/2021\/08\/Cyfrowy-INDUSTRIAL.jpg","datePublished":"2021-08-02T08:09:11+00:00","dateModified":"2022-07-01T09:06:50+00:00","breadcrumb":{"@id":"https:\/\/plastisol-transfer.com\/de\/produkt\/transfer-cyfrowy-industrial\/#breadcrumb"},"inLanguage":"de-DE","potentialAction":[{"@type":"ReadAction","target":["https:\/\/plastisol-transfer.com\/de\/produkt\/transfer-cyfrowy-industrial\/"]}]},{"@type":"ImageObject","inLanguage":"de-DE","@id":"https:\/\/plastisol-transfer.com\/de\/produkt\/transfer-cyfrowy-industrial\/#primaryimage","url":"https:\/\/plastisol-transfer.com\/wp-content\/uploads\/2021\/08\/Cyfrowy-INDUSTRIAL.jpg","contentUrl":"https:\/\/plastisol-transfer.com\/wp-content\/uploads\/2021\/08\/Cyfrowy-INDUSTRIAL.jpg","width":2004,"height":2003,"caption":"Cyfrowy INDUSTRIAL"},{"@type":"BreadcrumbList","@id":"https:\/\/plastisol-transfer.com\/de\/produkt\/transfer-cyfrowy-industrial\/#breadcrumb","itemListElement":[{"@type":"ListItem","position":1,"name":"Nadruki termotransferowe","item":"https:\/\/plastisol-transfer.com\/"},{"@type":"ListItem","position":2,"name":"Transfer cyfrowy INDUSTRIAL"}]},{"@type":"WebSite","@id":"https:\/\/plastisol-transfer.com\/#website","url":"https:\/\/plastisol-transfer.com\/","name":"Plastisol-Transfer.com | Press Your Success","description":"Nadruki termotransferowe","publisher":{"@id":"https:\/\/plastisol-transfer.com\/#organization"},"potentialAction":[{"@type":"SearchAction","target":{"@type":"EntryPoint","urlTemplate":"https:\/\/plastisol-transfer.com\/?s={search_term_string}"},"query-input":{"@type":"PropertyValueSpecification","valueRequired":true,"valueName":"search_term_string"}}],"inLanguage":"de-DE"},{"@type":"Organization","@id":"https:\/\/plastisol-transfer.com\/#organization","name":"Plastisol-Transfer.com | Press Your Success","url":"https:\/\/plastisol-transfer.com\/","logo":{"@type":"ImageObject","inLanguage":"de-DE","@id":"https:\/\/plastisol-transfer.com\/#\/schema\/logo\/image\/","url":"https:\/\/plastisol-transfer.com\/wp-content\/uploads\/2022\/03\/logo_pt_new_color.png","contentUrl":"https:\/\/plastisol-transfer.com\/wp-content\/uploads\/2022\/03\/logo_pt_new_color.png","width":499,"height":127,"caption":"Plastisol-Transfer.com | Press Your Success"},"image":{"@id":"https:\/\/plastisol-transfer.com\/#\/schema\/logo\/image\/"},"sameAs":["https:\/\/www.facebook.com\/sitodrukowy\/","https:\/\/x.com\/plasttransfer","https:\/\/www.instagram.com\/sitodrukowy.pl\/","https:\/\/www.linkedin.com\/company\/plastisol-transfer-com\/","https:\/\/www.youtube.com\/channel\/UC9EtwcqRPx7ntet0dB_hKAQ\/"]}]}},"_links":{"self":[{"href":"https:\/\/plastisol-transfer.com\/de\/wp-json\/wp\/v2\/product\/5969","targetHints":{"allow":["GET"]}}],"collection":[{"href":"https:\/\/plastisol-transfer.com\/de\/wp-json\/wp\/v2\/product"}],"about":[{"href":"https:\/\/plastisol-transfer.com\/de\/wp-json\/wp\/v2\/types\/product"}],"wp:featuredmedia":[{"embeddable":true,"href":"https:\/\/plastisol-transfer.com\/de\/wp-json\/wp\/v2\/media\/6107"}],"wp:attachment":[{"href":"https:\/\/plastisol-transfer.com\/de\/wp-json\/wp\/v2\/media?parent=5969"}],"wp:term":[{"taxonomy":"product_brand","embeddable":true,"href":"https:\/\/plastisol-transfer.com\/de\/wp-json\/wp\/v2\/product_brand?post=5969"},{"taxonomy":"product_cat","embeddable":true,"href":"https:\/\/plastisol-transfer.com\/de\/wp-json\/wp\/v2\/product_cat?post=5969"},{"taxonomy":"product_tag","embeddable":true,"href":"https:\/\/plastisol-transfer.com\/de\/wp-json\/wp\/v2\/product_tag?post=5969"}],"curies":[{"name":"wp","href":"https:\/\/api.w.org\/{rel}","templated":true}]}}