{"id":2368,"date":"2021-02-26T09:26:34","date_gmt":"2021-02-26T08:26:34","guid":{"rendered":"https:\/\/plastisol-transfer.com\/?page_id=2368"},"modified":"2022-12-02T08:24:56","modified_gmt":"2022-12-02T07:24:56","slug":"o-nas","status":"publish","type":"page","link":"https:\/\/plastisol-transfer.com\/de\/o-nas\/","title":{"rendered":"\u00dcber uns"},"content":{"rendered":"<div class=\"wpb-content-wrapper\"><div class=\"vc_row wpb_row row top-row wpb_custom_034b39d9bc6c6b310d69e39f0ccf274f\"><div class=\"sidebar-content vc_column_container col-md-2 vc_custom_1646993224156\"><div class=\"wpb_wrapper vc_column-inner\"><div class=\"porto-u-heading  wpb_custom_86d22bfbf1ba8b40511aa5d87d4cfb1a porto-u-ad87e2eaf3f9c495180fe0156ddf3eb0\"><div class=\"porto-u-main-heading\"><h2   style=\"margin-bottom: 5px;\">Plastisol transfers<\/h2><\/div><div class=\"porto-u-heading-spacer line_only\" style=\"height:1px;\"><span class=\"porto-u-headings-line\" style=\"border-style:solid;border-bottom-width:1px;border-color:#e7e7e7;\"><\/span><\/div><style>.porto-u-ad87e2eaf3f9c495180fe0156ddf3eb0.porto-u-heading{text-align:left}<\/style><\/div><a aria-label=\"ONE\" class=\"porto-sicon-box-link\" href=\"https:\/\/plastisol-transfer.com\/de\/produkt\/transfer-one\/\" title='Transfer ONE'><div class=\"porto-sicon-box  wpb_custom_44f7725ab5278a15813d89dfc7f4688f style_2 default-icon\"><div class=\"porto-sicon-default\"><div class=\"porto-just-icon-wrapper porto-sicon-img  porto-icon-9f5d1cfb45d27d96b50bf473aebba227\" style=\"font-size: 45px;\"><img decoding=\"async\" class=\"img-icon\" alt=\"\" src=\"https:\/\/plastisol-transfer.com\/wp-content\/uploads\/2022\/02\/one_logo.png\" width=\"439\" height=\"439\" \/><\/div><\/div><div class=\"porto-sicon-header\"><h3 class=\"porto-sicon-title\" style=\"\">ONE<\/h3><\/div> <!-- header --><\/div><!-- porto-sicon-box --><\/a><a aria-label=\"STANDARD\" class=\"porto-sicon-box-link\" href=\"https:\/\/plastisol-transfer.com\/de\/produkt\/transfer-plastizol-standard\/\" title='Transfer STANDARD'><div class=\"porto-sicon-box  wpb_custom_44f7725ab5278a15813d89dfc7f4688f style_2 default-icon\"><div class=\"porto-sicon-default\"><div class=\"porto-just-icon-wrapper porto-sicon-img  porto-icon-9f5d1cfb45d27d96b50bf473aebba227\" style=\"font-size: 45px;\"><img decoding=\"async\" class=\"img-icon\" alt=\"\" src=\"https:\/\/plastisol-transfer.com\/wp-content\/uploads\/2022\/02\/ps_logo.png\" width=\"439\" height=\"439\" \/><\/div><\/div><div class=\"porto-sicon-header\"><h3 class=\"porto-sicon-title\" style=\"\">STANDARD<\/h3><\/div> <!-- header --><\/div><!-- porto-sicon-box --><\/a><a aria-label=\"ELASTIC\" class=\"porto-sicon-box-link\" href=\"https:\/\/plastisol-transfer.com\/de\/produkt\/transfer-plastizolowy-elastic\/\" title='Transfer ELASTIC'><div class=\"porto-sicon-box  wpb_custom_44f7725ab5278a15813d89dfc7f4688f style_2 default-icon\"><div class=\"porto-sicon-default\"><div class=\"porto-just-icon-wrapper porto-sicon-img  porto-icon-9f5d1cfb45d27d96b50bf473aebba227\" style=\"font-size: 45px;\"><img decoding=\"async\" class=\"img-icon\" alt=\"\" src=\"https:\/\/plastisol-transfer.com\/wp-content\/uploads\/2022\/02\/elastic_logo.png\" width=\"439\" height=\"439\" \/><\/div><\/div><div class=\"porto-sicon-header\"><h3 class=\"porto-sicon-title\" style=\"\">ELASTIC<\/h3><\/div> <!-- header --><\/div><!-- porto-sicon-box --><\/a><a aria-label=\"BLOCKER\" class=\"porto-sicon-box-link\" href=\"https:\/\/plastisol-transfer.com\/de\/produkt\/transfer-plastizolowy-blocker\/\" title='Transfer BLOCKER'><div class=\"porto-sicon-box  wpb_custom_44f7725ab5278a15813d89dfc7f4688f style_2 default-icon\"><div class=\"porto-sicon-default\"><div class=\"porto-just-icon-wrapper porto-sicon-img  porto-icon-9f5d1cfb45d27d96b50bf473aebba227\" style=\"font-size: 45px;\"><img decoding=\"async\" class=\"img-icon\" alt=\"\" src=\"https:\/\/plastisol-transfer.com\/wp-content\/uploads\/2022\/02\/bl_logo.png\" width=\"439\" height=\"439\" \/><\/div><\/div><div class=\"porto-sicon-header\"><h3 class=\"porto-sicon-title\" style=\"\">BLOCKER<\/h3><\/div> <!-- header --><\/div><!-- porto-sicon-box --><\/a><a aria-label=\"SPORT\" class=\"porto-sicon-box-link\" href=\"https:\/\/plastisol-transfer.com\/de\/produkt\/transfer-plastizolowy-sport\/\" title='Transfer SPORT'><div class=\"porto-sicon-box  wpb_custom_44f7725ab5278a15813d89dfc7f4688f style_2 default-icon\"><div class=\"porto-sicon-default\"><div class=\"porto-just-icon-wrapper porto-sicon-img  porto-icon-9f5d1cfb45d27d96b50bf473aebba227\" style=\"font-size: 45px;\"><img decoding=\"async\" class=\"img-icon\" alt=\"\" src=\"https:\/\/plastisol-transfer.com\/wp-content\/uploads\/2022\/02\/sp_logo.png\" width=\"439\" height=\"439\" \/><\/div><\/div><div class=\"porto-sicon-header\"><h3 class=\"porto-sicon-title\" style=\"\">SPORT<\/h3><\/div> <!-- header --><\/div><!-- porto-sicon-box --><\/a><div class=\"porto-separator\"><hr class=\"separator-line  vc_custom_1646227630387 wpb_content_element align_left\" style=\"background-image: -webkit-linear-gradient(left, #e7e7e7, transparent); background-image: linear-gradient(to right, #e7e7e7, transparent);\"><\/div><div class=\"porto-modal-input-wrapper\"><img decoding=\"async\" src=\"https:\/\/plastisol-transfer.com\/wp-content\/uploads\/2022\/03\/promo_40_de.png\" alt=\"\" data-trigger-id=\"porto-modal-26e1626555b57447247695ac8e2317d1\" data-type=\"inline\" class=\"porto-modal-trigger img-responsive\" width=\"1199\" height=\"302\" data-overlay-class=\"mfp-fade\" \/><\/div><div id=\"porto-modal-26e1626555b57447247695ac8e2317d1\" class=\"mfp-hide\"><div class=\"porto-modal-content\">\n<p style=\"text-align: center;\"><div class=\"porto-block\" data-id=\"6601\"><style>.vc_custom_1646899977958{background-color: #ffffff !important;}<\/style><div class=\"vc_row wpb_row row top-row wpb_custom_034b39d9bc6c6b310d69e39f0ccf274f\"><div class=\"vc_column_container col-md-4\"><div class=\"wpb_wrapper vc_column-inner\"><\/div><\/div><div class=\"vc_column_container col-md-4 vc_custom_1646899977958\"><div class=\"wpb_wrapper vc_column-inner\">\n\t<div class=\"wpb_raw_code wpb_raw_js\" >\n\t\t<div class=\"wpb_wrapper\">\n\t\t\t<div id=\"zf_div_fxoeHsQoosOlBIUfWGH40Vjh8tJcB1oNhXQiE184hz4\"><\/div><script type=\"text\/javascript\">(function() {\ntry{\nvar f = document.createElement(\"iframe\");\nf.src = 'https:\/\/forms.zohopublic.eu\/sitodrukowy\/form\/HolenSiesichIhren40Rabatt\/formperma\/fxoeHsQoosOlBIUfWGH40Vjh8tJcB1oNhXQiE184hz4';\nf.style.border=\"none\";\nf.style.height=\"1050px\";\nf.style.width=\"90%\";\nf.style.transition=\"all 0.5s ease\";\nvar d = document.getElementById(\"zf_div_fxoeHsQoosOlBIUfWGH40Vjh8tJcB1oNhXQiE184hz4\");\nd.appendChild(f);\n}catch(e){}\n})();<\/script>\n\t\t<\/div>\n\t<\/div>\n<\/div><\/div><div class=\"vc_column_container col-md-4\"><div class=\"wpb_wrapper vc_column-inner\"><\/div><\/div><\/div><\/div>\n<p><\/div><\/div><div class=\"porto-separator\"><hr class=\"separator-line  vc_custom_1646227639957 wpb_content_element align_left\" style=\"background-image: -webkit-linear-gradient(left, #e7e7e7, transparent); background-image: linear-gradient(to right, #e7e7e7, transparent);\"><\/div><div class=\"porto-sicon-box  wpb_custom_451159b0b7be16432bf6ab7cd444e3c5 style_1 default-icon\"><div class=\"porto-sicon-default\"><div class=\"porto-just-icon-wrapper porto-icon none\" style=\"font-size:32px;\"><i class=\"porto-icon-truck\"><\/i><\/div><\/div><div class=\"porto-sicon-header\"><h3 class=\"porto-sicon-title\" style=\"\">Nur bei uns<\/h3><p>Versand sogar in 24 Stunden<\/p><\/div> <!-- header --><\/div><!-- porto-sicon-box --><div class=\"porto-separator\"><hr class=\"separator-line  vc_custom_1646227635375 wpb_content_element align_left\" style=\"background-image: -webkit-linear-gradient(left, #e7e7e7, transparent); background-image: linear-gradient(to right, #e7e7e7, transparent);\"><\/div><div class=\"porto-sicon-box  wpb_custom_451159b0b7be16432bf6ab7cd444e3c5 style_1 default-icon flex-wrap\"><div class=\"porto-sicon-default\"><div class=\"porto-just-icon-wrapper porto-icon none\" style=\"font-size:32px;\"><i class=\"porto-icon-earphones-alt\"><\/i><\/div><\/div><div class=\"porto-sicon-header\"><h3 class=\"porto-sicon-title\" style=\"\">Kontaktieren Sie mit uns<\/h3><p>+48 656 144 144<\/p><\/div> <!-- header --><div class=\"porto-sicon-description\" style=\"\">Pon. &#8211; Pt. : 7:00 &#8211; 15:00<\/div> <!-- description --><\/div><!-- porto-sicon-box --><div class=\"porto-separator\"><hr class=\"separator-line  vc_custom_1646227639957 wpb_content_element align_left\" style=\"background-image: -webkit-linear-gradient(left, #e7e7e7, transparent); background-image: linear-gradient(to right, #e7e7e7, transparent);\"><\/div><div class=\"porto-u-heading  wpb_custom_5c1fb82f649759d3dc17a9fbc1f4f0f9 porto-u-ad87e2eaf3f9c495180fe0156ddf3eb0\"><div class=\"porto-u-main-heading\"><h2  >Schau uns zu<\/h2><\/div><style>.porto-u-ad87e2eaf3f9c495180fe0156ddf3eb0.porto-u-heading{text-align:left}<\/style><\/div><div class=\"share-links wpb_custom_0b2c86e6f6eee43fd20ac8ea1bad73e6\">\t\t<a target=\"_blank\"  rel=\"nofollow noopener noreferrer\" class=\"share-facebook\" href=\"https:\/\/www.facebook.com\/Plastisol-transfercom-109016038376531\" aria-label=\"Facebook\" title=\"Facebook\" data-no-translation-aria-label=\"\" data-no-translation-title=\"\"><\/a>\r\n\t\t\t\t<a target=\"_blank\"  rel=\"nofollow noopener noreferrer\" class=\"share-twitter\" href=\"https:\/\/twitter.com\/plasttransfer\/\" aria-label=\"X\" title=\"X\" data-no-translation-aria-label=\"\" data-no-translation-title=\"\"><\/a>\r\n\t\t\t\t<a target=\"_blank\"  rel=\"nofollow noopener noreferrer\" class=\"share-youtube\" href=\"https:\/\/www.youtube.com\/channel\/UCpqei5sPu9FAcK14KifnZHA\" aria-label=\"Youtube\" title=\"Youtube\" data-no-translation-aria-label=\"\" data-no-translation-title=\"\"><\/a>\r\n\t\t\t\t<a target=\"_blank\"  rel=\"nofollow noopener noreferrer\" class=\"share-instagram\" href=\"https:\/\/www.instagram.com\/plastisol_transfer\/\" aria-label=\"Instagram\" title=\"Instagram\" data-no-translation-aria-label=\"\" data-no-translation-title=\"\"><\/a>\r\n\t\t\t\t<a target=\"_blank\"  rel=\"nofollow noopener noreferrer\" class=\"share-linkedin\" href=\"https:\/\/www.linkedin.com\/company\/plastisol-transfer-com\/\" aria-label=\"LinkedIn\" title=\"LinkedIn\" data-no-translation-aria-label=\"\" data-no-translation-title=\"\"><\/a>\r\n\t\t\t\t<a  rel=\"nofollow noopener noreferrer\" class=\"share-whatsapp\" style=\"display:none\" href=\"whatsapp:\/\/send?text=+48656144144\" data-action=\"share\/whatsapp\/share\" aria-label=\"WhatsApp\" title=\"WhatsApp\" data-no-translation=\"\" data-trp-gettext=\"\" data-no-translation-aria-label=\"\" data-no-translation-title=\"\">WhatsApp<\/a>\r\n\t\t<\/div><\/div><\/div><div class=\"vc_column_container col-md-10\"><div class=\"wpb_wrapper vc_column-inner\"><div class=\"vc_row wpb_row vc_inner row vc_custom_1646996450600 vc_row-has-fill vc_row-o-content-middle vc_row-flex\"><div class=\"vc_column_container col-md-12 vc_custom_1646994757349\"><div class=\"wpb_wrapper vc_column-inner\"><div class=\"porto-u-heading  wpb_custom_95aa9a11c17ad45cfabaf210d84ee7cc porto-u-ad87e2eaf3f9c495180fe0156ddf3eb0\"><div class=\"porto-u-main-heading\"><h2  >\u00dcber uns<\/h2><\/div><style>.porto-u-ad87e2eaf3f9c495180fe0156ddf3eb0.porto-u-heading{text-align:left}<\/style><\/div>\r\n\t<div class=\"wpb_text_column wpb_content_element vc_custom_1647345211841 wpb_custom_7c91d232724f73626cc933bd95b25ff0\" >\r\n\t\t<div class=\"wpb_wrapper\">\r\n\t\t\t<p>In<strong> Plastisol-Transfer.com<\/strong> wir setzen unsere Erfahrung in Kundenzufriedenheit um. Die Zufriedenheit unserer Kunden mit einer gut ausgef\u00fchrten Arbeit treibt uns an. Wir freuen uns auch \u00fcber die M\u00f6glichkeit, neue und erneuerte Auftr\u00e4ge f\u00fcr unsere Kunden zu erhalten. Dazu geh\u00f6ren Bestellungen f\u00fcr Marken wie Pepsi, Lays, Elf, Ikea, Amazon, BurgerKing, Lidl und viele andere. <strong>Wir m\u00f6chten, dass Sie sich in die Reihe unserer zufriedenen Kunden einreihen.<\/strong><\/p>\n<p><strong>Plastisol-Transfer hat \u00fcber 20 Jahre Erfahrung<\/strong> im Siebdruck und mehr als 10 Jahre in der Herstellung von Thermotransferdrucken. Im Laufe der Jahre haben wir nicht nur unsere Produkte perfektioniert, sondern vor allem gelernt, auf die Bed\u00fcrfnisse unserer Kunden einzugehen. Dies ist der Grund f\u00fcr die garantierte 24-Stunden-Lieferzeit f\u00fcr ONE-Transfers, die M\u00f6glichkeit eines Vorabtests vor der Bestellung der Druckauflage und Produkte, die h\u00f6chsten Qualit\u00e4tsanspr\u00fcchen gen\u00fcgen.<\/p>\n<p>Realizujemy zlecenia w systemie<strong> &#8222;all in one place&#8221;<\/strong> co oznacza, \u017ce wszystkie elementy procesu produkcyjnego realizowane s\u0105 przez nas. Pocz\u0105wszy od fachowego doradztwa, b\u0142yskawicznej wyceny, profesjonalnej realizacji zlecenia na szybkiej wysy\u0142ce ko\u0144cz\u0105c. Pozwala to mie\u0107 ca\u0142kowit\u0105 kontrol\u0119 nad procesem produkcyjnym co jest kluczowe dla skr\u00f3cenia procesu produkcji oraz zagwarantowania wcze\u015bniej ustalonych termin\u00f3w wysy\u0142ki. Nasz <strong>zaawansowany system planowania produkcji<\/strong> pozwala w czasie rzeczywistym monitorowa\u0107 post\u0119p w realizacji zlece\u0144, dzi\u0119ki czemu na wczesnym etapie jeste\u015bmy w stanie wykry\u0107 wszystkie anomalia mog\u0105ce wp\u0142yn\u0105\u0107 na czas i jako\u015b\u0107 produkcji.<\/p>\n<p>Nie ustajemy w systematycznym rozwijaniu <strong>nowoczesnego parku maszynowego<\/strong>. Dysponujemy kilkoma automatycznymi liniami produkcyjnymi, co pozwala w niezak\u0142\u00f3cony spos\u00f3b realizowa\u0107 zlecenia naszych klient\u00f3w, nawet w przypadku awarii jednej z nich. Zastosowanie najnowszych technologii oraz automatyzacja procesu produkcji pozwalaj\u0105 na optymalizacj\u0119 koszt\u00f3w, dzi\u0119ki czemu mo\u017cemy zaoferowa\u0107 jedne z najlepszych cen na rynku Europejskim.<\/p>\n<p><strong>W Plastisol-Transfer.com<\/strong> jeste\u015bmy odporni na cz\u0119ste ostatnio zachwiania \u0142a\u0144cuch\u00f3w dostaw skutkuj\u0105ce brakami podstawowych materia\u0142\u00f3w do produkcji. Nasze stany magazynowe materia\u0142\u00f3w eksploatacyjnych pozwalaj\u0105 na niezak\u0142\u00f3con\u0105 prace przez kilka miesi\u0119cy, gwarantuj\u0105 powtarzaln\u0105 jako\u015b\u0107 oraz stabilne ceny.<\/p>\n<p>Ka\u017cde zlecenie przed wysy\u0142ka przechodzi <strong>wnikliw\u0105 kontrol\u0119 jako\u015bci<\/strong> &#8211; nie tylko samych transfer\u00f3w, ale i parametr\u00f3w aplikacji. Zlecenia wybi\u00f3rczo poddawane s\u0105 kontroli odporno\u015bci na pranie. W zale\u017cno\u015bci od zam\u00f3wionego produktu oferujemy szeroki wyb\u00f3r proces\u00f3w po produkcyjnych u\u0142atwiaj\u0105cych p\u00f3\u017aniejsz\u0105 aplikacj\u0119, m. in. ploterowe lub laserowe ci\u0119cie arkuszy na u\u017cytki z wykorzystaniem optycznej rejestracji znacznik\u00f3w, dzi\u0119ki czemu ka\u017cdy u\u017cytek jest taki sam, co jest niezb\u0119dne przy precyzyjnej aplikacji. Jako jedyni na rynku oferujemy mo\u017cliwo\u015b\u0107 perforacji arkuszy papierowych dla \u0142atwego wydzierania wybranych transfer\u00f3w z arkusza.<\/p>\n<p>Przyk\u0142adamy dba\u0142o\u015b\u0107 do realizacji zlece\u0144 naszych klient\u00f3w, ale r\u00f3wnie\u017c w my\u015bl strategii zr\u00f3wnowa\u017conego rozwoju dbamy o zdrowie naszych pracownik\u00f3w oraz dok\u0142adamy wszelkich stara\u0144, aby nasza dzia\u0142alno\u015b\u0107 mia\u0142a minimalny negatywny wp\u0142yw na \u015brodowisko naturalne. Dlatego wszystkie \u015brodki chemiczne stosowane w procesie produkcji &#8211; pracuj\u0105 w zamkni\u0119tych obiegach, dzi\u0119ki czemu po przefiltrowaniu nadaj\u0105 si\u0119 do ponownego wykorzystania. Dzi\u0119ki w\u0142asnej fermie fotowoltaicznej <strong>ok 40% zu\u017cywanej energii elektrycznej pochodzi z odnawialnych \u017ar\u00f3de\u0142 energii<\/strong>. W perspektywie kolejnych lat udzia\u0142 energii elektrycznej pochodz\u0105cej z odnawialnych \u017ar\u00f3de\u0142 energii planujemy podnie\u015b\u0107 do poziomu 70%.<\/p>\n<p>Dbamy o bezpiecze\u0144stwa Pa\u0144stwa danych. Stosowane w naszej pracy systemy bazodanowe spe\u0142niaj\u0105 nast\u0119puj\u0105ce normy:<br \/>\n<strong>ISO\/IEC 27001, ISO\/IEC 27701, ISO\/IEC 27017, ISO\/IEC 27018, ISO 9001, ISO\/IEC 20000, SOC 2 Type II, GDPR, CCPA, TRUSTe Review<\/strong><\/p>\n<p><strong>Do\u0142\u0105cz do grona naszych zadowolonych klient\u00f3w. Zapraszamy.<\/strong><\/p>\n\r\n\t\t<\/div>\r\n\t<\/div>\r\n<\/div><\/div><\/div><\/div><\/div><\/div>\n<\/div>","protected":false},"excerpt":{"rendered":"Transfery plastizoloweONE STANDARD ELASTIC BLOCKER SPORT Tylko u naswysy\u0142ka nawet w 24h Skontaktuj si\u0119 z nami+48 656 144 144 Pon. - Pt. : 7:00 - 15:00 Obserwuj nas WhatsApp O nas W Plastisol-Transfer.com przekuwamy nasze do\u015bwiadczenie na zadowolenie klient\u00f3w. To w\u0142a\u015bnie rado\u015b\u0107 klient\u00f3w z dobrze zrealizowanych zlece\u0144 nap\u0119dza nas do dzia\u0142ania. My r\u00f3wnie\u017c z [...]","protected":false},"author":1,"featured_media":0,"parent":0,"menu_order":0,"comment_status":"closed","ping_status":"closed","template":"","meta":{"footnotes":""},"class_list":["post-2368","page","type-page","status-publish","hentry"],"yoast_head":"<!-- This site is optimized with the Yoast SEO plugin v27.4 - https:\/\/yoast.com\/product\/yoast-seo-wordpress\/ -->\n<title>O Nas - Plastisol-Transfer.com | Press Your Success<\/title>\n<meta name=\"robots\" content=\"index, follow, max-snippet:-1, max-image-preview:large, max-video-preview:-1\" \/>\n<link rel=\"canonical\" href=\"https:\/\/plastisol-transfer.com\/de\/o-nas\/\" \/>\n<meta property=\"og:locale\" content=\"de_DE\" \/>\n<meta property=\"og:type\" content=\"article\" \/>\n<meta property=\"og:title\" content=\"O Nas - Plastisol-Transfer.com | Press Your Success\" \/>\n<meta property=\"og:url\" content=\"https:\/\/plastisol-transfer.com\/de\/o-nas\/\" \/>\n<meta property=\"og:site_name\" content=\"Plastisol-Transfer.com | Press Your Success\" \/>\n<meta property=\"article:publisher\" content=\"https:\/\/www.facebook.com\/sitodrukowy\/\" \/>\n<meta property=\"article:modified_time\" content=\"2022-12-02T07:24:56+00:00\" \/>\n<meta name=\"twitter:card\" content=\"summary_large_image\" \/>\n<meta name=\"twitter:site\" content=\"@plasttransfer\" \/>\n<meta name=\"twitter:label1\" content=\"Gesch\u00e4tzte Lesezeit\" \/>\n\t<meta name=\"twitter:data1\" content=\"4\u00a0Minuten\" \/>\n<script type=\"application\/ld+json\" class=\"yoast-schema-graph\">{\"@context\":\"https:\\\/\\\/schema.org\",\"@graph\":[{\"@type\":\"WebPage\",\"@id\":\"https:\\\/\\\/plastisol-transfer.com\\\/o-nas\\\/\",\"url\":\"https:\\\/\\\/plastisol-transfer.com\\\/o-nas\\\/\",\"name\":\"O Nas - Plastisol-Transfer.com | Press Your Success\",\"isPartOf\":{\"@id\":\"https:\\\/\\\/plastisol-transfer.com\\\/#website\"},\"datePublished\":\"2021-02-26T08:26:34+00:00\",\"dateModified\":\"2022-12-02T07:24:56+00:00\",\"inLanguage\":\"de-DE\",\"potentialAction\":[{\"@type\":\"ReadAction\",\"target\":[\"https:\\\/\\\/plastisol-transfer.com\\\/o-nas\\\/\"]}]},{\"@type\":\"WebSite\",\"@id\":\"https:\\\/\\\/plastisol-transfer.com\\\/#website\",\"url\":\"https:\\\/\\\/plastisol-transfer.com\\\/\",\"name\":\"Plastisol-Transfer.com | Press Your Success\",\"description\":\"Nadruki termotransferowe\",\"publisher\":{\"@id\":\"https:\\\/\\\/plastisol-transfer.com\\\/#organization\"},\"potentialAction\":[{\"@type\":\"SearchAction\",\"target\":{\"@type\":\"EntryPoint\",\"urlTemplate\":\"https:\\\/\\\/plastisol-transfer.com\\\/?s={search_term_string}\"},\"query-input\":{\"@type\":\"PropertyValueSpecification\",\"valueRequired\":true,\"valueName\":\"search_term_string\"}}],\"inLanguage\":\"de-DE\"},{\"@type\":\"Organization\",\"@id\":\"https:\\\/\\\/plastisol-transfer.com\\\/#organization\",\"name\":\"Plastisol-Transfer.com | Press Your Success\",\"url\":\"https:\\\/\\\/plastisol-transfer.com\\\/\",\"logo\":{\"@type\":\"ImageObject\",\"inLanguage\":\"de-DE\",\"@id\":\"https:\\\/\\\/plastisol-transfer.com\\\/#\\\/schema\\\/logo\\\/image\\\/\",\"url\":\"https:\\\/\\\/plastisol-transfer.com\\\/wp-content\\\/uploads\\\/2022\\\/03\\\/logo_pt_new_color.png\",\"contentUrl\":\"https:\\\/\\\/plastisol-transfer.com\\\/wp-content\\\/uploads\\\/2022\\\/03\\\/logo_pt_new_color.png\",\"width\":499,\"height\":127,\"caption\":\"Plastisol-Transfer.com | Press Your Success\"},\"image\":{\"@id\":\"https:\\\/\\\/plastisol-transfer.com\\\/#\\\/schema\\\/logo\\\/image\\\/\"},\"sameAs\":[\"https:\\\/\\\/www.facebook.com\\\/sitodrukowy\\\/\",\"https:\\\/\\\/x.com\\\/plasttransfer\",\"https:\\\/\\\/www.instagram.com\\\/sitodrukowy.pl\\\/\",\"https:\\\/\\\/www.linkedin.com\\\/company\\\/plastisol-transfer-com\\\/\",\"https:\\\/\\\/www.youtube.com\\\/channel\\\/UC9EtwcqRPx7ntet0dB_hKAQ\\\/\"]}]}<\/script>\n<!-- \/ Yoast SEO plugin. -->","yoast_head_json":{"title":"O Nas - Plastisol-Transfer.com | Press Your Success","robots":{"index":"index","follow":"follow","max-snippet":"max-snippet:-1","max-image-preview":"max-image-preview:large","max-video-preview":"max-video-preview:-1"},"canonical":"https:\/\/plastisol-transfer.com\/de\/o-nas\/","og_locale":"de_DE","og_type":"article","og_title":"O Nas - Plastisol-Transfer.com | Press Your Success","og_url":"https:\/\/plastisol-transfer.com\/de\/o-nas\/","og_site_name":"Plastisol-Transfer.com | Press Your Success","article_publisher":"https:\/\/www.facebook.com\/sitodrukowy\/","article_modified_time":"2022-12-02T07:24:56+00:00","twitter_card":"summary_large_image","twitter_site":"@plasttransfer","twitter_misc":{"Gesch\u00e4tzte Lesezeit":"4\u00a0Minuten"},"schema":{"@context":"https:\/\/schema.org","@graph":[{"@type":"WebPage","@id":"https:\/\/plastisol-transfer.com\/o-nas\/","url":"https:\/\/plastisol-transfer.com\/o-nas\/","name":"O Nas - Plastisol-Transfer.com | Press Your Success","isPartOf":{"@id":"https:\/\/plastisol-transfer.com\/#website"},"datePublished":"2021-02-26T08:26:34+00:00","dateModified":"2022-12-02T07:24:56+00:00","inLanguage":"de-DE","potentialAction":[{"@type":"ReadAction","target":["https:\/\/plastisol-transfer.com\/o-nas\/"]}]},{"@type":"WebSite","@id":"https:\/\/plastisol-transfer.com\/#website","url":"https:\/\/plastisol-transfer.com\/","name":"Plastisol-Transfer.com | Press Your Success","description":"Nadruki termotransferowe","publisher":{"@id":"https:\/\/plastisol-transfer.com\/#organization"},"potentialAction":[{"@type":"SearchAction","target":{"@type":"EntryPoint","urlTemplate":"https:\/\/plastisol-transfer.com\/?s={search_term_string}"},"query-input":{"@type":"PropertyValueSpecification","valueRequired":true,"valueName":"search_term_string"}}],"inLanguage":"de-DE"},{"@type":"Organization","@id":"https:\/\/plastisol-transfer.com\/#organization","name":"Plastisol-Transfer.com | Press Your Success","url":"https:\/\/plastisol-transfer.com\/","logo":{"@type":"ImageObject","inLanguage":"de-DE","@id":"https:\/\/plastisol-transfer.com\/#\/schema\/logo\/image\/","url":"https:\/\/plastisol-transfer.com\/wp-content\/uploads\/2022\/03\/logo_pt_new_color.png","contentUrl":"https:\/\/plastisol-transfer.com\/wp-content\/uploads\/2022\/03\/logo_pt_new_color.png","width":499,"height":127,"caption":"Plastisol-Transfer.com | Press Your Success"},"image":{"@id":"https:\/\/plastisol-transfer.com\/#\/schema\/logo\/image\/"},"sameAs":["https:\/\/www.facebook.com\/sitodrukowy\/","https:\/\/x.com\/plasttransfer","https:\/\/www.instagram.com\/sitodrukowy.pl\/","https:\/\/www.linkedin.com\/company\/plastisol-transfer-com\/","https:\/\/www.youtube.com\/channel\/UC9EtwcqRPx7ntet0dB_hKAQ\/"]}]}},"_links":{"self":[{"href":"https:\/\/plastisol-transfer.com\/de\/wp-json\/wp\/v2\/pages\/2368","targetHints":{"allow":["GET"]}}],"collection":[{"href":"https:\/\/plastisol-transfer.com\/de\/wp-json\/wp\/v2\/pages"}],"about":[{"href":"https:\/\/plastisol-transfer.com\/de\/wp-json\/wp\/v2\/types\/page"}],"author":[{"embeddable":true,"href":"https:\/\/plastisol-transfer.com\/de\/wp-json\/wp\/v2\/users\/1"}],"replies":[{"embeddable":true,"href":"https:\/\/plastisol-transfer.com\/de\/wp-json\/wp\/v2\/comments?post=2368"}],"version-history":[{"count":0,"href":"https:\/\/plastisol-transfer.com\/de\/wp-json\/wp\/v2\/pages\/2368\/revisions"}],"wp:attachment":[{"href":"https:\/\/plastisol-transfer.com\/de\/wp-json\/wp\/v2\/media?parent=2368"}],"curies":[{"name":"wp","href":"https:\/\/api.w.org\/{rel}","templated":true}]}}